{"id":17991,"date":"2024-10-17T13:16:02","date_gmt":"2024-10-17T18:16:02","guid":{"rendered":"https:\/\/tfsweb.tamu.edu\/bosque-y-tierra\/manejo-de-vida-silvestre\/pajaro-carpintero-de-cresta-roja\/"},"modified":"2025-04-23T13:05:11","modified_gmt":"2025-04-23T19:05:11","slug":"pajaro-carpintero-de-cresta-roja","status":"publish","type":"page","link":"https:\/\/tfsweb.tamu.edu\/es\/bosque-y-tierra\/manejo-de-vida-silvestre\/pajaro-carpintero-de-cresta-roja\/","title":{"rendered":"P\u00e1jaro carpintero de cresta roja"},"content":{"rendered":"\n\n\n\n<header\n      data-tw-theme=\"tan-300\"      data-nc-component=\"flex-page-header\"\n            class=\"component-wrapper wysiwyg-embed \"\n    \n>\n  <div class=\"\n    full-bleed-outer\n        theme-any:bg-theme-bg-color\n    theme-any:text-theme-text-color\n         vertical-rhythm-standard theme-not-default:my-0 with-sidebar-up:theme-not-default:my-vertical-space with-sidebar-up-first:theme-not-default:mt-0 with-sidebar-up-last:theme-not-default:mb-0\n      \n    relative\n  \">\n\n    <div class=\"full-bleed-inner\">\n\n      \n            <div class=\"relative conditional-container theme-not-default:container\">\n\n        <div class=\"\n          flex flex-col space-y-8\n          \n          \n        \">\n          \n                      <div class=\"\">\n              <div class=\"\">  <div class=\"grid grid-cols-1 lg:grid-cols-2\">\n    <div class=\"relative flex items-center py-vertical-space-padding lg:[--vertical-space-padding:8rem]\">\n            <div class=\"relative space-y-6 lg:pr-12 lg:max-w-lg\">\n        <div>\n          \n\n  \n \n     \n     \n     \n     \n                    \n\n   \n\n  <h1 class=\"text-theme-heading-color [&#038;_a:not(.fancy-link)]:underline [&#038;_a:not(.fancy-link)]:text-theme-fancy-link-color hocus:[&#038;_a:not(.fancy-link)]:text-theme-fancy-link-hocus-color  font-normal font-display leading-[1.15] uppercase first-line:overline first-line:decoration-2 first-line:decoration-theme-accent-color text-4xl sm:text-size-5xl md:text-[calc(64rem\/16)]\" >P\u00e1jaro carpintero de cresta roja<\/h1>\n\n        <\/div>\n\n                  <div><div class=\"\n  prose md:prose-lg \n  max-w-[--prose-max-width]\n    \n\">\n  <p>El amenazado p\u00e1jaro carpintero de cresta roja (RCW), <em>Dryobates borealis,<\/em> es un peque\u00f1o p\u00e1jaro carpintero blanco y negro, aproximadamente del tama\u00f1o de un cardenal. Solo el macho tiene una marca roja, y esta es solo una raya corta a ambos lados de la cabeza por encima de la mejilla. La raya roja de las plumas es dif\u00edcil de ver en el campo.  <\/p>\n\n<\/div><\/div>\n              <\/div>\n    <\/div>\n\n          <div class=\"\n        print:hidden\n        descendants:w-full descendants:h-full [&#038;_img]:object-cover\n        -mx-container-offset lg:ml-0\n      \">\n        <picture><img loading=\"lazy\" decoding=\"async\" width=\"1024\" height=\"768\" src=\"https:\/\/tfsweb.tamu.edu\/wp-content\/uploads\/2025\/02\/rcw-on-Noxubee-USFWS-phot_Header-1024x768.jpg\" class=\"attachment-large size-large\" alt=\"El p\u00e1jaro carpintero de cresta roja se sostiene y se posa en un \u00e1rbol\" srcset=\"https:\/\/tfsweb.tamu.edu\/wp-content\/uploads\/2025\/02\/rcw-on-Noxubee-USFWS-phot_Header-1024x768.jpg 1024w, https:\/\/tfsweb.tamu.edu\/wp-content\/uploads\/2025\/02\/rcw-on-Noxubee-USFWS-phot_Header-300x225.jpg 300w, https:\/\/tfsweb.tamu.edu\/wp-content\/uploads\/2025\/02\/rcw-on-Noxubee-USFWS-phot_Header-768x576.jpg 768w, https:\/\/tfsweb.tamu.edu\/wp-content\/uploads\/2025\/02\/rcw-on-Noxubee-USFWS-phot_Header.jpg 1200w\" sizes=\"auto, (max-width: 1024px) 100vw, 1024px\" \/><\/picture>\n      <\/div>\n      <\/div>\n<\/div>\n            <\/div>\n          \n          \n        <\/div>\n      <\/div>\n    <\/div>\n  <\/div>\n<\/header>\n\n<h2 class=\"wp-block-heading\">H\u00e1bitat para dormideros y forrajeos<\/h2>\n\n<p>El p\u00e1jaro carpintero de cresta roja vive en bosques de pinos abiertos y maduros en todo el sureste de los EE. UU. Se diferencia de otros p\u00e1jaros carpinteros en que hace sus cavidades para posarse y anidar en pinos vivos. La mayor\u00eda de los otros p\u00e1jaros carpinteros construyen sus cavidades en \u00e1rboles muertos.   <\/p>\n\n<p>Los pinos m\u00e1s viejos preferidos por el RCW a menudo est\u00e1n infectados con un hongo llamado coraz\u00f3n rojo. Este hongo ablanda la madera en el centro del \u00e1rbol, lo que facilita que el RCW excave su cavidad. Los p\u00e1jaros carpinteros de cresta roja en el este de Texas pueden residir en bosques de pinos con pinos loblolly, de hoja corta, de hoja larga o de roza.    <\/p>\n\n<p>Los \u00e1rboles de cavidad RCW se caracterizan por una entrada de cavidad redonda de aproximadamente dos pulgadas de di\u00e1metro y numerosos \u00abpozos de resina\u00bb que rezuman savia. La resina que fluye por la cara de un \u00e1rbol de cavidad RCW desde los pozos y el orificio de entrada da la apariencia de una vela derretida. Esta barrera de resina ayuda a proteger el nido del principal depredador del RCW, la serpiente rata.    <\/p>\n\n<p>La corteza de los \u00e1rboles de cavidad RCW activos tambi\u00e9n puede tener una apariencia rojiza en parte del tronco debido a la descamaci\u00f3n de capas de la corteza. Los \u00e1rboles RCW abandonados tendr\u00edan resina gris seca y la corteza del \u00e1rbol y los pozos de resina tendr\u00edan su color marr\u00f3n gris\u00e1ceo normal. La entrada de la cavidad puede ser ampliada por otras especies de p\u00e1jaros carpinteros.    <\/p>\n\n<p>Los RCW requieren un h\u00e1bitat adecuado para la b\u00fasqueda de alimento o la recolecci\u00f3n de alimentos. Su dieta consiste principalmente en insectos, ara\u00f1as, ciempi\u00e9s y otros animales que se encuentran en, debajo y en la corteza de los \u00e1rboles. Tambi\u00e9n se sabe que comen bayas peque\u00f1as y semillas.    <\/p>\n\n<p>Un buen h\u00e1bitat de alimentaci\u00f3n consiste en grandes rodales con pinos de 10 pulgadas de di\u00e1metro o m\u00e1s. Los RCW ocasionalmente tambi\u00e9n se alimentan de maderas duras. Una buena cubierta vegetal herb\u00e1cea de pastos y hierbas es importante para la producci\u00f3n de insectos. El stand debe tener un car\u00e1cter abierto, similar al de un parque. Los rodales de forrajeo deben tener poca madera dura y pino en el medio del sotobosque y pocas maderas duras en el sotobosque.      <\/p>\n\n<div class=\"wp-block-media-text is-stacked-on-mobile\"><figure class=\"wp-block-media-text__media\"><img loading=\"lazy\" decoding=\"async\" width=\"600\" height=\"337\" src=\"https:\/\/tfsweb.tamu.edu\/wp-content\/uploads\/2025\/01\/resin-wells-on-tree-1.jpg\" alt=\"Pozos de resina vistos alrededor de la cavidad de un agujero de p\u00e1jaro carpintero con cresta roja\" class=\"wp-image-13815 size-full\" srcset=\"https:\/\/tfsweb.tamu.edu\/wp-content\/uploads\/2025\/01\/resin-wells-on-tree-1.jpg 600w, https:\/\/tfsweb.tamu.edu\/wp-content\/uploads\/2025\/01\/resin-wells-on-tree-1-300x169.jpg 300w\" sizes=\"auto, (max-width: 600px) 100vw, 600px\" \/><\/figure><div class=\"wp-block-media-text__content\">\n<p>Cavidad RCW en pino.<\/p>\n<\/div><\/div>\n\n<h2 class=\"wp-block-heading\">Vida familiar<\/h2>\n\n<p>Los p\u00e1jaros carpinteros de cresta roja no migran. Viven en grupos familiares, idealmente formados por una pareja apareada y uno o m\u00e1s ayudantes. Las aves ayudantes suelen ser cr\u00edas masculinas de temporadas de cr\u00eda anteriores.    <\/p>\n\n<p>Solo hay una pareja reproductora por grupo. Todos los miembros del grupo ayudan a construir cavidades, defender el territorio del grupo, incubar huevos y alimentar a las cr\u00edas.   <\/p>\n\n<p>La temporada de anidaci\u00f3n es de marzo a julio y la puesta de huevos generalmente ocurre en abril, mayo y, a veces, junio. La hembra pone sus huevos en el \u00e1rbol de descanso del macho reproductor. Luego, los huevos eclosionan en 10 a 12 d\u00edas. Despu\u00e9s de la eclosi\u00f3n, los polluelos permanecen en la cavidad durante unos 26 d\u00edas. Cuando los pichones abandonan el nido, permanecen con el grupo durante unos meses. M\u00e1s tarde, los juveniles pueden dispersarse a otras \u00e1reas. Un hombre puede permanecer en el grupo para convertirse en un ayudante.        <\/p>\n\n<p>El aprovechamiento de la madera es compatible con la gesti\u00f3n de RCW. Siempre que se cumplan y mantengan los requisitos b\u00e1sicos del h\u00e1bitat, la madera se puede cosechar en \u00e1reas con p\u00e1jaros carpinteros de cresta roja, excepto durante la temporada de anidaci\u00f3n. Son aceptables los m\u00e9todos que favorecen dejar una cantidad suficiente de los pinos m\u00e1s grandes y viejos, as\u00ed como la planificaci\u00f3n de un suministro continuo de pinos m\u00e1s viejos.    <\/p>\n\n<h2 class=\"wp-block-heading\">Distribuci\u00f3n<\/h2>\n\n<p>La mayor\u00eda de los RCW en Texas se encuentran en tierras del Bosque Nacional. Tambi\u00e9n se encuentran en tierras estatales, tierras de empresas de inversi\u00f3n y tierras privadas no industriales. Los cuatro Bosques Nacionales de Texas tienen p\u00e1jaros carpinteros de cresta roja que pueden ser vistos por el p\u00fablico. El <a href=\"https:\/\/tfsweb.tamu.edu\/es\/sobre-nosotros\/bosques-y-arboretum-estatales\/bosque-estatal-w-g-jones\/\" data-type=\"page\" data-id=\"14326\">Bosque Estatal W. G. Jones<\/a> al sur de Conroe y el <a href=\"https:\/\/tfsweb.tamu.edu\/es\/sobre-nosotros\/bosques-y-arboretum-estatales\/i-d-bosque-estatal-fairchild\/\" data-type=\"page\" data-id=\"8561\">Bosque Estatal I. D. Fairchild<\/a> entre Rusk y Palestine tambi\u00e9n tienen RCW.     <\/p>\n\n<p>Se sabe que los RCW ocurren en los condados de Angelina, Cherokee, Houston, Jasper, Montgomery, Newton, Polk, Sabine, San Augustine, San Jacinto, Trinity, Tyler y Walker.<\/p>\n\n<h2 class=\"wp-block-heading\">Administraci\u00f3n<\/h2>\n\n<p>Hay algunos propietarios de tierras forestales de grandes extensiones que tienen RCW en su propiedad. Sin embargo, es raro. El Servicio de Pesca y Vida Silvestre de EE. UU. ha proporcionado pautas de tierras privadas para el manejo de RCW, pero, a menos que ya los tenga en su propiedad o viva cerca de un grupo familiar de RCW y desee posiblemente atraerlos a su propiedad, no hay necesidad de preocuparse por tener que hacer un manejo intensivo para esta ave.    <\/p>\n\n<p>Obtenga m\u00e1s informaci\u00f3n sobre los m\u00e9todos de manejo para los p\u00e1jaros carpinteros de cresta roja en nuestras <a href=\"https:\/\/tfsweb.tamu.edu\/wp-content\/uploads\/2025\/01\/red_cockaded_woodpecker_mgmt.pdf\" target=\"_blank\" rel=\"noreferrer noopener\">pautas de manejo para el p\u00e1jaro carpintero de cresta roja<\/a>.  <\/p>\n\n<h2 class=\"wp-block-heading\">Programa Safe Harbor<\/h2>\n\n<p>Dado que la mayor\u00eda de las propiedades en el este de Texas son de propiedad privada, estas tierras pueden desempe\u00f1ar un papel importante en la recuperaci\u00f3n continua de esta ave especial. Si usted posee madera de pino en el este de Texas, y especialmente si la propiedad est\u00e1 cerca de uno de nuestros bosques nacionales, es posible que le interese el programa voluntario Safe Harbor.   <\/p>\n\n<div class=\"wp-block-buttons is-style-nc-fancy-link-group is-layout-flex wp-block-buttons-is-layout-flex\">\n<div class=\"wp-block-button\"><a class=\"wp-block-button__link wp-element-button\" href=\"https:\/\/tfsweb.tamu.edu\/wp-content\/uploads\/2025\/01\/RCW-HCP_Safe-Harbor-Fact-Sheet-UPDATE-2025.pdf\" target=\"_blank\" rel=\"noreferrer noopener\">Programa de Conservaci\u00f3n del H\u00e1bitat de Puerto Seguro del P\u00e1jaro Carpintero de la Escarapela Roja del Este de Texas<\/a><\/div>\n<\/div>\n","protected":false},"excerpt":{"rendered":"<p>H\u00e1bitat para dormideros y forrajeos El p\u00e1jaro carpintero de cresta roja vive en bosques de pinos abiertos y maduros en todo el sureste de los EE. UU. Se diferencia de otros p\u00e1jaros carpinteros en que hace sus cavidades para posarse y anidar en pinos vivos. La mayor\u00eda de los otros p\u00e1jaros carpinteros construyen sus cavidades [&hellip;]<\/p>\n","protected":false},"author":35,"featured_media":0,"parent":17989,"menu_order":1,"comment_status":"closed","ping_status":"closed","template":"","meta":{"_acf_changed":false,"_relevanssi_hide_post":"","_relevanssi_hide_content":"","_relevanssi_pin_for_all":"","_relevanssi_pin_keywords":"","_relevanssi_unpin_keywords":"","_relevanssi_related_keywords":"","_relevanssi_related_include_ids":"","_relevanssi_related_exclude_ids":"","_relevanssi_related_no_append":"","_relevanssi_related_not_related":"","_relevanssi_related_posts":"","_relevanssi_noindex_reason":"","footnotes":""},"categories":[188],"class_list":["post-17991","page","type-page","status-publish","hentry","category-manejo-de-vida-silvestre"],"acf":[],"yoast_head":"<!-- This site is optimized with the Yoast SEO plugin v26.7 - https:\/\/yoast.com\/wordpress\/plugins\/seo\/ -->\n<title>P\u00e1jaro carpintero de cresta roja - Servicio Forestal Texas A&amp;M<\/title>\n<meta name=\"robots\" content=\"index, follow, max-snippet:-1, max-image-preview:large, max-video-preview:-1\" \/>\n<link rel=\"canonical\" href=\"https:\/\/tfsweb.tamu.edu\/es\/bosque-y-tierra\/manejo-de-vida-silvestre\/pajaro-carpintero-de-cresta-roja\/\" \/>\n<meta property=\"og:locale\" content=\"es_ES\" \/>\n<meta property=\"og:type\" content=\"article\" \/>\n<meta property=\"og:title\" content=\"P\u00e1jaro carpintero de cresta roja - Servicio Forestal Texas A&amp;M\" \/>\n<meta property=\"og:description\" content=\"H\u00e1bitat para dormideros y forrajeos El p\u00e1jaro carpintero de cresta roja vive en bosques de pinos abiertos y maduros en todo el sureste de los EE. UU. Se diferencia de otros p\u00e1jaros carpinteros en que hace sus cavidades para posarse y anidar en pinos vivos. La mayor\u00eda de los otros p\u00e1jaros carpinteros construyen sus cavidades [&hellip;]\" \/>\n<meta property=\"og:url\" content=\"https:\/\/tfsweb.tamu.edu\/es\/bosque-y-tierra\/manejo-de-vida-silvestre\/pajaro-carpintero-de-cresta-roja\/\" \/>\n<meta property=\"og:site_name\" content=\"Servicio Forestal Texas A&amp;M\" \/>\n<meta property=\"article:modified_time\" content=\"2025-04-23T19:05:11+00:00\" \/>\n<meta property=\"og:image\" content=\"https:\/\/tfsweb.tamu.edu\/wp-content\/uploads\/2025\/01\/resin-wells-on-tree-1.jpg\" \/>\n<meta name=\"twitter:card\" content=\"summary_large_image\" \/>\n<meta name=\"twitter:label1\" content=\"Est. reading time\" \/>\n\t<meta name=\"twitter:data1\" content=\"5 minutos\" \/>\n<script type=\"application\/ld+json\" class=\"yoast-schema-graph\">{\"@context\":\"https:\/\/schema.org\",\"@graph\":[{\"@type\":\"WebPage\",\"@id\":\"https:\/\/tfsweb.tamu.edu\/es\/bosque-y-tierra\/manejo-de-vida-silvestre\/pajaro-carpintero-de-cresta-roja\/\",\"url\":\"https:\/\/tfsweb.tamu.edu\/es\/bosque-y-tierra\/manejo-de-vida-silvestre\/pajaro-carpintero-de-cresta-roja\/\",\"name\":\"P\u00e1jaro carpintero de cresta roja - Servicio Forestal Texas A&M\",\"isPartOf\":{\"@id\":\"https:\/\/tfsweb.tamu.edu\/#website\"},\"primaryImageOfPage\":{\"@id\":\"https:\/\/tfsweb.tamu.edu\/es\/bosque-y-tierra\/manejo-de-vida-silvestre\/pajaro-carpintero-de-cresta-roja\/#primaryimage\"},\"image\":{\"@id\":\"https:\/\/tfsweb.tamu.edu\/es\/bosque-y-tierra\/manejo-de-vida-silvestre\/pajaro-carpintero-de-cresta-roja\/#primaryimage\"},\"thumbnailUrl\":\"https:\/\/tfsweb.tamu.edu\/wp-content\/uploads\/2025\/01\/resin-wells-on-tree-1.jpg\",\"datePublished\":\"2024-10-17T18:16:02+00:00\",\"dateModified\":\"2025-04-23T19:05:11+00:00\",\"breadcrumb\":{\"@id\":\"https:\/\/tfsweb.tamu.edu\/es\/bosque-y-tierra\/manejo-de-vida-silvestre\/pajaro-carpintero-de-cresta-roja\/#breadcrumb\"},\"inLanguage\":\"es\",\"potentialAction\":[{\"@type\":\"ReadAction\",\"target\":[\"https:\/\/tfsweb.tamu.edu\/es\/bosque-y-tierra\/manejo-de-vida-silvestre\/pajaro-carpintero-de-cresta-roja\/\"]}]},{\"@type\":\"ImageObject\",\"inLanguage\":\"es\",\"@id\":\"https:\/\/tfsweb.tamu.edu\/es\/bosque-y-tierra\/manejo-de-vida-silvestre\/pajaro-carpintero-de-cresta-roja\/#primaryimage\",\"url\":\"https:\/\/tfsweb.tamu.edu\/wp-content\/uploads\/2025\/01\/resin-wells-on-tree-1.jpg\",\"contentUrl\":\"https:\/\/tfsweb.tamu.edu\/wp-content\/uploads\/2025\/01\/resin-wells-on-tree-1.jpg\"},{\"@type\":\"BreadcrumbList\",\"@id\":\"https:\/\/tfsweb.tamu.edu\/es\/bosque-y-tierra\/manejo-de-vida-silvestre\/pajaro-carpintero-de-cresta-roja\/#breadcrumb\",\"itemListElement\":[{\"@type\":\"ListItem\",\"position\":1,\"name\":\"Home\",\"item\":\"https:\/\/tfsweb.tamu.edu\/es\/pagina-principal\/\"},{\"@type\":\"ListItem\",\"position\":2,\"name\":\"Bosque y Tierra\",\"item\":\"https:\/\/tfsweb.tamu.edu\/es\/bosque-y-tierra\/\"},{\"@type\":\"ListItem\",\"position\":3,\"name\":\"Manejo de Vida Silvestre\",\"item\":\"https:\/\/tfsweb.tamu.edu\/es\/bosque-y-tierra\/manejo-de-vida-silvestre\/\"},{\"@type\":\"ListItem\",\"position\":4,\"name\":\"P\u00e1jaro carpintero de cresta roja\"}]},{\"@type\":\"WebSite\",\"@id\":\"https:\/\/tfsweb.tamu.edu\/#website\",\"url\":\"https:\/\/tfsweb.tamu.edu\/\",\"name\":\"Servicio Forestal Texas A&M\",\"description\":\"\",\"potentialAction\":[{\"@type\":\"SearchAction\",\"target\":{\"@type\":\"EntryPoint\",\"urlTemplate\":\"https:\/\/tfsweb.tamu.edu\/?s={search_term_string}\"},\"query-input\":{\"@type\":\"PropertyValueSpecification\",\"valueRequired\":true,\"valueName\":\"search_term_string\"}}],\"inLanguage\":\"es\"}]}<\/script>\n<!-- \/ Yoast SEO plugin. -->","yoast_head_json":{"title":"P\u00e1jaro carpintero de cresta roja - Servicio Forestal Texas A&M","robots":{"index":"index","follow":"follow","max-snippet":"max-snippet:-1","max-image-preview":"max-image-preview:large","max-video-preview":"max-video-preview:-1"},"canonical":"https:\/\/tfsweb.tamu.edu\/es\/bosque-y-tierra\/manejo-de-vida-silvestre\/pajaro-carpintero-de-cresta-roja\/","og_locale":"es_ES","og_type":"article","og_title":"P\u00e1jaro carpintero de cresta roja - Servicio Forestal Texas A&M","og_description":"H\u00e1bitat para dormideros y forrajeos El p\u00e1jaro carpintero de cresta roja vive en bosques de pinos abiertos y maduros en todo el sureste de los EE. UU. Se diferencia de otros p\u00e1jaros carpinteros en que hace sus cavidades para posarse y anidar en pinos vivos. La mayor\u00eda de los otros p\u00e1jaros carpinteros construyen sus cavidades [&hellip;]","og_url":"https:\/\/tfsweb.tamu.edu\/es\/bosque-y-tierra\/manejo-de-vida-silvestre\/pajaro-carpintero-de-cresta-roja\/","og_site_name":"Servicio Forestal Texas A&M","article_modified_time":"2025-04-23T19:05:11+00:00","og_image":[{"url":"https:\/\/tfsweb.tamu.edu\/wp-content\/uploads\/2025\/01\/resin-wells-on-tree-1.jpg","type":"","width":"","height":""}],"twitter_card":"summary_large_image","twitter_misc":{"Est. reading time":"5 minutos"},"schema":{"@context":"https:\/\/schema.org","@graph":[{"@type":"WebPage","@id":"https:\/\/tfsweb.tamu.edu\/es\/bosque-y-tierra\/manejo-de-vida-silvestre\/pajaro-carpintero-de-cresta-roja\/","url":"https:\/\/tfsweb.tamu.edu\/es\/bosque-y-tierra\/manejo-de-vida-silvestre\/pajaro-carpintero-de-cresta-roja\/","name":"P\u00e1jaro carpintero de cresta roja - Servicio Forestal Texas A&M","isPartOf":{"@id":"https:\/\/tfsweb.tamu.edu\/#website"},"primaryImageOfPage":{"@id":"https:\/\/tfsweb.tamu.edu\/es\/bosque-y-tierra\/manejo-de-vida-silvestre\/pajaro-carpintero-de-cresta-roja\/#primaryimage"},"image":{"@id":"https:\/\/tfsweb.tamu.edu\/es\/bosque-y-tierra\/manejo-de-vida-silvestre\/pajaro-carpintero-de-cresta-roja\/#primaryimage"},"thumbnailUrl":"https:\/\/tfsweb.tamu.edu\/wp-content\/uploads\/2025\/01\/resin-wells-on-tree-1.jpg","datePublished":"2024-10-17T18:16:02+00:00","dateModified":"2025-04-23T19:05:11+00:00","breadcrumb":{"@id":"https:\/\/tfsweb.tamu.edu\/es\/bosque-y-tierra\/manejo-de-vida-silvestre\/pajaro-carpintero-de-cresta-roja\/#breadcrumb"},"inLanguage":"es","potentialAction":[{"@type":"ReadAction","target":["https:\/\/tfsweb.tamu.edu\/es\/bosque-y-tierra\/manejo-de-vida-silvestre\/pajaro-carpintero-de-cresta-roja\/"]}]},{"@type":"ImageObject","inLanguage":"es","@id":"https:\/\/tfsweb.tamu.edu\/es\/bosque-y-tierra\/manejo-de-vida-silvestre\/pajaro-carpintero-de-cresta-roja\/#primaryimage","url":"https:\/\/tfsweb.tamu.edu\/wp-content\/uploads\/2025\/01\/resin-wells-on-tree-1.jpg","contentUrl":"https:\/\/tfsweb.tamu.edu\/wp-content\/uploads\/2025\/01\/resin-wells-on-tree-1.jpg"},{"@type":"BreadcrumbList","@id":"https:\/\/tfsweb.tamu.edu\/es\/bosque-y-tierra\/manejo-de-vida-silvestre\/pajaro-carpintero-de-cresta-roja\/#breadcrumb","itemListElement":[{"@type":"ListItem","position":1,"name":"Home","item":"https:\/\/tfsweb.tamu.edu\/es\/pagina-principal\/"},{"@type":"ListItem","position":2,"name":"Bosque y Tierra","item":"https:\/\/tfsweb.tamu.edu\/es\/bosque-y-tierra\/"},{"@type":"ListItem","position":3,"name":"Manejo de Vida Silvestre","item":"https:\/\/tfsweb.tamu.edu\/es\/bosque-y-tierra\/manejo-de-vida-silvestre\/"},{"@type":"ListItem","position":4,"name":"P\u00e1jaro carpintero de cresta roja"}]},{"@type":"WebSite","@id":"https:\/\/tfsweb.tamu.edu\/#website","url":"https:\/\/tfsweb.tamu.edu\/","name":"Servicio Forestal Texas A&M","description":"","potentialAction":[{"@type":"SearchAction","target":{"@type":"EntryPoint","urlTemplate":"https:\/\/tfsweb.tamu.edu\/?s={search_term_string}"},"query-input":{"@type":"PropertyValueSpecification","valueRequired":true,"valueName":"search_term_string"}}],"inLanguage":"es"}]}},"_links":{"self":[{"href":"https:\/\/tfsweb.tamu.edu\/es\/wp-json\/wp\/v2\/pages\/17991","targetHints":{"allow":["GET"]}}],"collection":[{"href":"https:\/\/tfsweb.tamu.edu\/es\/wp-json\/wp\/v2\/pages"}],"about":[{"href":"https:\/\/tfsweb.tamu.edu\/es\/wp-json\/wp\/v2\/types\/page"}],"author":[{"embeddable":true,"href":"https:\/\/tfsweb.tamu.edu\/es\/wp-json\/wp\/v2\/users\/35"}],"replies":[{"embeddable":true,"href":"https:\/\/tfsweb.tamu.edu\/es\/wp-json\/wp\/v2\/comments?post=17991"}],"version-history":[{"count":0,"href":"https:\/\/tfsweb.tamu.edu\/es\/wp-json\/wp\/v2\/pages\/17991\/revisions"}],"up":[{"embeddable":true,"href":"https:\/\/tfsweb.tamu.edu\/es\/wp-json\/wp\/v2\/pages\/17989"}],"wp:attachment":[{"href":"https:\/\/tfsweb.tamu.edu\/es\/wp-json\/wp\/v2\/media?parent=17991"}],"wp:term":[{"taxonomy":"category","embeddable":true,"href":"https:\/\/tfsweb.tamu.edu\/es\/wp-json\/wp\/v2\/categories?post=17991"}],"curies":[{"name":"wp","href":"https:\/\/api.w.org\/{rel}","templated":true}]}}