{"id":18064,"date":"2024-09-04T15:50:02","date_gmt":"2024-09-04T20:50:02","guid":{"rendered":"https:\/\/tfsweb.tamu.edu\/tree-care\/salud-de-los-arboles\/insectos\/saltamontes\/"},"modified":"2025-04-23T13:02:33","modified_gmt":"2025-04-23T19:02:33","slug":"saltamontes","status":"publish","type":"page","link":"https:\/\/tfsweb.tamu.edu\/es\/tree-care\/salud-de-los-arboles\/insectos\/saltamontes\/","title":{"rendered":"Saltamontes"},"content":{"rendered":"\n\n\n\n<header\n      data-tw-theme=\"tan-300\"      data-nc-component=\"flex-page-header\"\n            class=\"component-wrapper wysiwyg-embed \"\n    \n>\n  <div class=\"\n    full-bleed-outer\n        theme-any:bg-theme-bg-color\n    theme-any:text-theme-text-color\n         vertical-rhythm-standard theme-not-default:my-0 with-sidebar-up:theme-not-default:my-vertical-space with-sidebar-up-first:theme-not-default:mt-0 with-sidebar-up-last:theme-not-default:mb-0\n      \n    relative\n  \">\n\n    <div class=\"full-bleed-inner\">\n\n      \n            <div class=\"relative conditional-container theme-not-default:container\">\n\n        <div class=\"\n          flex flex-col space-y-8\n          \n          \n        \">\n          \n                      <div class=\"\">\n              <div class=\"\">  <div class=\"grid grid-cols-1 lg:grid-cols-2\">\n    <div class=\"relative flex items-center py-vertical-space-padding lg:[--vertical-space-padding:8rem]\">\n            <div class=\"relative space-y-6 lg:pr-12 lg:max-w-lg\">\n        <div>\n          \n\n  \n \n     \n     \n     \n     \n                    \n\n   \n\n  <h1 class=\"text-theme-heading-color [&#038;_a:not(.fancy-link)]:underline [&#038;_a:not(.fancy-link)]:text-theme-fancy-link-color hocus:[&#038;_a:not(.fancy-link)]:text-theme-fancy-link-hocus-color  font-normal font-display leading-[1.15] uppercase first-line:overline first-line:decoration-2 first-line:decoration-theme-accent-color text-4xl sm:text-size-5xl md:text-[calc(64rem\/16)]\" >Saltamontes<\/h1>\n\n        <\/div>\n\n              <\/div>\n    <\/div>\n\n          <div class=\"\n        print:hidden\n        descendants:w-full descendants:h-full [&#038;_img]:object-cover\n        -mx-container-offset lg:ml-0\n      \">\n        <picture><img loading=\"lazy\" decoding=\"async\" width=\"907\" height=\"680\" src=\"https:\/\/tfsweb.tamu.edu\/wp-content\/uploads\/2025\/03\/Katydid_header.jpg\" class=\"attachment-large size-large\" alt=\"Primer plano de katydid en una hoja\" srcset=\"https:\/\/tfsweb.tamu.edu\/wp-content\/uploads\/2025\/03\/Katydid_header.jpg 907w, https:\/\/tfsweb.tamu.edu\/wp-content\/uploads\/2025\/03\/Katydid_header-300x225.jpg 300w, https:\/\/tfsweb.tamu.edu\/wp-content\/uploads\/2025\/03\/Katydid_header-768x576.jpg 768w\" sizes=\"auto, (max-width: 907px) 100vw, 907px\" \/><\/picture>\n      <\/div>\n      <\/div>\n<\/div>\n            <\/div>\n          \n          \n        <\/div>\n      <\/div>\n    <\/div>\n  <\/div>\n<\/header>\n\n<p>Los saltamontes son miembros del orden Orthoptera, que incluye a los saltamontes, grillos y otras especies de saltamontes. Son una forma de saltamontes de cuernos largos (familia Tettigoniidae).   <\/p>\n\n<p>Los saltamontes reciben su nombre del sonido que hacen los machos cuando frotan sus alas. El canto del saltamontes macho, una forma de comunicaci\u00f3n entre insectos, es un sonido familiar en las c\u00e1lidas noches de verano. Las hembras no emiten sonidos.    <\/p>\n\n<p>Conocido como la causa de un gran evento de defoliaci\u00f3n en 2001 en el condado de Lee, Texas, el saltamontes verdadero truncado<em>, Paracyrtophyllus robustus<\/em>, es de color marr\u00f3n y se camufla como hojas muertas.  <\/p>\n\n<p>El saltamontes del norte, <em>Pterophylla carnellifolia<\/em>, se encuentra m\u00e1s com\u00fanmente en Texas y otros estados del sur y el este, pero los adultos son verdes, en lugar de marrones.  <\/p>\n\n<h2 class=\"wp-block-heading\">Ciclo de vida  <\/h2>\n\n<p>Los saltamontes inmaduros, o ninfas, se parecen a los saltamontes adultos menos que la presencia de alas completamente desarrolladas.  <\/p>\n\n<p>Las hembras de saltamontes son f\u00e1cilmente reconocibles por el ovipositor curvo en forma de espada en el abdomen, que se usa para poner huevos debajo de la corteza de los \u00e1rboles. Los huevos se ponen debajo de la corteza de una variedad de \u00e1rboles de madera dura, aunque la corteza densa y dura como la que se encuentra en los robles de poste puede inhibir la oviposici\u00f3n.   <\/p>\n\n<h2 class=\"wp-block-heading\">Impacto  <\/h2>\n\n<p>Los saltamontes no suelen ser un gran problema, pero las condiciones ambientales a veces pueden provocar brotes a gran escala.  <\/p>\n\n<p>Grandes poblaciones de insectos que se alimentan del follaje, particularmente saltamontes, a menudo emergen despu\u00e9s de a\u00f1os sucesivos de sequ\u00eda. Los brotes de saltamontes suelen ser de corta duraci\u00f3n y las poblaciones disminuyen r\u00e1pidamente debido a causas naturales. Los \u00e1rboles defoliados suelen recuperarse con pocos efectos adversos.    <\/p>\n\n<h2 class=\"wp-block-heading\">Control  <\/h2>\n\n<p>Aunque hay varios insecticidas disponibles para matar saltamontes y saltamontes, se requieren numerosas aplicaciones para asegurar el control, y tales tratamientos de mano dura rara vez se justifican. No se recomienda el control de estos insectos con insecticidas.   <\/p>\n","protected":false},"excerpt":{"rendered":"<p>Los saltamontes son miembros del orden Orthoptera, que incluye a los saltamontes, grillos y otras especies de saltamontes. Son una forma de saltamontes de cuernos largos (familia Tettigoniidae). Los saltamontes reciben su nombre del sonido que hacen los machos cuando frotan sus alas. El canto del saltamontes macho, una forma de comunicaci\u00f3n entre insectos, es [&hellip;]<\/p>\n","protected":false},"author":9,"featured_media":0,"parent":18058,"menu_order":2,"comment_status":"closed","ping_status":"closed","template":"","meta":{"_acf_changed":false,"_relevanssi_hide_post":"","_relevanssi_hide_content":"","_relevanssi_pin_for_all":"","_relevanssi_pin_keywords":"","_relevanssi_unpin_keywords":"","_relevanssi_related_keywords":"","_relevanssi_related_include_ids":"","_relevanssi_related_exclude_ids":"","_relevanssi_related_no_append":"","_relevanssi_related_not_related":"","_relevanssi_related_posts":"","_relevanssi_noindex_reason":"","footnotes":""},"categories":[123],"class_list":["post-18064","page","type-page","status-publish","hentry","category-insectos-y-enfermedades"],"acf":[],"yoast_head":"<!-- This site is optimized with the Yoast SEO plugin v26.7 - https:\/\/yoast.com\/wordpress\/plugins\/seo\/ -->\n<title>Saltamontes - Servicio Forestal Texas A&amp;M<\/title>\n<meta name=\"robots\" content=\"index, follow, max-snippet:-1, max-image-preview:large, max-video-preview:-1\" \/>\n<link rel=\"canonical\" href=\"https:\/\/tfsweb.tamu.edu\/es\/tree-care\/salud-de-los-arboles\/insectos\/saltamontes\/\" \/>\n<meta property=\"og:locale\" content=\"es_ES\" \/>\n<meta property=\"og:type\" content=\"article\" \/>\n<meta property=\"og:title\" content=\"Saltamontes - Servicio Forestal Texas A&amp;M\" \/>\n<meta property=\"og:description\" content=\"Los saltamontes son miembros del orden Orthoptera, que incluye a los saltamontes, grillos y otras especies de saltamontes. Son una forma de saltamontes de cuernos largos (familia Tettigoniidae). Los saltamontes reciben su nombre del sonido que hacen los machos cuando frotan sus alas. El canto del saltamontes macho, una forma de comunicaci\u00f3n entre insectos, es [&hellip;]\" \/>\n<meta property=\"og:url\" content=\"https:\/\/tfsweb.tamu.edu\/es\/tree-care\/salud-de-los-arboles\/insectos\/saltamontes\/\" \/>\n<meta property=\"og:site_name\" content=\"Servicio Forestal Texas A&amp;M\" \/>\n<meta property=\"article:modified_time\" content=\"2025-04-23T19:02:33+00:00\" \/>\n<meta name=\"twitter:card\" content=\"summary_large_image\" \/>\n<meta name=\"twitter:label1\" content=\"Est. reading time\" \/>\n\t<meta name=\"twitter:data1\" content=\"2 minutos\" \/>\n<script type=\"application\/ld+json\" class=\"yoast-schema-graph\">{\"@context\":\"https:\/\/schema.org\",\"@graph\":[{\"@type\":\"WebPage\",\"@id\":\"https:\/\/tfsweb.tamu.edu\/es\/tree-care\/salud-de-los-arboles\/insectos\/saltamontes\/\",\"url\":\"https:\/\/tfsweb.tamu.edu\/es\/tree-care\/salud-de-los-arboles\/insectos\/saltamontes\/\",\"name\":\"Saltamontes - Servicio Forestal Texas A&M\",\"isPartOf\":{\"@id\":\"https:\/\/tfsweb.tamu.edu\/#website\"},\"datePublished\":\"2024-09-04T20:50:02+00:00\",\"dateModified\":\"2025-04-23T19:02:33+00:00\",\"breadcrumb\":{\"@id\":\"https:\/\/tfsweb.tamu.edu\/es\/tree-care\/salud-de-los-arboles\/insectos\/saltamontes\/#breadcrumb\"},\"inLanguage\":\"es\",\"potentialAction\":[{\"@type\":\"ReadAction\",\"target\":[\"https:\/\/tfsweb.tamu.edu\/es\/tree-care\/salud-de-los-arboles\/insectos\/saltamontes\/\"]}]},{\"@type\":\"BreadcrumbList\",\"@id\":\"https:\/\/tfsweb.tamu.edu\/es\/tree-care\/salud-de-los-arboles\/insectos\/saltamontes\/#breadcrumb\",\"itemListElement\":[{\"@type\":\"ListItem\",\"position\":1,\"name\":\"Home\",\"item\":\"https:\/\/tfsweb.tamu.edu\/es\/pagina-principal\/\"},{\"@type\":\"ListItem\",\"position\":2,\"name\":\"\u00c1rboles\",\"item\":\"https:\/\/tfsweb.tamu.edu\/es\/tree-care\/\"},{\"@type\":\"ListItem\",\"position\":3,\"name\":\"Salud de los \u00e1rboles\",\"item\":\"https:\/\/tfsweb.tamu.edu\/es\/tree-care\/salud-de-los-arboles\/\"},{\"@type\":\"ListItem\",\"position\":4,\"name\":\"Insectos\",\"item\":\"https:\/\/tfsweb.tamu.edu\/es\/tree-care\/salud-de-los-arboles\/insectos\/\"},{\"@type\":\"ListItem\",\"position\":5,\"name\":\"Saltamontes\"}]},{\"@type\":\"WebSite\",\"@id\":\"https:\/\/tfsweb.tamu.edu\/#website\",\"url\":\"https:\/\/tfsweb.tamu.edu\/\",\"name\":\"Servicio Forestal Texas A&M\",\"description\":\"\",\"potentialAction\":[{\"@type\":\"SearchAction\",\"target\":{\"@type\":\"EntryPoint\",\"urlTemplate\":\"https:\/\/tfsweb.tamu.edu\/?s={search_term_string}\"},\"query-input\":{\"@type\":\"PropertyValueSpecification\",\"valueRequired\":true,\"valueName\":\"search_term_string\"}}],\"inLanguage\":\"es\"}]}<\/script>\n<!-- \/ Yoast SEO plugin. -->","yoast_head_json":{"title":"Saltamontes - Servicio Forestal Texas A&M","robots":{"index":"index","follow":"follow","max-snippet":"max-snippet:-1","max-image-preview":"max-image-preview:large","max-video-preview":"max-video-preview:-1"},"canonical":"https:\/\/tfsweb.tamu.edu\/es\/tree-care\/salud-de-los-arboles\/insectos\/saltamontes\/","og_locale":"es_ES","og_type":"article","og_title":"Saltamontes - Servicio Forestal Texas A&M","og_description":"Los saltamontes son miembros del orden Orthoptera, que incluye a los saltamontes, grillos y otras especies de saltamontes. Son una forma de saltamontes de cuernos largos (familia Tettigoniidae). Los saltamontes reciben su nombre del sonido que hacen los machos cuando frotan sus alas. El canto del saltamontes macho, una forma de comunicaci\u00f3n entre insectos, es [&hellip;]","og_url":"https:\/\/tfsweb.tamu.edu\/es\/tree-care\/salud-de-los-arboles\/insectos\/saltamontes\/","og_site_name":"Servicio Forestal Texas A&M","article_modified_time":"2025-04-23T19:02:33+00:00","twitter_card":"summary_large_image","twitter_misc":{"Est. reading time":"2 minutos"},"schema":{"@context":"https:\/\/schema.org","@graph":[{"@type":"WebPage","@id":"https:\/\/tfsweb.tamu.edu\/es\/tree-care\/salud-de-los-arboles\/insectos\/saltamontes\/","url":"https:\/\/tfsweb.tamu.edu\/es\/tree-care\/salud-de-los-arboles\/insectos\/saltamontes\/","name":"Saltamontes - Servicio Forestal Texas A&M","isPartOf":{"@id":"https:\/\/tfsweb.tamu.edu\/#website"},"datePublished":"2024-09-04T20:50:02+00:00","dateModified":"2025-04-23T19:02:33+00:00","breadcrumb":{"@id":"https:\/\/tfsweb.tamu.edu\/es\/tree-care\/salud-de-los-arboles\/insectos\/saltamontes\/#breadcrumb"},"inLanguage":"es","potentialAction":[{"@type":"ReadAction","target":["https:\/\/tfsweb.tamu.edu\/es\/tree-care\/salud-de-los-arboles\/insectos\/saltamontes\/"]}]},{"@type":"BreadcrumbList","@id":"https:\/\/tfsweb.tamu.edu\/es\/tree-care\/salud-de-los-arboles\/insectos\/saltamontes\/#breadcrumb","itemListElement":[{"@type":"ListItem","position":1,"name":"Home","item":"https:\/\/tfsweb.tamu.edu\/es\/pagina-principal\/"},{"@type":"ListItem","position":2,"name":"\u00c1rboles","item":"https:\/\/tfsweb.tamu.edu\/es\/tree-care\/"},{"@type":"ListItem","position":3,"name":"Salud de los \u00e1rboles","item":"https:\/\/tfsweb.tamu.edu\/es\/tree-care\/salud-de-los-arboles\/"},{"@type":"ListItem","position":4,"name":"Insectos","item":"https:\/\/tfsweb.tamu.edu\/es\/tree-care\/salud-de-los-arboles\/insectos\/"},{"@type":"ListItem","position":5,"name":"Saltamontes"}]},{"@type":"WebSite","@id":"https:\/\/tfsweb.tamu.edu\/#website","url":"https:\/\/tfsweb.tamu.edu\/","name":"Servicio Forestal Texas A&M","description":"","potentialAction":[{"@type":"SearchAction","target":{"@type":"EntryPoint","urlTemplate":"https:\/\/tfsweb.tamu.edu\/?s={search_term_string}"},"query-input":{"@type":"PropertyValueSpecification","valueRequired":true,"valueName":"search_term_string"}}],"inLanguage":"es"}]}},"_links":{"self":[{"href":"https:\/\/tfsweb.tamu.edu\/es\/wp-json\/wp\/v2\/pages\/18064","targetHints":{"allow":["GET"]}}],"collection":[{"href":"https:\/\/tfsweb.tamu.edu\/es\/wp-json\/wp\/v2\/pages"}],"about":[{"href":"https:\/\/tfsweb.tamu.edu\/es\/wp-json\/wp\/v2\/types\/page"}],"author":[{"embeddable":true,"href":"https:\/\/tfsweb.tamu.edu\/es\/wp-json\/wp\/v2\/users\/9"}],"replies":[{"embeddable":true,"href":"https:\/\/tfsweb.tamu.edu\/es\/wp-json\/wp\/v2\/comments?post=18064"}],"version-history":[{"count":0,"href":"https:\/\/tfsweb.tamu.edu\/es\/wp-json\/wp\/v2\/pages\/18064\/revisions"}],"up":[{"embeddable":true,"href":"https:\/\/tfsweb.tamu.edu\/es\/wp-json\/wp\/v2\/pages\/18058"}],"wp:attachment":[{"href":"https:\/\/tfsweb.tamu.edu\/es\/wp-json\/wp\/v2\/media?parent=18064"}],"wp:term":[{"taxonomy":"category","embeddable":true,"href":"https:\/\/tfsweb.tamu.edu\/es\/wp-json\/wp\/v2\/categories?post=18064"}],"curies":[{"name":"wp","href":"https:\/\/api.w.org\/{rel}","templated":true}]}}