{"id":18087,"date":"2024-10-09T08:35:02","date_gmt":"2024-10-09T13:35:02","guid":{"rendered":"https:\/\/tfsweb.tamu.edu\/arboles-y-desastres-naturales\/los-arboles-y-la-sequia\/"},"modified":"2025-04-23T13:03:12","modified_gmt":"2025-04-23T19:03:12","slug":"los-arboles-y-la-sequia","status":"publish","type":"page","link":"https:\/\/tfsweb.tamu.edu\/es\/tree-care\/cuidado-de-los-arboles\/arboles-y-desastres-naturales\/los-arboles-y-la-sequia\/","title":{"rendered":"Los \u00e1rboles y la sequ\u00eda"},"content":{"rendered":"\n\n\n\n<header\n      data-tw-theme=\"tan-300\"      data-nc-component=\"flex-page-header\"\n            class=\"component-wrapper wysiwyg-embed \"\n    \n>\n  <div class=\"\n    full-bleed-outer\n        theme-any:bg-theme-bg-color\n    theme-any:text-theme-text-color\n         vertical-rhythm-standard theme-not-default:my-0 with-sidebar-up:theme-not-default:my-vertical-space with-sidebar-up-first:theme-not-default:mt-0 with-sidebar-up-last:theme-not-default:mb-0\n      \n    relative\n  \">\n\n    <div class=\"full-bleed-inner\">\n\n      \n            <div class=\"relative conditional-container theme-not-default:container\">\n\n        <div class=\"\n          flex flex-col space-y-8\n          \n          \n        \">\n          \n                      <div class=\"\">\n              <div class=\"\">  <div class=\"grid grid-cols-1 lg:grid-cols-2\">\n    <div class=\"relative flex items-center py-vertical-space-padding lg:[--vertical-space-padding:8rem]\">\n            <div class=\"relative space-y-6 lg:pr-12 lg:max-w-lg\">\n        <div>\n          \n\n  \n \n     \n     \n     \n     \n                    \n\n   \n\n  <h1 class=\"text-theme-heading-color [&#038;_a:not(.fancy-link)]:underline [&#038;_a:not(.fancy-link)]:text-theme-fancy-link-color hocus:[&#038;_a:not(.fancy-link)]:text-theme-fancy-link-hocus-color  font-normal font-display leading-[1.15] uppercase first-line:overline first-line:decoration-2 first-line:decoration-theme-accent-color text-4xl sm:text-size-5xl md:text-[calc(64rem\/16)]\" >Los \u00e1rboles y la sequ\u00eda<\/h1>\n\n        <\/div>\n\n              <\/div>\n    <\/div>\n\n          <div class=\"\n        print:hidden\n        descendants:w-full descendants:h-full [&#038;_img]:object-cover\n        -mx-container-offset lg:ml-0\n      \">\n        <picture><img loading=\"lazy\" decoding=\"async\" width=\"1024\" height=\"768\" src=\"https:\/\/tfsweb.tamu.edu\/wp-content\/uploads\/2025\/04\/watering-tree-1024x768.jpg\" class=\"attachment-large size-large\" alt=\"Un \u00e1rbol est\u00e1 siendo regado durante una sequ\u00eda usando una manguera de remojo\" srcset=\"https:\/\/tfsweb.tamu.edu\/wp-content\/uploads\/2025\/04\/watering-tree-1024x768.jpg 1024w, https:\/\/tfsweb.tamu.edu\/wp-content\/uploads\/2025\/04\/watering-tree-300x225.jpg 300w, https:\/\/tfsweb.tamu.edu\/wp-content\/uploads\/2025\/04\/watering-tree-768x576.jpg 768w, https:\/\/tfsweb.tamu.edu\/wp-content\/uploads\/2025\/04\/watering-tree.jpg 1200w\" sizes=\"auto, (max-width: 1024px) 100vw, 1024px\" \/><\/picture>\n      <\/div>\n      <\/div>\n<\/div>\n            <\/div>\n          \n          \n        <\/div>\n      <\/div>\n    <\/div>\n  <\/div>\n<\/header>\n\n\n\n\n\n<section\n      data-tw-theme=\"default\"      data-nc-component=\"teaser-group\"\n            class=\"component-wrapper wysiwyg-embed \"\n    \n>\n  <div class=\"\n    full-bleed-outer\n        theme-any:bg-theme-bg-color\n    theme-any:text-theme-text-color\n         vertical-rhythm-standard theme-not-default:my-0 with-sidebar-up:theme-not-default:my-vertical-space with-sidebar-up-first:theme-not-default:mt-0 with-sidebar-up-last:theme-not-default:mb-0\n     theme-not-default:py-vertical-space\n    relative\n  \">\n\n    <div class=\"full-bleed-inner\">\n\n      \n            <div class=\"relative conditional-container theme-not-default:container\">\n\n        <div class=\"\n          flex flex-col space-y-8\n          \n          \n        \">\n                      <div class=\"flex flex-col space-y-8\">\n              \n                              <div class=\"\n                  \n                  \n                \">\n                  <div class=\"\n  prose md:prose-lg \n  max-w-[--prose-max-width]\n    \n\">\n  <p>La sequ\u00eda se define por una duraci\u00f3n relativamente larga con precipitaciones sustancialmente por debajo de lo normal, que generalmente ocurren en un \u00e1rea grande, y Texas no es ajeno a la sequ\u00eda.<\/p>\n<p>Seg\u00fan el Monitor de Sequ\u00eda de EE. UU., durante la sequ\u00eda de 2011, m\u00e1s del 80% de Texas experiment\u00f3 condiciones de sequ\u00eda excepcionales. Esta sequ\u00eda mat\u00f3 a unos 300 millones de \u00e1rboles, de los cuales 5,6 millones eran \u00e1rboles de sombra urbanos. <\/p>\n<p>M\u00e1s recientemente, durante la sequ\u00eda de 2022, m\u00e1s del 70% del estado experiment\u00f3 condiciones de sequ\u00eda identificadas como extremas o excepcionales. Saber c\u00f3mo cuidar adecuadamente los \u00e1rboles, tanto durante como despu\u00e9s de una sequ\u00eda, es crucial para su supervivencia a largo plazo. <\/p>\n\n<\/div>                <\/div>\n              \n              \n                          <\/div>\n          \n                      <div class=\"\">\n              <div class=\"mt-4\">      <ul role=\"list\" class=\"grid gap-y-6 gap-x-7 lg:grid-cols-2\">\n              <li\n          data-tw-theme=\"gray-50\"\n          class=\"relative h-full\"\n        >\n          <div class=\"\n            h-full border-t-6 border-transparent\n            can-hover:has-[a:hover]:border-theme-fancy-link-decoration-color\n            has-[a:focus-visible]:border-theme-fancy-link-decoration-color\n            transition-colors\n          \">\n            <div class=\"h-full shadow grid grid-cols-1 lg-xs:grid-cols-10\">\n              <div class=\"\n                lg-xs:col-span-7 py-6 px-4 sm:px-6 xl:px-10 xl:py-8 space-y-4\n                bg-theme-bg-color text-theme-text-color\n              \">\n                <div>\n                                    \n\n  \n \n     \n     \n     \n     \n                    \n\n   \n\n  <h2 class=\"text-theme-heading-color [&#038;_a:not(.fancy-link)]:underline [&#038;_a:not(.fancy-link)]:text-theme-fancy-link-color hocus:[&#038;_a:not(.fancy-link)]:text-theme-fancy-link-hocus-color [&#038;_a:not(.fancy-link)]:leading-[1.2]  font-normal font-display leading-[1.15] text-lg sm:text-size-xl md:text-[calc(24rem\/16)]\" >                    <a href=\"https:\/\/tfsweb.tamu.edu\/trees\/tree-care\/trees-and-natural-disasters\/trees-and-drought\/effects-of-drought-on-trees\/\">Efectos de la sequ\u00eda en los \u00e1rboles<\/a>\n                  <\/h2>\n\n                <\/div>\n\n                                  <div><div class=\"\n  prose md:prose-lg \n  max-w-[--prose-max-width]\n    \n\">\n  <p>La sequ\u00eda severa tiene impactos a largo plazo en los \u00e1rboles. El estr\u00e9s puede persistir durante a\u00f1os, mucho despu\u00e9s de que regrese la humedad del suelo. <\/p>\n\n<\/div><\/div>\n                              <\/div>\n\n              <div class=\"\n                order-first print:hidden\n                aspect-[3\/2] lg-xs:aspect-auto\n                [&#038;_img]:object-top lg-xs:[&#038;_img]:object-center\n                lg-xs:col-span-3 overflow-hidden descendants:w-full descendants:h-full [&#038;_img]:object-cover\n              \"><picture><img loading=\"lazy\" decoding=\"async\" width=\"560\" height=\"800\" src=\"https:\/\/tfsweb.tamu.edu\/wp-content\/uploads\/2025\/02\/Ips-tree_teaser.jpg\" class=\"attachment-large size-large\" alt=\"Gran pino con agujas que comienzan a ponerse rojas\" srcset=\"https:\/\/tfsweb.tamu.edu\/wp-content\/uploads\/2025\/02\/Ips-tree_teaser.jpg 560w, https:\/\/tfsweb.tamu.edu\/wp-content\/uploads\/2025\/02\/Ips-tree_teaser-210x300.jpg 210w\" sizes=\"auto, (max-width: 560px) 100vw, 560px\" \/><\/picture><\/div>\n            <\/div>\n          <\/div>\n        <\/li>\n              <li\n          data-tw-theme=\"gray-50\"\n          class=\"relative h-full\"\n        >\n          <div class=\"\n            h-full border-t-6 border-transparent\n            can-hover:has-[a:hover]:border-theme-fancy-link-decoration-color\n            has-[a:focus-visible]:border-theme-fancy-link-decoration-color\n            transition-colors\n          \">\n            <div class=\"h-full shadow grid grid-cols-1 lg-xs:grid-cols-10\">\n              <div class=\"\n                lg-xs:col-span-7 py-6 px-4 sm:px-6 xl:px-10 xl:py-8 space-y-4\n                bg-theme-bg-color text-theme-text-color\n              \">\n                <div>\n                                    \n\n  \n \n     \n     \n     \n     \n                    \n\n   \n\n  <h2 class=\"text-theme-heading-color [&#038;_a:not(.fancy-link)]:underline [&#038;_a:not(.fancy-link)]:text-theme-fancy-link-color hocus:[&#038;_a:not(.fancy-link)]:text-theme-fancy-link-hocus-color [&#038;_a:not(.fancy-link)]:leading-[1.2]  font-normal font-display leading-[1.15] text-lg sm:text-size-xl md:text-[calc(24rem\/16)]\" >                    <a href=\"https:\/\/tfsweb.tamu.edu\/trees\/tree-care\/trees-and-natural-disasters\/trees-and-drought\/watering-trees-during-drought\/\">Regar los \u00e1rboles durante la sequ\u00eda<\/a>\n                  <\/h2>\n\n                <\/div>\n\n                                  <div><div class=\"\n  prose md:prose-lg \n  max-w-[--prose-max-width]\n    \n\">\n  <p>Cu\u00e1ndo debe regar, con qu\u00e9 frecuencia y m\u00e1s.<\/p>\n\n<\/div><\/div>\n                              <\/div>\n\n              <div class=\"\n                order-first print:hidden\n                aspect-[3\/2] lg-xs:aspect-auto\n                [&#038;_img]:object-top lg-xs:[&#038;_img]:object-center\n                lg-xs:col-span-3 overflow-hidden descendants:w-full descendants:h-full [&#038;_img]:object-cover\n              \"><picture><img loading=\"lazy\" decoding=\"async\" width=\"560\" height=\"800\" src=\"https:\/\/tfsweb.tamu.edu\/wp-content\/uploads\/2024\/10\/Forester-Watering-Tree-1.png\" class=\"attachment-large size-large\" alt=\"Un guardabosques se inclin\u00f3 con un cubo azul en la mano para regar un \u00e1rbol joven\" srcset=\"https:\/\/tfsweb.tamu.edu\/wp-content\/uploads\/2024\/10\/Forester-Watering-Tree-1.png 560w, https:\/\/tfsweb.tamu.edu\/wp-content\/uploads\/2024\/10\/Forester-Watering-Tree-1-210x300.png 210w\" sizes=\"auto, (max-width: 560px) 100vw, 560px\" \/><\/picture><\/div>\n            <\/div>\n          <\/div>\n        <\/li>\n          <\/ul>\n  <\/div>\n            <\/div>\n          \n          \n        <\/div>\n      <\/div>\n    <\/div>\n  <\/div>\n<\/section>\n\n<h2 class=\"wp-block-heading\">Durante una sequ\u00eda  <\/h2>\n\n<ul class=\"wp-block-list\">\n<li>No apliques fertilizantes de liberaci\u00f3n r\u00e1pida con alto contenido de sal  <\/li>\n<\/ul>\n\n<ul class=\"wp-block-list\">\n<li>Cava bajo la copa de un \u00e1rbol  <\/li>\n<\/ul>\n\n<ul class=\"wp-block-list\">\n<li>Pode las ramas vivas de los \u00e1rboles j\u00f3venes  <\/li>\n<\/ul>\n\n<p>Durante una sequ\u00eda, la falta de agua hace que los \u00e1rboles realicen menos la fotos\u00edntesis o produzcan menos alimentos, lo que conduce a la falta de nutrientes necesarios para sobrevivir.  <\/p>\n\n<p>Las plantas generan su propio alimento a trav\u00e9s de la fotos\u00edntesis y uno de los componentes clave de la fotos\u00edntesis es el agua. El agua es necesaria para las reacciones qu\u00edmicas que crean az\u00facares, para ayudar a mover los materiales necesarios en el \u00e1rbol y para utilizar esos materiales.   <\/p>\n\n<p>Cuando esto sucede, los \u00e1rboles comenzar\u00e1n a mostrar s\u00edntomas f\u00edsicos de la falta de nutrientes. Si bien estos s\u00edntomas pueden variar de una especie a otra, la mayor\u00eda de los \u00e1rboles comenzar\u00e1n a mostrar signos de estr\u00e9s h\u00eddrico a trav\u00e9s de sus hojas.   <\/p>\n\n<p>Las cosas que hay que buscar son las hojas que se caen o se marchitan, las hojas peque\u00f1as o malformadas, el color amarillento de las hojas y las puntas marrones de las hojas. Algunas especies, como los enebros, pueden oscurecerse por completo, perdiendo todas sus hojas.   <\/p>\n\n<p>Sin embargo, el hecho de que las hojas comiencen a caer no significa que el \u00e1rbol est\u00e9 muerto. En el caso de los \u00e1rboles peque\u00f1os, basta con utilizar la u\u00f1a del pulgar y raspar algunas de las ramitas m\u00e1s peque\u00f1as: si todav\u00eda hay verde debajo, el \u00e1rbol no est\u00e1 muerto. A las pocas semanas, es posible que vuelva a salir. Si te preocupa que tu \u00e1rbol est\u00e9 muerto, comun\u00edcate con un arboricultor certificado para obtener una opini\u00f3n profesional.     <\/p>\n\n\n\n\n<section\n            data-nc-component=\"stacked-news-feed\"\n            class=\"component-wrapper wysiwyg-embed \"\n    \n>\n  <div class=\"\n    \n        theme-any:bg-theme-bg-color\n    theme-any:text-theme-text-color\n         vertical-rhythm-standard theme-not-default:my-0 with-sidebar-up:theme-not-default:my-vertical-space with-sidebar-up-first:theme-not-default:mt-0 with-sidebar-up-last:theme-not-default:mb-0\n     theme-not-default:py-vertical-space\n    relative\n  \">\n\n    <div class=\"\">\n\n      \n            <div class=\"relative conditional-container theme-not-default:container\">\n\n        <div class=\"\n          flex flex-col space-y-8\n          \n          \n        \">\n          \n                      <div class=\"\">\n              <div class=\"\">  \n  <div\n          data-tw-theme=\"gray-50\"\n      >\n    <div\n              class=\"bg-theme-bg-color text-theme-text-color\"\n          >\n              <section data-tw-theme=\"dark-green-700\" class=\"lg:pr-8\">\n          <div class=\"bg-theme-bg-color text-theme-text-color\">\n            <div class=\"p-molecule-padding sm:p-12 md:p-16\">\n              <div class=\"grid grid-cols-1 gap-8 lg:grid-cols-2 lg:gap-10 xl:gap-12\">\n                <div class=\"space-y-6\">\n                                    <div>\n                    \n\n  \n \n     \n     \n     \n     \n                    \n\n   \n\n  <h2 class=\"text-theme-heading-color [&#038;_a:not(.fancy-link)]:underline [&#038;_a:not(.fancy-link)]:text-theme-fancy-link-color hocus:[&#038;_a:not(.fancy-link)]:text-theme-fancy-link-hocus-color  font-normal font-display leading-[1.15] text-2xl sm:text-size-3xl md:text-[calc(44rem\/16)]\" >                    <a href=\"https:\/\/tfsweb.tamu.edu\/drought-and-trees-explained\/\">Drought and trees &#8211; Explained<\/a>\n                  <\/h2>\n\n                  <\/div>\n\n                                      <div>\n                      <div class=\"\n  prose md:prose-lg \n  max-w-[--prose-max-width]\n    \n\">\n  Only mid-way through June and Texas has already seen extreme heat and very little rain this summer, with the trend predicted to continue.\n<\/div>                    <\/div>\n                                  <\/div>\n\n                <div class=\"\n                  print:hidden\n                  lg:[&#038;_picture]:block\n                  lg:[&#038;_picture]:-mr-24\n                  lg:[&#038;_picture]:-mt-24\n                \">\n                                      <figure class=\" space-y-4\">\n      <picture><img loading=\"lazy\" decoding=\"async\" width=\"300\" height=\"300\" src=\"https:\/\/tfsweb.tamu.edu\/wp-content\/uploads\/2024\/10\/Drought-and-trees_Ektron.png\" class=\"attachment-featured_landscape size-featured_landscape\" alt=\"Drought and trees explained\" srcset=\"https:\/\/tfsweb.tamu.edu\/wp-content\/uploads\/2024\/10\/Drought-and-trees_Ektron.png 300w, https:\/\/tfsweb.tamu.edu\/wp-content\/uploads\/2024\/10\/Drought-and-trees_Ektron-150x150.png 150w\" sizes=\"auto, (max-width: 300px) 100vw, 300px\" \/><\/picture>\n  \n  <\/figure>\n                                  <\/div>\n              <\/div>\n            <\/div>\n          <\/div>\n        <\/section>\n      \n          <\/div>\n  <\/div>\n<\/div>\n            <\/div>\n          \n          \n        <\/div>\n      <\/div>\n    <\/div>\n  <\/div>\n<\/section>\n","protected":false},"excerpt":{"rendered":"<p>Durante una sequ\u00eda Durante una sequ\u00eda, la falta de agua hace que los \u00e1rboles realicen menos la fotos\u00edntesis o produzcan menos alimentos, lo que conduce a la falta de nutrientes necesarios para sobrevivir. Las plantas generan su propio alimento a trav\u00e9s de la fotos\u00edntesis y uno de los componentes clave de la fotos\u00edntesis es el [&hellip;]<\/p>\n","protected":false},"author":35,"featured_media":0,"parent":18085,"menu_order":0,"comment_status":"closed","ping_status":"closed","template":"","meta":{"_acf_changed":false,"_relevanssi_hide_post":"","_relevanssi_hide_content":"","_relevanssi_pin_for_all":"","_relevanssi_pin_keywords":"","_relevanssi_unpin_keywords":"","_relevanssi_related_keywords":"","_relevanssi_related_include_ids":"","_relevanssi_related_exclude_ids":"","_relevanssi_related_no_append":"","_relevanssi_related_not_related":"","_relevanssi_related_posts":"","_relevanssi_noindex_reason":"","footnotes":""},"categories":[97,122],"class_list":["post-18087","page","type-page","status-publish","hentry","category-arboles","category-sequia"],"acf":[],"yoast_head":"<!-- This site is optimized with the Yoast SEO plugin v26.7 - https:\/\/yoast.com\/wordpress\/plugins\/seo\/ -->\n<title>Los \u00e1rboles y la sequ\u00eda - Servicio Forestal Texas A&amp;M<\/title>\n<meta name=\"robots\" content=\"index, follow, max-snippet:-1, max-image-preview:large, max-video-preview:-1\" \/>\n<link rel=\"canonical\" href=\"https:\/\/tfsweb.tamu.edu\/es\/tree-care\/cuidado-de-los-arboles\/arboles-y-desastres-naturales\/los-arboles-y-la-sequia\/\" \/>\n<meta property=\"og:locale\" content=\"es_ES\" \/>\n<meta property=\"og:type\" content=\"article\" \/>\n<meta property=\"og:title\" content=\"Los \u00e1rboles y la sequ\u00eda - Servicio Forestal Texas A&amp;M\" \/>\n<meta property=\"og:description\" content=\"Durante una sequ\u00eda Durante una sequ\u00eda, la falta de agua hace que los \u00e1rboles realicen menos la fotos\u00edntesis o produzcan menos alimentos, lo que conduce a la falta de nutrientes necesarios para sobrevivir. Las plantas generan su propio alimento a trav\u00e9s de la fotos\u00edntesis y uno de los componentes clave de la fotos\u00edntesis es el [&hellip;]\" \/>\n<meta property=\"og:url\" content=\"https:\/\/tfsweb.tamu.edu\/es\/tree-care\/cuidado-de-los-arboles\/arboles-y-desastres-naturales\/los-arboles-y-la-sequia\/\" \/>\n<meta property=\"og:site_name\" content=\"Servicio Forestal Texas A&amp;M\" \/>\n<meta property=\"article:modified_time\" content=\"2025-04-23T19:03:12+00:00\" \/>\n<meta name=\"twitter:card\" content=\"summary_large_image\" \/>\n<meta name=\"twitter:label1\" content=\"Est. reading time\" \/>\n\t<meta name=\"twitter:data1\" content=\"2 minutos\" \/>\n<script type=\"application\/ld+json\" class=\"yoast-schema-graph\">{\"@context\":\"https:\/\/schema.org\",\"@graph\":[{\"@type\":\"WebPage\",\"@id\":\"https:\/\/tfsweb.tamu.edu\/es\/tree-care\/cuidado-de-los-arboles\/arboles-y-desastres-naturales\/los-arboles-y-la-sequia\/\",\"url\":\"https:\/\/tfsweb.tamu.edu\/es\/tree-care\/cuidado-de-los-arboles\/arboles-y-desastres-naturales\/los-arboles-y-la-sequia\/\",\"name\":\"Los \u00e1rboles y la sequ\u00eda - Servicio Forestal Texas A&M\",\"isPartOf\":{\"@id\":\"https:\/\/tfsweb.tamu.edu\/#website\"},\"datePublished\":\"2024-10-09T13:35:02+00:00\",\"dateModified\":\"2025-04-23T19:03:12+00:00\",\"breadcrumb\":{\"@id\":\"https:\/\/tfsweb.tamu.edu\/es\/tree-care\/cuidado-de-los-arboles\/arboles-y-desastres-naturales\/los-arboles-y-la-sequia\/#breadcrumb\"},\"inLanguage\":\"es\",\"potentialAction\":[{\"@type\":\"ReadAction\",\"target\":[\"https:\/\/tfsweb.tamu.edu\/es\/tree-care\/cuidado-de-los-arboles\/arboles-y-desastres-naturales\/los-arboles-y-la-sequia\/\"]}]},{\"@type\":\"BreadcrumbList\",\"@id\":\"https:\/\/tfsweb.tamu.edu\/es\/tree-care\/cuidado-de-los-arboles\/arboles-y-desastres-naturales\/los-arboles-y-la-sequia\/#breadcrumb\",\"itemListElement\":[{\"@type\":\"ListItem\",\"position\":1,\"name\":\"Home\",\"item\":\"https:\/\/tfsweb.tamu.edu\/es\/pagina-principal\/\"},{\"@type\":\"ListItem\",\"position\":2,\"name\":\"\u00c1rboles\",\"item\":\"https:\/\/tfsweb.tamu.edu\/es\/tree-care\/\"},{\"@type\":\"ListItem\",\"position\":3,\"name\":\"Cuidado de los \u00e1rboles\",\"item\":\"https:\/\/tfsweb.tamu.edu\/es\/tree-care\/cuidado-de-los-arboles\/\"},{\"@type\":\"ListItem\",\"position\":4,\"name\":\"\u00c1rboles y desastres naturales\",\"item\":\"https:\/\/tfsweb.tamu.edu\/es\/tree-care\/cuidado-de-los-arboles\/arboles-y-desastres-naturales\/\"},{\"@type\":\"ListItem\",\"position\":5,\"name\":\"Los \u00e1rboles y la sequ\u00eda\"}]},{\"@type\":\"WebSite\",\"@id\":\"https:\/\/tfsweb.tamu.edu\/#website\",\"url\":\"https:\/\/tfsweb.tamu.edu\/\",\"name\":\"Servicio Forestal Texas A&M\",\"description\":\"\",\"potentialAction\":[{\"@type\":\"SearchAction\",\"target\":{\"@type\":\"EntryPoint\",\"urlTemplate\":\"https:\/\/tfsweb.tamu.edu\/?s={search_term_string}\"},\"query-input\":{\"@type\":\"PropertyValueSpecification\",\"valueRequired\":true,\"valueName\":\"search_term_string\"}}],\"inLanguage\":\"es\"}]}<\/script>\n<!-- \/ Yoast SEO plugin. -->","yoast_head_json":{"title":"Los \u00e1rboles y la sequ\u00eda - Servicio Forestal Texas A&M","robots":{"index":"index","follow":"follow","max-snippet":"max-snippet:-1","max-image-preview":"max-image-preview:large","max-video-preview":"max-video-preview:-1"},"canonical":"https:\/\/tfsweb.tamu.edu\/es\/tree-care\/cuidado-de-los-arboles\/arboles-y-desastres-naturales\/los-arboles-y-la-sequia\/","og_locale":"es_ES","og_type":"article","og_title":"Los \u00e1rboles y la sequ\u00eda - Servicio Forestal Texas A&M","og_description":"Durante una sequ\u00eda Durante una sequ\u00eda, la falta de agua hace que los \u00e1rboles realicen menos la fotos\u00edntesis o produzcan menos alimentos, lo que conduce a la falta de nutrientes necesarios para sobrevivir. Las plantas generan su propio alimento a trav\u00e9s de la fotos\u00edntesis y uno de los componentes clave de la fotos\u00edntesis es el [&hellip;]","og_url":"https:\/\/tfsweb.tamu.edu\/es\/tree-care\/cuidado-de-los-arboles\/arboles-y-desastres-naturales\/los-arboles-y-la-sequia\/","og_site_name":"Servicio Forestal Texas A&M","article_modified_time":"2025-04-23T19:03:12+00:00","twitter_card":"summary_large_image","twitter_misc":{"Est. reading time":"2 minutos"},"schema":{"@context":"https:\/\/schema.org","@graph":[{"@type":"WebPage","@id":"https:\/\/tfsweb.tamu.edu\/es\/tree-care\/cuidado-de-los-arboles\/arboles-y-desastres-naturales\/los-arboles-y-la-sequia\/","url":"https:\/\/tfsweb.tamu.edu\/es\/tree-care\/cuidado-de-los-arboles\/arboles-y-desastres-naturales\/los-arboles-y-la-sequia\/","name":"Los \u00e1rboles y la sequ\u00eda - Servicio Forestal Texas A&M","isPartOf":{"@id":"https:\/\/tfsweb.tamu.edu\/#website"},"datePublished":"2024-10-09T13:35:02+00:00","dateModified":"2025-04-23T19:03:12+00:00","breadcrumb":{"@id":"https:\/\/tfsweb.tamu.edu\/es\/tree-care\/cuidado-de-los-arboles\/arboles-y-desastres-naturales\/los-arboles-y-la-sequia\/#breadcrumb"},"inLanguage":"es","potentialAction":[{"@type":"ReadAction","target":["https:\/\/tfsweb.tamu.edu\/es\/tree-care\/cuidado-de-los-arboles\/arboles-y-desastres-naturales\/los-arboles-y-la-sequia\/"]}]},{"@type":"BreadcrumbList","@id":"https:\/\/tfsweb.tamu.edu\/es\/tree-care\/cuidado-de-los-arboles\/arboles-y-desastres-naturales\/los-arboles-y-la-sequia\/#breadcrumb","itemListElement":[{"@type":"ListItem","position":1,"name":"Home","item":"https:\/\/tfsweb.tamu.edu\/es\/pagina-principal\/"},{"@type":"ListItem","position":2,"name":"\u00c1rboles","item":"https:\/\/tfsweb.tamu.edu\/es\/tree-care\/"},{"@type":"ListItem","position":3,"name":"Cuidado de los \u00e1rboles","item":"https:\/\/tfsweb.tamu.edu\/es\/tree-care\/cuidado-de-los-arboles\/"},{"@type":"ListItem","position":4,"name":"\u00c1rboles y desastres naturales","item":"https:\/\/tfsweb.tamu.edu\/es\/tree-care\/cuidado-de-los-arboles\/arboles-y-desastres-naturales\/"},{"@type":"ListItem","position":5,"name":"Los \u00e1rboles y la sequ\u00eda"}]},{"@type":"WebSite","@id":"https:\/\/tfsweb.tamu.edu\/#website","url":"https:\/\/tfsweb.tamu.edu\/","name":"Servicio Forestal Texas A&M","description":"","potentialAction":[{"@type":"SearchAction","target":{"@type":"EntryPoint","urlTemplate":"https:\/\/tfsweb.tamu.edu\/?s={search_term_string}"},"query-input":{"@type":"PropertyValueSpecification","valueRequired":true,"valueName":"search_term_string"}}],"inLanguage":"es"}]}},"_links":{"self":[{"href":"https:\/\/tfsweb.tamu.edu\/es\/wp-json\/wp\/v2\/pages\/18087","targetHints":{"allow":["GET"]}}],"collection":[{"href":"https:\/\/tfsweb.tamu.edu\/es\/wp-json\/wp\/v2\/pages"}],"about":[{"href":"https:\/\/tfsweb.tamu.edu\/es\/wp-json\/wp\/v2\/types\/page"}],"author":[{"embeddable":true,"href":"https:\/\/tfsweb.tamu.edu\/es\/wp-json\/wp\/v2\/users\/35"}],"replies":[{"embeddable":true,"href":"https:\/\/tfsweb.tamu.edu\/es\/wp-json\/wp\/v2\/comments?post=18087"}],"version-history":[{"count":0,"href":"https:\/\/tfsweb.tamu.edu\/es\/wp-json\/wp\/v2\/pages\/18087\/revisions"}],"up":[{"embeddable":true,"href":"https:\/\/tfsweb.tamu.edu\/es\/wp-json\/wp\/v2\/pages\/18085"}],"wp:attachment":[{"href":"https:\/\/tfsweb.tamu.edu\/es\/wp-json\/wp\/v2\/media?parent=18087"}],"wp:term":[{"taxonomy":"category","embeddable":true,"href":"https:\/\/tfsweb.tamu.edu\/es\/wp-json\/wp\/v2\/categories?post=18087"}],"curies":[{"name":"wp","href":"https:\/\/api.w.org\/{rel}","templated":true}]}}