{"id":18115,"date":"2024-10-10T13:43:02","date_gmt":"2024-10-10T19:43:02","guid":{"rendered":"https:\/\/tfsweb.tamu.edu\/sobre-nosotros\/acerca-de-la-agencia\/plan-de-proteccion-contra-incendios-forestales-de-texas\/"},"modified":"2025-04-23T13:04:11","modified_gmt":"2025-04-23T19:04:11","slug":"plan-de-proteccion-contra-incendios-forestales-de-texas","status":"publish","type":"page","link":"https:\/\/tfsweb.tamu.edu\/es\/sobre-nosotros\/acerca-de-la-agencia\/plan-de-proteccion-contra-incendios-forestales-de-texas\/","title":{"rendered":"Plan de Protecci\u00f3n contra Incendios Forestales de Texas"},"content":{"rendered":"\n\n\n\n<header\n      data-tw-theme=\"tan-300\"      data-nc-component=\"flex-page-header\"\n            class=\"component-wrapper wysiwyg-embed \"\n    \n>\n  <div class=\"\n    full-bleed-outer\n        theme-any:bg-theme-bg-color\n    theme-any:text-theme-text-color\n         vertical-rhythm-standard theme-not-default:my-0 with-sidebar-up:theme-not-default:my-vertical-space with-sidebar-up-first:theme-not-default:mt-0 with-sidebar-up-last:theme-not-default:mb-0\n      \n    relative\n  \">\n\n    <div class=\"full-bleed-inner\">\n\n      \n            <div class=\"relative conditional-container theme-not-default:container\">\n\n        <div class=\"\n          flex flex-col space-y-8\n          \n          \n        \">\n          \n                      <div class=\"\">\n              <div class=\"\">  <div class=\"grid grid-cols-1 lg:grid-cols-2\">\n    <div class=\"relative flex items-center py-vertical-space-padding lg:[--vertical-space-padding:8rem]\">\n            <div class=\"relative space-y-6 lg:pr-12 lg:max-w-lg\">\n        <div>\n          \n\n  \n \n     \n     \n     \n     \n                    \n\n   \n\n  <h1 class=\"text-theme-heading-color [&#038;_a:not(.fancy-link)]:underline [&#038;_a:not(.fancy-link)]:text-theme-fancy-link-color hocus:[&#038;_a:not(.fancy-link)]:text-theme-fancy-link-hocus-color  font-normal font-display leading-[1.15] uppercase first-line:overline first-line:decoration-2 first-line:decoration-theme-accent-color text-4xl sm:text-size-5xl md:text-[calc(64rem\/16)]\" >Plan de Protecci\u00f3n contra Incendios Forestales de Texas<\/h1>\n\n        <\/div>\n\n                  <div><div class=\"\n  prose md:prose-lg \n  max-w-[--prose-max-width]\n    \n\">\n  <p><span class=\"TextRun SCXW16455955 BCX0\" lang=\"EN-US\" data-contrast=\"auto\" xml:lang=\"EN-US\"><span class=\"NormalTextRun CommentHighlightClicked SCXW16455955 BCX0\">Un plan integral de c\u00f3mo mitigamos, nos preparamos y respondemos <\/span><span class=\"NormalTextRun CommentHighlightClicked SCXW16455955 BCX0\">a los incendios forestales y otros desastres naturales.<\/span><\/span><span class=\"EOP CommentHighlightPipeClickedV2 SCXW16455955 BCX0\" data-ccp-props=\"{}\"> <\/span><\/p>\n\n<\/div><\/div>\n              <\/div>\n    <\/div>\n\n          <div class=\"\n        print:hidden\n        descendants:w-full descendants:h-full [&#038;_img]:object-cover\n        -mx-container-offset lg:ml-0\n      \">\n        <picture><img loading=\"lazy\" decoding=\"async\" width=\"1024\" height=\"768\" src=\"https:\/\/tfsweb.tamu.edu\/wp-content\/uploads\/2025\/03\/Wildfire_Academy_firefighter_header-1024x768.jpg\" class=\"attachment-large size-large\" alt=\"Una bombera se inclin\u00f3 con una herramienta de mano para fumar hierba\" srcset=\"https:\/\/tfsweb.tamu.edu\/wp-content\/uploads\/2025\/03\/Wildfire_Academy_firefighter_header-1024x768.jpg 1024w, https:\/\/tfsweb.tamu.edu\/wp-content\/uploads\/2025\/03\/Wildfire_Academy_firefighter_header-300x225.jpg 300w, https:\/\/tfsweb.tamu.edu\/wp-content\/uploads\/2025\/03\/Wildfire_Academy_firefighter_header-768x576.jpg 768w, https:\/\/tfsweb.tamu.edu\/wp-content\/uploads\/2025\/03\/Wildfire_Academy_firefighter_header.jpg 1200w\" sizes=\"auto, (max-width: 1024px) 100vw, 1024px\" \/><\/picture>\n      <\/div>\n      <\/div>\n<\/div>\n            <\/div>\n          \n          \n        <\/div>\n      <\/div>\n    <\/div>\n  <\/div>\n<\/header>\n\n<p>Bajo el <a href=\"https:\/\/tfsweb.tamu.edu\/wp-content\/uploads\/2024\/10\/Texas-Wildfire-Protection-Plan_May-2023-Revision.pdf\" target=\"_blank\" rel=\"noreferrer noopener\">Plan de Protecci\u00f3n contra Incendios Forestales de Texas (TWPP, por sus siglas<\/a> en ingl\u00e9s), trabajamos para reducir la ocurrencia y p\u00e9rdida de incendios forestales en Texas a trav\u00e9s de programas integrados que mejoran la preparaci\u00f3n y las capacidades de respuesta en todo el estado. Las pr\u00e1cticas descritas en el plan se incorporan a la estructura operativa de la agencia.  <\/p>\n\n<p>El TWPP se ha utilizado y perfeccionado en las \u00faltimas dos d\u00e9cadas a medida que los incendios forestales y los problemas relacionados con los incendios forestales contin\u00faan afectando al estado.   <\/p>\n\n<p>Tres factores principales contribuyen al aumento del riesgo de incendios forestales:  <\/p>\n\n<ul class=\"wp-block-list\">\n<li>Crecimiento de la poblaci\u00f3n<\/li>\n\n\n\n<li>Cambios en el uso del suelo<\/li>\n\n\n\n<li>Cambios en los patrones clim\u00e1ticos<\/li>\n<\/ul>\n\n<p>Utilizamos un enfoque escalonado para la respuesta a los incendios forestales. Los departamentos de bomberos locales y los condados son los primeros en responder, y la respuesta estatal se activa cuando los incendios forestales o las condiciones superan las capacidades locales.   <\/p>\n\n<p>Somos la agencia l\u00edder para la respuesta a incendios forestales en el estado y mantenemos una red de personal y equipos estrat\u00e9gicamente ubicados. Somos responsables de garantizar la entrega segura y efectiva de la misi\u00f3n de proteger las vidas, la propiedad y los recursos de Texas.   <\/p>\n\n<p><a href=\"https:\/\/tfsweb.tamu.edu\/wp-content\/uploads\/2024\/10\/Texas-Wildfire-Protection-Plan_May-2023-Revision.pdf\" target=\"_blank\" rel=\"noreferrer noopener\">Plan de Protecci\u00f3n contra Incendios Forestales de Texas, revisado en mayo de 2023<\/a><\/p>\n\n\n\n\n\n<section\n            data-nc-component=\"contact-block\"\n            class=\"component-wrapper wysiwyg-embed \"\n    \n>\n  <div class=\"\n    \n        theme-any:bg-theme-bg-color\n    theme-any:text-theme-text-color\n         vertical-rhythm-standard theme-not-default:my-0 with-sidebar-up:theme-not-default:my-vertical-space with-sidebar-up-first:theme-not-default:mt-0 with-sidebar-up-last:theme-not-default:mb-0\n     theme-not-default:py-vertical-space\n    relative\n  \">\n\n    <div class=\"\">\n\n      \n            <div class=\"relative conditional-container theme-not-default:container\">\n\n        <div class=\"\n          flex flex-col space-y-8\n          \n          \n        \">\n          \n                      <div class=\"\">\n              <div class=\"\">  <div data-tw-theme=\"olive-green-500\">\n    <div class=\"relative bg-theme-bg-color text-theme-text-color\">\n      <div class=\"relative p-molecule-padding sm:p-12 md:p-16\">\n        <div class=\"flex flex-col space-y-8 sm:space-y-10\">\n\n                      <div class=\"space-y-6 max-w-3xl mx-auto text-center\">\n                              <div>\n                  \n\n  \n \n     \n     \n     \n     \n                    \n\n   \n\n  <h2 class=\"text-theme-heading-color [&#038;_a:not(.fancy-link)]:underline [&#038;_a:not(.fancy-link)]:text-theme-fancy-link-color hocus:[&#038;_a:not(.fancy-link)]:text-theme-fancy-link-hocus-color [&#038;_a:not(.fancy-link)]:leading-[1.2]  font-normal font-display leading-[1.15] text-xl sm:text-size-2xl md:text-[calc(34rem\/16)] uppercase\" >\u00bfTiene preguntas? \u00a1Podemos ayudarte! <\/h2>\n\n                <\/div>\n              \n                              <div>\n                  <div class=\"\n  prose md:prose-lg \n  max-w-[--prose-max-width]\n    \n\">\n  <p>Con\u00e9ctese con su oficial de informaci\u00f3n p\u00fablica local para comentarios y preguntas sobre el Plan de Protecci\u00f3n contra Incendios Forestales de Texas.<\/p>\n\n<\/div>                <\/div>\n                          <\/div>\n          \n                      <ul\n              role=\"list\"\n              class=\"\n                grid grid-cols-1 gap-7\n                                  md:max-w-md md:mx-auto\n                              \"\n            >\n                              <li data-tw-theme=\"default\">\n                  <div class=\"\n                    h-full\n                    border-t-6 border-transparent\n                    can-hover:has-[a:hover]:border-theme-fancy-link-decoration-color\n                    has-[a:focus-visible]:border-theme-fancy-link-decoration-color\n                    transition-colors\n                  \">\n                    <div class=\"shadow bg-theme-bg-color text-theme-text-color p-4 xs:p-6 sm:p-8 space-y-6 flex flex-col justify-between items-center h-full\">\n                      \n                      <div class=\"       text-base sm:text-lg\n  \">\n                        \n<a\n  href=\"mailto:information@tfs.tamu.edu\"\n  class=\"\n    button-link-component\n    ghost\n    inline-block\n       text-center transition-colors\n    font-display font-medium uppercase tracking-wide\n    px-[--px]\n    border-3 border-transparent\n    text-theme-button-text-color\n    bg-theme-button-bg-color\n    hocus:bg-theme-button-hocus-bg-color\n    [&#038;.ghost]:bg-transparent\n    [&#038;.ghost]:border-theme-button-bg-color\n    [&#038;.ghost]:text-theme-button-bg-color\n    [&#038;.ghost]:hocus:bg-theme-button-bg-color\n    [&#038;.ghost]:hocus:text-theme-button-text-color no-underline\n    print:!bg-white print:!text-black\n  py-[.7em] [--px:1.2em]\n\n    \n  \"\n  >Env\u00edenos un correo electr\u00f3nico<\/a>\n\n                      <\/div>\n                    <\/div>\n                  <\/div>\n                <\/li>\n                          <\/ul>\n          \n        <\/div>\n      <\/div>\n    <\/div>\n  <\/div>\n<\/div>\n            <\/div>\n          \n          \n        <\/div>\n      <\/div>\n    <\/div>\n  <\/div>\n<\/section>\n","protected":false},"excerpt":{"rendered":"<p>Bajo el Plan de Protecci\u00f3n contra Incendios Forestales de Texas (TWPP, por sus siglas en ingl\u00e9s), trabajamos para reducir la ocurrencia y p\u00e9rdida de incendios forestales en Texas a trav\u00e9s de programas integrados que mejoran la preparaci\u00f3n y las capacidades de respuesta en todo el estado. Las pr\u00e1cticas descritas en el plan se incorporan a [&hellip;]<\/p>\n","protected":false},"author":9,"featured_media":0,"parent":8528,"menu_order":2,"comment_status":"closed","ping_status":"closed","template":"","meta":{"_acf_changed":false,"_relevanssi_hide_post":"","_relevanssi_hide_content":"","_relevanssi_pin_for_all":"","_relevanssi_pin_keywords":"","_relevanssi_unpin_keywords":"","_relevanssi_related_keywords":"","_relevanssi_related_include_ids":"","_relevanssi_related_exclude_ids":"","_relevanssi_related_no_append":"","_relevanssi_related_not_related":"","_relevanssi_related_posts":"","_relevanssi_noindex_reason":"","footnotes":""},"categories":[96,130],"class_list":["post-18115","page","type-page","status-publish","hentry","category-incendio-forestal","category-manejo-de-emergencias"],"acf":[],"yoast_head":"<!-- This site is optimized with the Yoast SEO plugin v26.7 - https:\/\/yoast.com\/wordpress\/plugins\/seo\/ -->\n<title>Plan de Protecci\u00f3n contra Incendios Forestales de Texas - Servicio Forestal Texas A&amp;M<\/title>\n<meta name=\"robots\" content=\"index, follow, max-snippet:-1, max-image-preview:large, max-video-preview:-1\" \/>\n<link rel=\"canonical\" href=\"https:\/\/tfsweb.tamu.edu\/es\/sobre-nosotros\/acerca-de-la-agencia\/plan-de-proteccion-contra-incendios-forestales-de-texas\/\" \/>\n<meta property=\"og:locale\" content=\"es_ES\" \/>\n<meta property=\"og:type\" content=\"article\" \/>\n<meta property=\"og:title\" content=\"Plan de Protecci\u00f3n contra Incendios Forestales de Texas - Servicio Forestal Texas A&amp;M\" \/>\n<meta property=\"og:description\" content=\"Bajo el Plan de Protecci\u00f3n contra Incendios Forestales de Texas (TWPP, por sus siglas en ingl\u00e9s), trabajamos para reducir la ocurrencia y p\u00e9rdida de incendios forestales en Texas a trav\u00e9s de programas integrados que mejoran la preparaci\u00f3n y las capacidades de respuesta en todo el estado. Las pr\u00e1cticas descritas en el plan se incorporan a [&hellip;]\" \/>\n<meta property=\"og:url\" content=\"https:\/\/tfsweb.tamu.edu\/es\/sobre-nosotros\/acerca-de-la-agencia\/plan-de-proteccion-contra-incendios-forestales-de-texas\/\" \/>\n<meta property=\"og:site_name\" content=\"Servicio Forestal Texas A&amp;M\" \/>\n<meta property=\"article:modified_time\" content=\"2025-04-23T19:04:11+00:00\" \/>\n<meta name=\"twitter:card\" content=\"summary_large_image\" \/>\n<meta name=\"twitter:label1\" content=\"Est. reading time\" \/>\n\t<meta name=\"twitter:data1\" content=\"1 minuto\" \/>\n<script type=\"application\/ld+json\" class=\"yoast-schema-graph\">{\"@context\":\"https:\/\/schema.org\",\"@graph\":[{\"@type\":\"WebPage\",\"@id\":\"https:\/\/tfsweb.tamu.edu\/es\/sobre-nosotros\/acerca-de-la-agencia\/plan-de-proteccion-contra-incendios-forestales-de-texas\/\",\"url\":\"https:\/\/tfsweb.tamu.edu\/es\/sobre-nosotros\/acerca-de-la-agencia\/plan-de-proteccion-contra-incendios-forestales-de-texas\/\",\"name\":\"Plan de Protecci\u00f3n contra Incendios Forestales de Texas - Servicio Forestal Texas A&M\",\"isPartOf\":{\"@id\":\"https:\/\/tfsweb.tamu.edu\/#website\"},\"datePublished\":\"2024-10-10T19:43:02+00:00\",\"dateModified\":\"2025-04-23T19:04:11+00:00\",\"breadcrumb\":{\"@id\":\"https:\/\/tfsweb.tamu.edu\/es\/sobre-nosotros\/acerca-de-la-agencia\/plan-de-proteccion-contra-incendios-forestales-de-texas\/#breadcrumb\"},\"inLanguage\":\"es\",\"potentialAction\":[{\"@type\":\"ReadAction\",\"target\":[\"https:\/\/tfsweb.tamu.edu\/es\/sobre-nosotros\/acerca-de-la-agencia\/plan-de-proteccion-contra-incendios-forestales-de-texas\/\"]}]},{\"@type\":\"BreadcrumbList\",\"@id\":\"https:\/\/tfsweb.tamu.edu\/es\/sobre-nosotros\/acerca-de-la-agencia\/plan-de-proteccion-contra-incendios-forestales-de-texas\/#breadcrumb\",\"itemListElement\":[{\"@type\":\"ListItem\",\"position\":1,\"name\":\"Home\",\"item\":\"https:\/\/tfsweb.tamu.edu\/es\/pagina-principal\/\"},{\"@type\":\"ListItem\",\"position\":2,\"name\":\"Sobre nosotros\",\"item\":\"https:\/\/tfsweb.tamu.edu\/es\/sobre-nosotros\/\"},{\"@type\":\"ListItem\",\"position\":3,\"name\":\"Acerca de la Agencia\",\"item\":\"https:\/\/tfsweb.tamu.edu\/es\/sobre-nosotros\/acerca-de-la-agencia\/\"},{\"@type\":\"ListItem\",\"position\":4,\"name\":\"Plan de Protecci\u00f3n contra Incendios Forestales de Texas\"}]},{\"@type\":\"WebSite\",\"@id\":\"https:\/\/tfsweb.tamu.edu\/#website\",\"url\":\"https:\/\/tfsweb.tamu.edu\/\",\"name\":\"Servicio Forestal Texas A&M\",\"description\":\"\",\"potentialAction\":[{\"@type\":\"SearchAction\",\"target\":{\"@type\":\"EntryPoint\",\"urlTemplate\":\"https:\/\/tfsweb.tamu.edu\/?s={search_term_string}\"},\"query-input\":{\"@type\":\"PropertyValueSpecification\",\"valueRequired\":true,\"valueName\":\"search_term_string\"}}],\"inLanguage\":\"es\"}]}<\/script>\n<!-- \/ Yoast SEO plugin. -->","yoast_head_json":{"title":"Plan de Protecci\u00f3n contra Incendios Forestales de Texas - Servicio Forestal Texas A&M","robots":{"index":"index","follow":"follow","max-snippet":"max-snippet:-1","max-image-preview":"max-image-preview:large","max-video-preview":"max-video-preview:-1"},"canonical":"https:\/\/tfsweb.tamu.edu\/es\/sobre-nosotros\/acerca-de-la-agencia\/plan-de-proteccion-contra-incendios-forestales-de-texas\/","og_locale":"es_ES","og_type":"article","og_title":"Plan de Protecci\u00f3n contra Incendios Forestales de Texas - Servicio Forestal Texas A&M","og_description":"Bajo el Plan de Protecci\u00f3n contra Incendios Forestales de Texas (TWPP, por sus siglas en ingl\u00e9s), trabajamos para reducir la ocurrencia y p\u00e9rdida de incendios forestales en Texas a trav\u00e9s de programas integrados que mejoran la preparaci\u00f3n y las capacidades de respuesta en todo el estado. Las pr\u00e1cticas descritas en el plan se incorporan a [&hellip;]","og_url":"https:\/\/tfsweb.tamu.edu\/es\/sobre-nosotros\/acerca-de-la-agencia\/plan-de-proteccion-contra-incendios-forestales-de-texas\/","og_site_name":"Servicio Forestal Texas A&M","article_modified_time":"2025-04-23T19:04:11+00:00","twitter_card":"summary_large_image","twitter_misc":{"Est. reading time":"1 minuto"},"schema":{"@context":"https:\/\/schema.org","@graph":[{"@type":"WebPage","@id":"https:\/\/tfsweb.tamu.edu\/es\/sobre-nosotros\/acerca-de-la-agencia\/plan-de-proteccion-contra-incendios-forestales-de-texas\/","url":"https:\/\/tfsweb.tamu.edu\/es\/sobre-nosotros\/acerca-de-la-agencia\/plan-de-proteccion-contra-incendios-forestales-de-texas\/","name":"Plan de Protecci\u00f3n contra Incendios Forestales de Texas - Servicio Forestal Texas A&M","isPartOf":{"@id":"https:\/\/tfsweb.tamu.edu\/#website"},"datePublished":"2024-10-10T19:43:02+00:00","dateModified":"2025-04-23T19:04:11+00:00","breadcrumb":{"@id":"https:\/\/tfsweb.tamu.edu\/es\/sobre-nosotros\/acerca-de-la-agencia\/plan-de-proteccion-contra-incendios-forestales-de-texas\/#breadcrumb"},"inLanguage":"es","potentialAction":[{"@type":"ReadAction","target":["https:\/\/tfsweb.tamu.edu\/es\/sobre-nosotros\/acerca-de-la-agencia\/plan-de-proteccion-contra-incendios-forestales-de-texas\/"]}]},{"@type":"BreadcrumbList","@id":"https:\/\/tfsweb.tamu.edu\/es\/sobre-nosotros\/acerca-de-la-agencia\/plan-de-proteccion-contra-incendios-forestales-de-texas\/#breadcrumb","itemListElement":[{"@type":"ListItem","position":1,"name":"Home","item":"https:\/\/tfsweb.tamu.edu\/es\/pagina-principal\/"},{"@type":"ListItem","position":2,"name":"Sobre nosotros","item":"https:\/\/tfsweb.tamu.edu\/es\/sobre-nosotros\/"},{"@type":"ListItem","position":3,"name":"Acerca de la Agencia","item":"https:\/\/tfsweb.tamu.edu\/es\/sobre-nosotros\/acerca-de-la-agencia\/"},{"@type":"ListItem","position":4,"name":"Plan de Protecci\u00f3n contra Incendios Forestales de Texas"}]},{"@type":"WebSite","@id":"https:\/\/tfsweb.tamu.edu\/#website","url":"https:\/\/tfsweb.tamu.edu\/","name":"Servicio Forestal Texas A&M","description":"","potentialAction":[{"@type":"SearchAction","target":{"@type":"EntryPoint","urlTemplate":"https:\/\/tfsweb.tamu.edu\/?s={search_term_string}"},"query-input":{"@type":"PropertyValueSpecification","valueRequired":true,"valueName":"search_term_string"}}],"inLanguage":"es"}]}},"_links":{"self":[{"href":"https:\/\/tfsweb.tamu.edu\/es\/wp-json\/wp\/v2\/pages\/18115","targetHints":{"allow":["GET"]}}],"collection":[{"href":"https:\/\/tfsweb.tamu.edu\/es\/wp-json\/wp\/v2\/pages"}],"about":[{"href":"https:\/\/tfsweb.tamu.edu\/es\/wp-json\/wp\/v2\/types\/page"}],"author":[{"embeddable":true,"href":"https:\/\/tfsweb.tamu.edu\/es\/wp-json\/wp\/v2\/users\/9"}],"replies":[{"embeddable":true,"href":"https:\/\/tfsweb.tamu.edu\/es\/wp-json\/wp\/v2\/comments?post=18115"}],"version-history":[{"count":0,"href":"https:\/\/tfsweb.tamu.edu\/es\/wp-json\/wp\/v2\/pages\/18115\/revisions"}],"up":[{"embeddable":true,"href":"https:\/\/tfsweb.tamu.edu\/es\/wp-json\/wp\/v2\/pages\/8528"}],"wp:attachment":[{"href":"https:\/\/tfsweb.tamu.edu\/es\/wp-json\/wp\/v2\/media?parent=18115"}],"wp:term":[{"taxonomy":"category","embeddable":true,"href":"https:\/\/tfsweb.tamu.edu\/es\/wp-json\/wp\/v2\/categories?post=18115"}],"curies":[{"name":"wp","href":"https:\/\/api.w.org\/{rel}","templated":true}]}}