{"id":18129,"date":"2024-10-14T10:46:02","date_gmt":"2024-10-14T15:46:02","guid":{"rendered":"https:\/\/tfsweb.tamu.edu\/bosque-y-tierra\/manejo-de-bosques-y-tierras\/plantacion-de-arboles-y-programas-de-mejoramiento\/vivero-del-oeste-de-texas\/"},"modified":"2025-04-23T13:04:45","modified_gmt":"2025-04-23T19:04:45","slug":"vivero-del-oeste-de-texas","status":"publish","type":"page","link":"https:\/\/tfsweb.tamu.edu\/es\/bosque-y-tierra\/manejo-de-bosques-y-tierras\/plantacion-de-arboles-y-programas-de-mejoramiento\/vivero-del-oeste-de-texas\/","title":{"rendered":"Vivero del Oeste de Texas"},"content":{"rendered":"\n\n\n\n<header\n      data-tw-theme=\"tan-300\"      data-nc-component=\"flex-page-header\"\n            class=\"component-wrapper wysiwyg-embed \"\n    \n>\n  <div class=\"\n    full-bleed-outer\n        theme-any:bg-theme-bg-color\n    theme-any:text-theme-text-color\n         vertical-rhythm-standard theme-not-default:my-0 with-sidebar-up:theme-not-default:my-vertical-space with-sidebar-up-first:theme-not-default:mt-0 with-sidebar-up-last:theme-not-default:mb-0\n      \n    relative\n  \">\n\n    <div class=\"full-bleed-inner\">\n\n      \n            <div class=\"relative conditional-container theme-not-default:container\">\n\n        <div class=\"\n          flex flex-col space-y-8\n          \n          \n        \">\n          \n                      <div class=\"\">\n              <div class=\"\">  <div class=\"grid grid-cols-1 lg:grid-cols-2\">\n    <div class=\"relative flex items-center py-vertical-space-padding lg:[--vertical-space-padding:8rem]\">\n            <div class=\"relative space-y-6 lg:pr-12 lg:max-w-lg\">\n        <div>\n          \n\n  \n \n     \n     \n     \n     \n                    \n\n   \n\n  <h1 class=\"text-theme-heading-color [&#038;_a:not(.fancy-link)]:underline [&#038;_a:not(.fancy-link)]:text-theme-fancy-link-color hocus:[&#038;_a:not(.fancy-link)]:text-theme-fancy-link-hocus-color  font-normal font-display leading-[1.15] uppercase first-line:overline first-line:decoration-2 first-line:decoration-theme-accent-color text-4xl sm:text-size-5xl md:text-[calc(64rem\/16)]\" >Vivero del Oeste de Texas<\/h1>\n\n        <\/div>\n\n              <\/div>\n    <\/div>\n\n          <div class=\"\n        print:hidden\n        descendants:w-full descendants:h-full [&#038;_img]:object-cover\n        -mx-container-offset lg:ml-0\n      \">\n        <picture><img loading=\"lazy\" decoding=\"async\" width=\"1024\" height=\"680\" src=\"https:\/\/tfsweb.tamu.edu\/wp-content\/uploads\/2024\/10\/young_seedlings-1024x680.jpg\" class=\"attachment-large size-large\" alt=\"Hileras de pl\u00e1ntulas j\u00f3venes que emergen del suelo con las tripas de las semillas a\u00fan adheridas a la parte superior de los brotes\" srcset=\"https:\/\/tfsweb.tamu.edu\/wp-content\/uploads\/2024\/10\/young_seedlings-1024x680.jpg 1024w, https:\/\/tfsweb.tamu.edu\/wp-content\/uploads\/2024\/10\/young_seedlings-300x199.jpg 300w, https:\/\/tfsweb.tamu.edu\/wp-content\/uploads\/2024\/10\/young_seedlings-768x510.jpg 768w, https:\/\/tfsweb.tamu.edu\/wp-content\/uploads\/2024\/10\/young_seedlings.jpg 1200w\" sizes=\"auto, (max-width: 1024px) 100vw, 1024px\" \/><\/picture>\n      <\/div>\n      <\/div>\n<\/div>\n            <\/div>\n          \n          \n        <\/div>\n      <\/div>\n    <\/div>\n  <\/div>\n<\/header>\n\n\n\n\n\n<section\n            data-nc-component=\"billboard\"\n            class=\"component-wrapper wysiwyg-embed \"\n    \n>\n  <div class=\"\n    \n        theme-any:bg-theme-bg-color\n    theme-any:text-theme-text-color\n         vertical-rhythm-standard theme-not-default:my-0 with-sidebar-up:theme-not-default:my-vertical-space with-sidebar-up-first:theme-not-default:mt-0 with-sidebar-up-last:theme-not-default:mb-0\n     theme-not-default:py-vertical-space\n    relative\n  \">\n\n    <div class=\"\">\n\n      \n            <div class=\"relative conditional-container theme-not-default:container\">\n\n        <div class=\"\n          flex flex-col space-y-8\n          \n          \n        \">\n          \n                      <div class=\"\">\n              <div class=\"\">  <div data-tw-theme=\"default\">\n    <div class=\"relative bg-theme-bg-color text-theme-text-color\">\n              <div\n          aria-hidden=\"true\" tabindex=\"-1\"\n          class=\"\n            print:hidden\n            absolute inset-0 descendants:w-full descendants:h-full\n            [&#038;_img]:object-cover [&#038;_img]:grayscale\n            after:absolute after:inset-0 after:bg-theme-bg-color\/90\n          \"\n        ><picture><img loading=\"lazy\" decoding=\"async\" width=\"1400\" height=\"1000\" src=\"https:\/\/tfsweb.tamu.edu\/wp-content\/uploads\/2025\/01\/pine-seedlings-1400x1000.jpg\" class=\"attachment-full_background size-full_background\" alt=\"Hileras de pl\u00e1ntulas de pino del vivero del oeste de Texas\" \/><\/picture><\/div>\n      \n      <div class=\"relative p-molecule-padding sm:p-12 md:p-16\">\n\n        <div class=\"flex flex-col space-y-8\">\n                      <div>\n\n  \n \n     \n     \n     \n     \n                    \n\n   \n\n  <h2 class=\"text-theme-heading-color [&#038;_a:not(.fancy-link)]:underline [&#038;_a:not(.fancy-link)]:text-theme-fancy-link-color hocus:[&#038;_a:not(.fancy-link)]:text-theme-fancy-link-hocus-color  font-normal font-display leading-[1.15] text-3xl sm:text-size-4xl md:text-[calc(54rem\/16)]\" >Pl\u00e1ntulas de \u00e1rboles y arbustos asequibles<\/h2>\n\n<\/div>\n          \n                      <div>\n              <div class=\"\n  prose md:prose-lg lg:prose-xl\n  max-w-[--prose-max-width]\n    \n\">\n  <p><span class=\"TextRun SCXW17103692 BCX0\" lang=\"EN-US\" data-contrast=\"auto\" xml:lang=\"EN-US\"><span class=\"NormalTextRun SCXW17103692 BCX0\">Nuestro <\/span><span class=\"NormalTextRun SCXW17103692 BCX0\">vivero del oeste de Texas <\/span> <\/span><span class=\"TextRun Highlight SCXW17103692 BCX0\" lang=\"EN-US\" data-contrast=\"auto\" xml:lang=\"EN-US\"><span class=\"NormalTextRun SCXW17103692 BCX0\">Produce <\/span><span class=\"NormalTextRun SCXW17103692 BCX0\">pl\u00e1ntulas de \u00e1rboles y arbustos asequibles y de alta calidad<\/span><\/span><span class=\"TextRun SCXW17103692 BCX0\" lang=\"EN-US\" data-contrast=\"auto\" xml:lang=\"EN-US\"><span class=\"NormalTextRun SCXW17103692 BCX0\">. <\/span><span class=\"NormalTextRun SCXW17103692 BCX0\">un<\/span><\/span><span class=\"TextRun Highlight SCXW17103692 BCX0\" lang=\"EN-US\" data-contrast=\"auto\" xml:lang=\"EN-US\"><span class=\"NormalTextRun SCXW17103692 BCX0\">Muchas<\/span><span class=\"NormalTextRun SCXW17103692 BCX0\"> <\/span> <span class=\"NormalTextRun SCXW17103692 BCX0\"><span class=\"NormalTextRun SCXW17103692 BCX0\"> especies de \u00e1rboles se producen para la venta anualmente,<\/span><span class=\"NormalTextRun SCXW17103692 BCX0\"> desde pinos y \u00e1rboles de hoja perenne para los cortavientos del oeste de Texas hasta maderas duras, como el roble y la nuez, para la vida silvestre y las plantaciones de conservaci\u00f3n.<\/span><\/span><span class=\"NormalTextRun SCXW17103692 BCX0\"> <\/span><\/span><span class=\"EOP SCXW17103692 BCX0\" data-ccp-props=\"{\"201341983\":2,\"335551550\":1,\"335551620\":1,\"335559739\":75,\"335559740\":255}\"> <\/span><\/p>\n\n<\/div>            <\/div>\n          \n                      <div class=\"       text-lg sm:text-xl\n  \">\n              \n<a\n  href=\"https:\/\/westtexasnursery.com\/\n \"\n  class=\"\n    button-link-component\n    ghost\n    inline-block\n       text-center transition-colors\n    font-display font-medium uppercase tracking-wide\n    px-[--px]\n    border-3 border-transparent\n    text-theme-button-text-color\n    bg-theme-button-bg-color\n    hocus:bg-theme-button-hocus-bg-color\n    [&#038;.ghost]:bg-transparent\n    [&#038;.ghost]:border-theme-button-bg-color\n    [&#038;.ghost]:text-theme-button-bg-color\n    [&#038;.ghost]:hocus:bg-theme-button-bg-color\n    [&#038;.ghost]:hocus:text-theme-button-text-color no-underline\n    print:!bg-white print:!text-black\n  py-[.7em] [--px:1.2em]\n\n    \n  \"\n  >Visite nuestro sitio web de guarder\u00eda<\/a>\n\n            <\/div>\n                  <\/div>\n\n      <\/div>\n    <\/div>\n  <\/div>\n<\/div>\n            <\/div>\n          \n          \n        <\/div>\n      <\/div>\n    <\/div>\n  <\/div>\n<\/section>\n\n<p>West Texas Nursery tambi\u00e9n proporciona pl\u00e1ntulas para el programa de <a href=\"https:\/\/tfsweb.tamu.edu\/es\/bosque-y-tierra\/bosques-de-texas\/proyectos-de-restauracion-forestal\/restauracion-y-recuperacion-del-centro-de-texas\/\" data-type=\"page\" data-id=\"9647\">Restauraci\u00f3n y Recuperaci\u00f3n del Centro de Texas<\/a> y para varias ciudades, parques estatales y organizaciones no gubernamentales a trav\u00e9s de contratos de cultivo personalizados.  <\/p>\n\n<h2 class=\"wp-block-heading\">Cultivo por contrato personalizado de West Texas Nursery<\/h2>\n\n<p>Nuestro programa de cultivo de \u00e1rboles personalizado a gran escala est\u00e1 aqu\u00ed para usted. Con este programa, puedes:   <\/p>\n\n<ul class=\"wp-block-list\">\n<li>Utilice pl\u00e1ntulas de \u00e1rboles y arbustos nativos para sus proyectos de conservaci\u00f3n y restauraci\u00f3n  <\/li>\n<\/ul>\n\n<ul class=\"wp-block-list\">\n<li>Mantener la gen\u00e9tica deseada mediante el uso de material vegetal espec\u00edfico de la fuente  <\/li>\n<\/ul>\n\n<ul class=\"wp-block-list\">\n<li>Aseg\u00farate de que las plantas que necesitas est\u00e9n listas cuando las necesites  <\/li>\n<\/ul>\n\n<p>La producci\u00f3n de pl\u00e1ntulas por contrato anterior se ha realizado para la Ciudad de Austin, la Autoridad del R\u00edo San Antonio, la Fundaci\u00f3n Arbor Day, la Cooperativa El\u00e9ctrica Nueces y m\u00e1s. Para obtener m\u00e1s informaci\u00f3n sobre el cultivo por contrato personalizado, cont\u00e1ctenos en <a href=\"mailto:email%20wtn@tfs.tamu.edu\" target=\"_blank\" rel=\"noreferrer noopener\">wtn@tfs.tamu.edu<\/a>.   <\/p>\n\n<h2 class=\"wp-block-heading\">Instalaciones<\/h2>\n\n<p>Situados en 53 acres cerca de Lubbock, nuestros invernaderos producen hasta 140,000 pl\u00e1ntulas en contenedores cada a\u00f1o. Los campos de plantaci\u00f3n al aire libre tienen capacidad para 200,000 pl\u00e1ntulas adicionales de ra\u00edz desnuda. Nuestra ubicaci\u00f3n est\u00e1 a seis millas al noreste de Lubbock y a una milla al oeste de Idalou.  <\/p>\n\n\n\n\n\n<section\n            data-nc-component=\"contact-block\"\n            class=\"component-wrapper wysiwyg-embed \"\n    \n>\n  <div class=\"\n    \n        theme-any:bg-theme-bg-color\n    theme-any:text-theme-text-color\n         vertical-rhythm-standard theme-not-default:my-0 with-sidebar-up:theme-not-default:my-vertical-space with-sidebar-up-first:theme-not-default:mt-0 with-sidebar-up-last:theme-not-default:mb-0\n     theme-not-default:py-vertical-space\n    relative\n  \">\n\n    <div class=\"\">\n\n      \n            <div class=\"relative conditional-container theme-not-default:container\">\n\n        <div class=\"\n          flex flex-col space-y-8\n          \n          \n        \">\n          \n                      <div class=\"\">\n              <div class=\"\">  <div data-tw-theme=\"default\">\n    <div class=\"relative bg-theme-bg-color text-theme-text-color\">\n      <div class=\"relative p-molecule-padding sm:p-12 md:p-16\">\n        <div class=\"flex flex-col space-y-8 sm:space-y-10\">\n\n                      <div class=\"space-y-6 max-w-3xl mx-auto text-center\">\n                              <div>\n                  \n\n  \n \n     \n     \n     \n     \n                    \n\n   \n\n  <h2 class=\"text-theme-heading-color [&#038;_a:not(.fancy-link)]:underline [&#038;_a:not(.fancy-link)]:text-theme-fancy-link-color hocus:[&#038;_a:not(.fancy-link)]:text-theme-fancy-link-hocus-color [&#038;_a:not(.fancy-link)]:leading-[1.2]  font-normal font-display leading-[1.15] text-xl sm:text-size-2xl md:text-[calc(34rem\/16)] uppercase\" >\u00bfNecesita informaci\u00f3n adicional? \u00a1Estaremos encantados de ayudarte! <\/h2>\n\n                <\/div>\n              \n                              <div>\n                  <div class=\"\n  prose md:prose-lg \n  max-w-[--prose-max-width]\n    \n\">\n  <p>Con\u00e9ctese con nosotros para obtener m\u00e1s informaci\u00f3n sobre nuestras pl\u00e1ntulas, servicios e instalaciones.<\/p>\n\n<\/div>                <\/div>\n                          <\/div>\n          \n                      <ul\n              role=\"list\"\n              class=\"\n                grid grid-cols-1 gap-7\n                                  md:max-w-md md:mx-auto\n                              \"\n            >\n                              <li data-tw-theme=\"default\">\n                  <div class=\"\n                    h-full\n                    border-t-6 border-transparent\n                    can-hover:has-[a:hover]:border-theme-fancy-link-decoration-color\n                    has-[a:focus-visible]:border-theme-fancy-link-decoration-color\n                    transition-colors\n                  \">\n                    <div class=\"shadow bg-theme-bg-color text-theme-text-color p-4 xs:p-6 sm:p-8 space-y-6 flex flex-col justify-between items-center h-full\">\n                      \n                      <div class=\"       text-base sm:text-lg\n  \">\n                        \n<a\n  href=\"mailto: wtn@tfs.tamu.edu\"\n  class=\"\n    button-link-component\n    ghost\n    inline-block\n       text-center transition-colors\n    font-display font-medium uppercase tracking-wide\n    px-[--px]\n    border-3 border-transparent\n    text-theme-button-text-color\n    bg-theme-button-bg-color\n    hocus:bg-theme-button-hocus-bg-color\n    [&#038;.ghost]:bg-transparent\n    [&#038;.ghost]:border-theme-button-bg-color\n    [&#038;.ghost]:text-theme-button-bg-color\n    [&#038;.ghost]:hocus:bg-theme-button-bg-color\n    [&#038;.ghost]:hocus:text-theme-button-text-color no-underline\n    print:!bg-white print:!text-black\n  py-[.7em] [--px:1.2em]\n\n    \n  \"\n  >Cont\u00e1ctenos<\/a>\n\n                      <\/div>\n                    <\/div>\n                  <\/div>\n                <\/li>\n                          <\/ul>\n          \n        <\/div>\n      <\/div>\n    <\/div>\n  <\/div>\n<\/div>\n            <\/div>\n          \n          \n        <\/div>\n      <\/div>\n    <\/div>\n  <\/div>\n<\/section>\n","protected":false},"excerpt":{"rendered":"<p>West Texas Nursery tambi\u00e9n proporciona pl\u00e1ntulas para el programa de Restauraci\u00f3n y Recuperaci\u00f3n del Centro de Texas y para varias ciudades, parques estatales y organizaciones no gubernamentales a trav\u00e9s de contratos de cultivo personalizados. Cultivo por contrato personalizado de West Texas Nursery Nuestro programa de cultivo de \u00e1rboles personalizado a gran escala est\u00e1 aqu\u00ed para [&hellip;]<\/p>\n","protected":false},"author":35,"featured_media":0,"parent":18105,"menu_order":0,"comment_status":"closed","ping_status":"closed","template":"","meta":{"_acf_changed":false,"_relevanssi_hide_post":"","_relevanssi_hide_content":"","_relevanssi_pin_for_all":"","_relevanssi_pin_keywords":"","_relevanssi_unpin_keywords":"","_relevanssi_related_keywords":"","_relevanssi_related_include_ids":"","_relevanssi_related_exclude_ids":"","_relevanssi_related_no_append":"","_relevanssi_related_not_related":"","_relevanssi_related_posts":"","_relevanssi_noindex_reason":"","footnotes":""},"categories":[182],"class_list":["post-18129","page","type-page","status-publish","hentry","category-plantacion-de-arboles"],"acf":[],"yoast_head":"<!-- This site is optimized with the Yoast SEO plugin v26.7 - https:\/\/yoast.com\/wordpress\/plugins\/seo\/ -->\n<title>Vivero del Oeste de Texas - Servicio Forestal Texas A&amp;M<\/title>\n<meta name=\"robots\" content=\"index, follow, max-snippet:-1, max-image-preview:large, max-video-preview:-1\" \/>\n<link rel=\"canonical\" href=\"https:\/\/tfsweb.tamu.edu\/es\/bosque-y-tierra\/manejo-de-bosques-y-tierras\/plantacion-de-arboles-y-programas-de-mejoramiento\/vivero-del-oeste-de-texas\/\" \/>\n<meta property=\"og:locale\" content=\"es_ES\" \/>\n<meta property=\"og:type\" content=\"article\" \/>\n<meta property=\"og:title\" content=\"Vivero del Oeste de Texas - Servicio Forestal Texas A&amp;M\" \/>\n<meta property=\"og:description\" content=\"West Texas Nursery tambi\u00e9n proporciona pl\u00e1ntulas para el programa de Restauraci\u00f3n y Recuperaci\u00f3n del Centro de Texas y para varias ciudades, parques estatales y organizaciones no gubernamentales a trav\u00e9s de contratos de cultivo personalizados. Cultivo por contrato personalizado de West Texas Nursery Nuestro programa de cultivo de \u00e1rboles personalizado a gran escala est\u00e1 aqu\u00ed para [&hellip;]\" \/>\n<meta property=\"og:url\" content=\"https:\/\/tfsweb.tamu.edu\/es\/bosque-y-tierra\/manejo-de-bosques-y-tierras\/plantacion-de-arboles-y-programas-de-mejoramiento\/vivero-del-oeste-de-texas\/\" \/>\n<meta property=\"og:site_name\" content=\"Servicio Forestal Texas A&amp;M\" \/>\n<meta property=\"article:modified_time\" content=\"2025-04-23T19:04:45+00:00\" \/>\n<meta name=\"twitter:card\" content=\"summary_large_image\" \/>\n<meta name=\"twitter:label1\" content=\"Est. reading time\" \/>\n\t<meta name=\"twitter:data1\" content=\"1 minuto\" \/>\n<script type=\"application\/ld+json\" class=\"yoast-schema-graph\">{\"@context\":\"https:\/\/schema.org\",\"@graph\":[{\"@type\":\"WebPage\",\"@id\":\"https:\/\/tfsweb.tamu.edu\/es\/bosque-y-tierra\/manejo-de-bosques-y-tierras\/plantacion-de-arboles-y-programas-de-mejoramiento\/vivero-del-oeste-de-texas\/\",\"url\":\"https:\/\/tfsweb.tamu.edu\/es\/bosque-y-tierra\/manejo-de-bosques-y-tierras\/plantacion-de-arboles-y-programas-de-mejoramiento\/vivero-del-oeste-de-texas\/\",\"name\":\"Vivero del Oeste de Texas - Servicio Forestal Texas A&M\",\"isPartOf\":{\"@id\":\"https:\/\/tfsweb.tamu.edu\/#website\"},\"datePublished\":\"2024-10-14T15:46:02+00:00\",\"dateModified\":\"2025-04-23T19:04:45+00:00\",\"breadcrumb\":{\"@id\":\"https:\/\/tfsweb.tamu.edu\/es\/bosque-y-tierra\/manejo-de-bosques-y-tierras\/plantacion-de-arboles-y-programas-de-mejoramiento\/vivero-del-oeste-de-texas\/#breadcrumb\"},\"inLanguage\":\"es\",\"potentialAction\":[{\"@type\":\"ReadAction\",\"target\":[\"https:\/\/tfsweb.tamu.edu\/es\/bosque-y-tierra\/manejo-de-bosques-y-tierras\/plantacion-de-arboles-y-programas-de-mejoramiento\/vivero-del-oeste-de-texas\/\"]}]},{\"@type\":\"BreadcrumbList\",\"@id\":\"https:\/\/tfsweb.tamu.edu\/es\/bosque-y-tierra\/manejo-de-bosques-y-tierras\/plantacion-de-arboles-y-programas-de-mejoramiento\/vivero-del-oeste-de-texas\/#breadcrumb\",\"itemListElement\":[{\"@type\":\"ListItem\",\"position\":1,\"name\":\"Home\",\"item\":\"https:\/\/tfsweb.tamu.edu\/es\/pagina-principal\/\"},{\"@type\":\"ListItem\",\"position\":2,\"name\":\"Bosque y Tierra\",\"item\":\"https:\/\/tfsweb.tamu.edu\/es\/bosque-y-tierra\/\"},{\"@type\":\"ListItem\",\"position\":3,\"name\":\"Manejo de Bosques y Tierras\",\"item\":\"https:\/\/tfsweb.tamu.edu\/es\/bosque-y-tierra\/manejo-de-bosques-y-tierras\/\"},{\"@type\":\"ListItem\",\"position\":4,\"name\":\"Plantaci\u00f3n de \u00e1rboles y programas de mejoramiento\",\"item\":\"https:\/\/tfsweb.tamu.edu\/es\/bosque-y-tierra\/manejo-de-bosques-y-tierras\/plantacion-de-arboles-y-programas-de-mejoramiento\/\"},{\"@type\":\"ListItem\",\"position\":5,\"name\":\"Vivero del Oeste de Texas\"}]},{\"@type\":\"WebSite\",\"@id\":\"https:\/\/tfsweb.tamu.edu\/#website\",\"url\":\"https:\/\/tfsweb.tamu.edu\/\",\"name\":\"Servicio Forestal Texas A&M\",\"description\":\"\",\"potentialAction\":[{\"@type\":\"SearchAction\",\"target\":{\"@type\":\"EntryPoint\",\"urlTemplate\":\"https:\/\/tfsweb.tamu.edu\/?s={search_term_string}\"},\"query-input\":{\"@type\":\"PropertyValueSpecification\",\"valueRequired\":true,\"valueName\":\"search_term_string\"}}],\"inLanguage\":\"es\"}]}<\/script>\n<!-- \/ Yoast SEO plugin. -->","yoast_head_json":{"title":"Vivero del Oeste de Texas - Servicio Forestal Texas A&M","robots":{"index":"index","follow":"follow","max-snippet":"max-snippet:-1","max-image-preview":"max-image-preview:large","max-video-preview":"max-video-preview:-1"},"canonical":"https:\/\/tfsweb.tamu.edu\/es\/bosque-y-tierra\/manejo-de-bosques-y-tierras\/plantacion-de-arboles-y-programas-de-mejoramiento\/vivero-del-oeste-de-texas\/","og_locale":"es_ES","og_type":"article","og_title":"Vivero del Oeste de Texas - Servicio Forestal Texas A&M","og_description":"West Texas Nursery tambi\u00e9n proporciona pl\u00e1ntulas para el programa de Restauraci\u00f3n y Recuperaci\u00f3n del Centro de Texas y para varias ciudades, parques estatales y organizaciones no gubernamentales a trav\u00e9s de contratos de cultivo personalizados. Cultivo por contrato personalizado de West Texas Nursery Nuestro programa de cultivo de \u00e1rboles personalizado a gran escala est\u00e1 aqu\u00ed para [&hellip;]","og_url":"https:\/\/tfsweb.tamu.edu\/es\/bosque-y-tierra\/manejo-de-bosques-y-tierras\/plantacion-de-arboles-y-programas-de-mejoramiento\/vivero-del-oeste-de-texas\/","og_site_name":"Servicio Forestal Texas A&M","article_modified_time":"2025-04-23T19:04:45+00:00","twitter_card":"summary_large_image","twitter_misc":{"Est. reading time":"1 minuto"},"schema":{"@context":"https:\/\/schema.org","@graph":[{"@type":"WebPage","@id":"https:\/\/tfsweb.tamu.edu\/es\/bosque-y-tierra\/manejo-de-bosques-y-tierras\/plantacion-de-arboles-y-programas-de-mejoramiento\/vivero-del-oeste-de-texas\/","url":"https:\/\/tfsweb.tamu.edu\/es\/bosque-y-tierra\/manejo-de-bosques-y-tierras\/plantacion-de-arboles-y-programas-de-mejoramiento\/vivero-del-oeste-de-texas\/","name":"Vivero del Oeste de Texas - Servicio Forestal Texas A&M","isPartOf":{"@id":"https:\/\/tfsweb.tamu.edu\/#website"},"datePublished":"2024-10-14T15:46:02+00:00","dateModified":"2025-04-23T19:04:45+00:00","breadcrumb":{"@id":"https:\/\/tfsweb.tamu.edu\/es\/bosque-y-tierra\/manejo-de-bosques-y-tierras\/plantacion-de-arboles-y-programas-de-mejoramiento\/vivero-del-oeste-de-texas\/#breadcrumb"},"inLanguage":"es","potentialAction":[{"@type":"ReadAction","target":["https:\/\/tfsweb.tamu.edu\/es\/bosque-y-tierra\/manejo-de-bosques-y-tierras\/plantacion-de-arboles-y-programas-de-mejoramiento\/vivero-del-oeste-de-texas\/"]}]},{"@type":"BreadcrumbList","@id":"https:\/\/tfsweb.tamu.edu\/es\/bosque-y-tierra\/manejo-de-bosques-y-tierras\/plantacion-de-arboles-y-programas-de-mejoramiento\/vivero-del-oeste-de-texas\/#breadcrumb","itemListElement":[{"@type":"ListItem","position":1,"name":"Home","item":"https:\/\/tfsweb.tamu.edu\/es\/pagina-principal\/"},{"@type":"ListItem","position":2,"name":"Bosque y Tierra","item":"https:\/\/tfsweb.tamu.edu\/es\/bosque-y-tierra\/"},{"@type":"ListItem","position":3,"name":"Manejo de Bosques y Tierras","item":"https:\/\/tfsweb.tamu.edu\/es\/bosque-y-tierra\/manejo-de-bosques-y-tierras\/"},{"@type":"ListItem","position":4,"name":"Plantaci\u00f3n de \u00e1rboles y programas de mejoramiento","item":"https:\/\/tfsweb.tamu.edu\/es\/bosque-y-tierra\/manejo-de-bosques-y-tierras\/plantacion-de-arboles-y-programas-de-mejoramiento\/"},{"@type":"ListItem","position":5,"name":"Vivero del Oeste de Texas"}]},{"@type":"WebSite","@id":"https:\/\/tfsweb.tamu.edu\/#website","url":"https:\/\/tfsweb.tamu.edu\/","name":"Servicio Forestal Texas A&M","description":"","potentialAction":[{"@type":"SearchAction","target":{"@type":"EntryPoint","urlTemplate":"https:\/\/tfsweb.tamu.edu\/?s={search_term_string}"},"query-input":{"@type":"PropertyValueSpecification","valueRequired":true,"valueName":"search_term_string"}}],"inLanguage":"es"}]}},"_links":{"self":[{"href":"https:\/\/tfsweb.tamu.edu\/es\/wp-json\/wp\/v2\/pages\/18129","targetHints":{"allow":["GET"]}}],"collection":[{"href":"https:\/\/tfsweb.tamu.edu\/es\/wp-json\/wp\/v2\/pages"}],"about":[{"href":"https:\/\/tfsweb.tamu.edu\/es\/wp-json\/wp\/v2\/types\/page"}],"author":[{"embeddable":true,"href":"https:\/\/tfsweb.tamu.edu\/es\/wp-json\/wp\/v2\/users\/35"}],"replies":[{"embeddable":true,"href":"https:\/\/tfsweb.tamu.edu\/es\/wp-json\/wp\/v2\/comments?post=18129"}],"version-history":[{"count":0,"href":"https:\/\/tfsweb.tamu.edu\/es\/wp-json\/wp\/v2\/pages\/18129\/revisions"}],"up":[{"embeddable":true,"href":"https:\/\/tfsweb.tamu.edu\/es\/wp-json\/wp\/v2\/pages\/18105"}],"wp:attachment":[{"href":"https:\/\/tfsweb.tamu.edu\/es\/wp-json\/wp\/v2\/media?parent=18129"}],"wp:term":[{"taxonomy":"category","embeddable":true,"href":"https:\/\/tfsweb.tamu.edu\/es\/wp-json\/wp\/v2\/categories?post=18129"}],"curies":[{"name":"wp","href":"https:\/\/api.w.org\/{rel}","templated":true}]}}