{"id":18182,"date":"2024-10-14T10:49:02","date_gmt":"2024-10-14T16:49:02","guid":{"rendered":"https:\/\/tfsweb.tamu.edu\/tree-care\/cuidado-de-los-arboles\/fertilizacion\/"},"modified":"2025-04-23T13:06:21","modified_gmt":"2025-04-23T19:06:21","slug":"fertilizacion","status":"publish","type":"page","link":"https:\/\/tfsweb.tamu.edu\/es\/tree-care\/cuidado-de-los-arboles\/fertilizacion\/","title":{"rendered":"Fertilizaci\u00f3n"},"content":{"rendered":"\n\n\n\n<header\n      data-tw-theme=\"tan-300\"      data-nc-component=\"flex-page-header\"\n            class=\"component-wrapper wysiwyg-embed \"\n    \n>\n  <div class=\"\n    full-bleed-outer\n        theme-any:bg-theme-bg-color\n    theme-any:text-theme-text-color\n         vertical-rhythm-standard theme-not-default:my-0 with-sidebar-up:theme-not-default:my-vertical-space with-sidebar-up-first:theme-not-default:mt-0 with-sidebar-up-last:theme-not-default:mb-0\n      \n    relative\n  \">\n\n    <div class=\"full-bleed-inner\">\n\n      \n            <div class=\"relative conditional-container theme-not-default:container\">\n\n        <div class=\"\n          flex flex-col space-y-8\n          \n          \n        \">\n          \n                      <div class=\"\">\n              <div class=\"\">  <div class=\"grid grid-cols-1 \">\n    <div class=\"relative flex items-center py-vertical-space-padding \">\n              <div\n          aria-hidden=\"true\" tabindex=\"-1\"\n          class=\"\n            print:hidden\n            absolute inset-0 descendants:w-full descendants:h-full\n            [&#038;_img]:object-cover [&#038;_img]:grayscale\n            after:absolute after:inset-0 after:bg-gradient-to-b after:from-theme-bg-color after:to-theme-bg-color\/90\n            -mx-container-offset \n          \"\n        ><picture><img loading=\"lazy\" decoding=\"async\" width=\"1400\" height=\"1000\" src=\"https:\/\/tfsweb.tamu.edu\/wp-content\/uploads\/2024\/10\/Tree-Being-Watered-1400x1000.jpg\" class=\"attachment-full_background size-full_background\" alt=\"Un \u00e1rbol que se riega durante una sequ\u00eda con una manguera de f\u00fatbol\" \/><\/picture><\/div>\n            <div class=\"relative space-y-6 max-w-3xl\">\n        <div>\n          \n\n  \n \n     \n     \n     \n     \n                    \n\n   \n\n  <h1 class=\"text-theme-heading-color [&#038;_a:not(.fancy-link)]:underline [&#038;_a:not(.fancy-link)]:text-theme-fancy-link-color hocus:[&#038;_a:not(.fancy-link)]:text-theme-fancy-link-hocus-color  font-normal font-display leading-[1.15] uppercase first-line:overline first-line:decoration-2 first-line:decoration-theme-accent-color text-4xl sm:text-size-5xl md:text-[calc(64rem\/16)]\" >Fertilizaci\u00f3n<\/h1>\n\n        <\/div>\n\n              <\/div>\n    <\/div>\n\n      <\/div>\n<\/div>\n            <\/div>\n          \n          \n        <\/div>\n      <\/div>\n    <\/div>\n  <\/div>\n<\/header>\n\n<p>La mayor\u00eda de los \u00e1rboles de jardiner\u00eda no necesitan fertilizante. Es mejor concentrarse en el riego y el <a href=\"https:\/\/tfsweb.tamu.edu\/trees\/tree-care\/mulching\/\" data-type=\"page\" data-id=\"9674\">mantillo<\/a> para ayudar a que sus \u00e1rboles crezcan. En lugar de fertilizantes qu\u00edmicos, considere esparcir una capa delgada de compost en el suelo cada a\u00f1o para mejorar la salud del suelo y agregar nutrientes. Se puede agregar compost debajo del mantillo.     <\/p>\n\n<p>Si cree que a su suelo le pueden faltar nutrientes importantes, h\u00e1galo analizar antes de aplicar el fertilizante.  <\/p>\n\n<p>Si una prueba de suelo revela la necesidad de fertilizante, siga estos principios:  <\/p>\n\n<ul class=\"wp-block-list\">\n<li>Siga siempre las instrucciones del fabricante cuando aplique el fertilizante. Demasiado puede da\u00f1ar o matar el \u00e1rbol.   <\/li>\n<\/ul>\n\n<ul class=\"wp-block-list\">\n<li>No fertilice justo despu\u00e9s de plantar. Dale tiempo al \u00e1rbol para que se adapte antes de aplicar cualquier fertilizante.   <\/li>\n<\/ul>\n\n<ul class=\"wp-block-list\">\n<li>Los fertilizantes necesitan humedad para funcionar, as\u00ed que riegue el \u00e1rea antes de aplicar el fertilizante y siga regando regularmente mientras el fertilizante est\u00e9 activo.  <\/li>\n<\/ul>\n\n<p>Algunos fertilizantes tienen herbicidas de hoja ancha, como los de los productos de \u00abMalezas y Piensos\u00bb. Dado que los \u00e1rboles son plantas de hoja ancha, el uso de estos herbicidas puede causar decoloraci\u00f3n de las hojas, enroscamiento, quemaduras, muerte regresiva de las ramas o incluso matar el \u00e1rbol.   <\/p>\n\n<p>Para evitar la necesidad de fertilizantes, plante \u00e1rboles que se adapten al suelo del sitio de plantaci\u00f3n. Los \u00e1rboles aut\u00f3ctonos est\u00e1n bien adaptados a los suelos nativos.   <\/p>\n","protected":false},"excerpt":{"rendered":"<p>La mayor\u00eda de los \u00e1rboles de jardiner\u00eda no necesitan fertilizante. Es mejor concentrarse en el riego y el mantillo para ayudar a que sus \u00e1rboles crezcan. En lugar de fertilizantes qu\u00edmicos, considere esparcir una capa delgada de compost en el suelo cada a\u00f1o para mejorar la salud del suelo y agregar nutrientes. Se puede agregar [&hellip;]<\/p>\n","protected":false},"author":35,"featured_media":0,"parent":18094,"menu_order":3,"comment_status":"closed","ping_status":"closed","template":"","meta":{"_acf_changed":false,"_relevanssi_hide_post":"","_relevanssi_hide_content":"","_relevanssi_pin_for_all":"","_relevanssi_pin_keywords":"","_relevanssi_unpin_keywords":"","_relevanssi_related_keywords":"","_relevanssi_related_include_ids":"","_relevanssi_related_exclude_ids":"","_relevanssi_related_no_append":"","_relevanssi_related_not_related":"","_relevanssi_related_posts":"","_relevanssi_noindex_reason":"","footnotes":""},"categories":[97,182],"class_list":["post-18182","page","type-page","status-publish","hentry","category-arboles","category-plantacion-de-arboles"],"acf":[],"yoast_head":"<!-- This site is optimized with the Yoast SEO plugin v26.7 - https:\/\/yoast.com\/wordpress\/plugins\/seo\/ -->\n<title>Fertilizaci\u00f3n - Servicio Forestal Texas A&amp;M<\/title>\n<meta name=\"robots\" content=\"index, follow, max-snippet:-1, max-image-preview:large, max-video-preview:-1\" \/>\n<link rel=\"canonical\" href=\"https:\/\/tfsweb.tamu.edu\/es\/tree-care\/cuidado-de-los-arboles\/fertilizacion\/\" \/>\n<meta property=\"og:locale\" content=\"es_ES\" \/>\n<meta property=\"og:type\" content=\"article\" \/>\n<meta property=\"og:title\" content=\"Fertilizaci\u00f3n - Servicio Forestal Texas A&amp;M\" \/>\n<meta property=\"og:description\" content=\"La mayor\u00eda de los \u00e1rboles de jardiner\u00eda no necesitan fertilizante. Es mejor concentrarse en el riego y el mantillo para ayudar a que sus \u00e1rboles crezcan. En lugar de fertilizantes qu\u00edmicos, considere esparcir una capa delgada de compost en el suelo cada a\u00f1o para mejorar la salud del suelo y agregar nutrientes. Se puede agregar [&hellip;]\" \/>\n<meta property=\"og:url\" content=\"https:\/\/tfsweb.tamu.edu\/es\/tree-care\/cuidado-de-los-arboles\/fertilizacion\/\" \/>\n<meta property=\"og:site_name\" content=\"Servicio Forestal Texas A&amp;M\" \/>\n<meta property=\"article:modified_time\" content=\"2025-04-23T19:06:21+00:00\" \/>\n<meta name=\"twitter:card\" content=\"summary_large_image\" \/>\n<meta name=\"twitter:label1\" content=\"Est. reading time\" \/>\n\t<meta name=\"twitter:data1\" content=\"1 minuto\" \/>\n<script type=\"application\/ld+json\" class=\"yoast-schema-graph\">{\"@context\":\"https:\/\/schema.org\",\"@graph\":[{\"@type\":\"WebPage\",\"@id\":\"https:\/\/tfsweb.tamu.edu\/es\/tree-care\/cuidado-de-los-arboles\/fertilizacion\/\",\"url\":\"https:\/\/tfsweb.tamu.edu\/es\/tree-care\/cuidado-de-los-arboles\/fertilizacion\/\",\"name\":\"Fertilizaci\u00f3n - Servicio Forestal Texas A&M\",\"isPartOf\":{\"@id\":\"https:\/\/tfsweb.tamu.edu\/#website\"},\"datePublished\":\"2024-10-14T16:49:02+00:00\",\"dateModified\":\"2025-04-23T19:06:21+00:00\",\"breadcrumb\":{\"@id\":\"https:\/\/tfsweb.tamu.edu\/es\/tree-care\/cuidado-de-los-arboles\/fertilizacion\/#breadcrumb\"},\"inLanguage\":\"es\",\"potentialAction\":[{\"@type\":\"ReadAction\",\"target\":[\"https:\/\/tfsweb.tamu.edu\/es\/tree-care\/cuidado-de-los-arboles\/fertilizacion\/\"]}]},{\"@type\":\"BreadcrumbList\",\"@id\":\"https:\/\/tfsweb.tamu.edu\/es\/tree-care\/cuidado-de-los-arboles\/fertilizacion\/#breadcrumb\",\"itemListElement\":[{\"@type\":\"ListItem\",\"position\":1,\"name\":\"Home\",\"item\":\"https:\/\/tfsweb.tamu.edu\/es\/pagina-principal\/\"},{\"@type\":\"ListItem\",\"position\":2,\"name\":\"\u00c1rboles\",\"item\":\"https:\/\/tfsweb.tamu.edu\/es\/tree-care\/\"},{\"@type\":\"ListItem\",\"position\":3,\"name\":\"Cuidado de los \u00e1rboles\",\"item\":\"https:\/\/tfsweb.tamu.edu\/es\/tree-care\/cuidado-de-los-arboles\/\"},{\"@type\":\"ListItem\",\"position\":4,\"name\":\"Fertilizaci\u00f3n\"}]},{\"@type\":\"WebSite\",\"@id\":\"https:\/\/tfsweb.tamu.edu\/#website\",\"url\":\"https:\/\/tfsweb.tamu.edu\/\",\"name\":\"Servicio Forestal Texas A&M\",\"description\":\"\",\"potentialAction\":[{\"@type\":\"SearchAction\",\"target\":{\"@type\":\"EntryPoint\",\"urlTemplate\":\"https:\/\/tfsweb.tamu.edu\/?s={search_term_string}\"},\"query-input\":{\"@type\":\"PropertyValueSpecification\",\"valueRequired\":true,\"valueName\":\"search_term_string\"}}],\"inLanguage\":\"es\"}]}<\/script>\n<!-- \/ Yoast SEO plugin. -->","yoast_head_json":{"title":"Fertilizaci\u00f3n - Servicio Forestal Texas A&M","robots":{"index":"index","follow":"follow","max-snippet":"max-snippet:-1","max-image-preview":"max-image-preview:large","max-video-preview":"max-video-preview:-1"},"canonical":"https:\/\/tfsweb.tamu.edu\/es\/tree-care\/cuidado-de-los-arboles\/fertilizacion\/","og_locale":"es_ES","og_type":"article","og_title":"Fertilizaci\u00f3n - Servicio Forestal Texas A&M","og_description":"La mayor\u00eda de los \u00e1rboles de jardiner\u00eda no necesitan fertilizante. Es mejor concentrarse en el riego y el mantillo para ayudar a que sus \u00e1rboles crezcan. En lugar de fertilizantes qu\u00edmicos, considere esparcir una capa delgada de compost en el suelo cada a\u00f1o para mejorar la salud del suelo y agregar nutrientes. Se puede agregar [&hellip;]","og_url":"https:\/\/tfsweb.tamu.edu\/es\/tree-care\/cuidado-de-los-arboles\/fertilizacion\/","og_site_name":"Servicio Forestal Texas A&M","article_modified_time":"2025-04-23T19:06:21+00:00","twitter_card":"summary_large_image","twitter_misc":{"Est. reading time":"1 minuto"},"schema":{"@context":"https:\/\/schema.org","@graph":[{"@type":"WebPage","@id":"https:\/\/tfsweb.tamu.edu\/es\/tree-care\/cuidado-de-los-arboles\/fertilizacion\/","url":"https:\/\/tfsweb.tamu.edu\/es\/tree-care\/cuidado-de-los-arboles\/fertilizacion\/","name":"Fertilizaci\u00f3n - Servicio Forestal Texas A&M","isPartOf":{"@id":"https:\/\/tfsweb.tamu.edu\/#website"},"datePublished":"2024-10-14T16:49:02+00:00","dateModified":"2025-04-23T19:06:21+00:00","breadcrumb":{"@id":"https:\/\/tfsweb.tamu.edu\/es\/tree-care\/cuidado-de-los-arboles\/fertilizacion\/#breadcrumb"},"inLanguage":"es","potentialAction":[{"@type":"ReadAction","target":["https:\/\/tfsweb.tamu.edu\/es\/tree-care\/cuidado-de-los-arboles\/fertilizacion\/"]}]},{"@type":"BreadcrumbList","@id":"https:\/\/tfsweb.tamu.edu\/es\/tree-care\/cuidado-de-los-arboles\/fertilizacion\/#breadcrumb","itemListElement":[{"@type":"ListItem","position":1,"name":"Home","item":"https:\/\/tfsweb.tamu.edu\/es\/pagina-principal\/"},{"@type":"ListItem","position":2,"name":"\u00c1rboles","item":"https:\/\/tfsweb.tamu.edu\/es\/tree-care\/"},{"@type":"ListItem","position":3,"name":"Cuidado de los \u00e1rboles","item":"https:\/\/tfsweb.tamu.edu\/es\/tree-care\/cuidado-de-los-arboles\/"},{"@type":"ListItem","position":4,"name":"Fertilizaci\u00f3n"}]},{"@type":"WebSite","@id":"https:\/\/tfsweb.tamu.edu\/#website","url":"https:\/\/tfsweb.tamu.edu\/","name":"Servicio Forestal Texas A&M","description":"","potentialAction":[{"@type":"SearchAction","target":{"@type":"EntryPoint","urlTemplate":"https:\/\/tfsweb.tamu.edu\/?s={search_term_string}"},"query-input":{"@type":"PropertyValueSpecification","valueRequired":true,"valueName":"search_term_string"}}],"inLanguage":"es"}]}},"_links":{"self":[{"href":"https:\/\/tfsweb.tamu.edu\/es\/wp-json\/wp\/v2\/pages\/18182","targetHints":{"allow":["GET"]}}],"collection":[{"href":"https:\/\/tfsweb.tamu.edu\/es\/wp-json\/wp\/v2\/pages"}],"about":[{"href":"https:\/\/tfsweb.tamu.edu\/es\/wp-json\/wp\/v2\/types\/page"}],"author":[{"embeddable":true,"href":"https:\/\/tfsweb.tamu.edu\/es\/wp-json\/wp\/v2\/users\/35"}],"replies":[{"embeddable":true,"href":"https:\/\/tfsweb.tamu.edu\/es\/wp-json\/wp\/v2\/comments?post=18182"}],"version-history":[{"count":0,"href":"https:\/\/tfsweb.tamu.edu\/es\/wp-json\/wp\/v2\/pages\/18182\/revisions"}],"up":[{"embeddable":true,"href":"https:\/\/tfsweb.tamu.edu\/es\/wp-json\/wp\/v2\/pages\/18094"}],"wp:attachment":[{"href":"https:\/\/tfsweb.tamu.edu\/es\/wp-json\/wp\/v2\/media?parent=18182"}],"wp:term":[{"taxonomy":"category","embeddable":true,"href":"https:\/\/tfsweb.tamu.edu\/es\/wp-json\/wp\/v2\/categories?post=18182"}],"curies":[{"name":"wp","href":"https:\/\/api.w.org\/{rel}","templated":true}]}}