{"id":18203,"date":"2024-10-14T10:50:02","date_gmt":"2024-10-14T16:50:02","guid":{"rendered":"https:\/\/tfsweb.tamu.edu\/tree-care\/salud-de-los-arboles\/enfermedades\/enfermedades-de-la-hoja-de-roble\/"},"modified":"2025-04-23T13:06:47","modified_gmt":"2025-04-23T19:06:47","slug":"enfermedades-de-la-hoja-de-roble","status":"publish","type":"page","link":"https:\/\/tfsweb.tamu.edu\/es\/tree-care\/salud-de-los-arboles\/enfermedades\/enfermedades-de-la-hoja-de-roble\/","title":{"rendered":"Enfermedades de la hoja de roble"},"content":{"rendered":"\n\n\n\n<header\n      data-tw-theme=\"tan-300\"      data-nc-component=\"flex-page-header\"\n            class=\"component-wrapper wysiwyg-embed \"\n    \n>\n  <div class=\"\n    full-bleed-outer\n        theme-any:bg-theme-bg-color\n    theme-any:text-theme-text-color\n         vertical-rhythm-standard theme-not-default:my-0 with-sidebar-up:theme-not-default:my-vertical-space with-sidebar-up-first:theme-not-default:mt-0 with-sidebar-up-last:theme-not-default:mb-0\n      \n    relative\n  \">\n\n    <div class=\"full-bleed-inner\">\n\n      \n            <div class=\"relative conditional-container theme-not-default:container\">\n\n        <div class=\"\n          flex flex-col space-y-8\n          \n          \n        \">\n          \n                      <div class=\"\">\n              <div class=\"\">  <div class=\"grid grid-cols-1 lg:grid-cols-2\">\n    <div class=\"relative flex items-center py-vertical-space-padding lg:[--vertical-space-padding:8rem]\">\n              <div\n          aria-hidden=\"true\" tabindex=\"-1\"\n          class=\"\n            print:hidden\n            absolute inset-0 descendants:w-full descendants:h-full\n            [&#038;_img]:object-cover [&#038;_img]:grayscale\n            after:absolute after:inset-0 after:bg-gradient-to-b after:from-theme-bg-color after:to-theme-bg-color\/90\n            -mx-container-offset lg:mr-0\n          \"\n        ><picture><img loading=\"lazy\" decoding=\"async\" width=\"1400\" height=\"1000\" src=\"https:\/\/tfsweb.tamu.edu\/wp-content\/uploads\/2024\/10\/Forest-Canopy-1400x1000.jpg\" class=\"attachment-full_background size-full_background\" alt=\"Una vista hacia arriba del dosel del bosque\" \/><\/picture><\/div>\n            <div class=\"relative space-y-6 lg:pr-12 lg:max-w-lg\">\n        <div>\n          \n\n  \n \n     \n     \n     \n     \n                    \n\n   \n\n  <h1 class=\"text-theme-heading-color [&#038;_a:not(.fancy-link)]:underline [&#038;_a:not(.fancy-link)]:text-theme-fancy-link-color hocus:[&#038;_a:not(.fancy-link)]:text-theme-fancy-link-hocus-color  font-normal font-display leading-[1.15] uppercase first-line:overline first-line:decoration-2 first-line:decoration-theme-accent-color text-4xl sm:text-size-5xl md:text-[calc(64rem\/16)]\" >Enfermedades de la hoja de roble<\/h1>\n\n        <\/div>\n\n              <\/div>\n    <\/div>\n\n          <div class=\"\n        print:hidden\n        descendants:w-full descendants:h-full [&#038;_img]:object-cover\n        -mx-container-offset lg:ml-0\n      \">\n        <picture><img loading=\"lazy\" decoding=\"async\" width=\"1024\" height=\"768\" src=\"https:\/\/tfsweb.tamu.edu\/wp-content\/uploads\/2024\/11\/Oak-Leaf-Disease-1024x768.jpg\" class=\"attachment-large size-large\" alt=\"Un primer plano de una hoja de roble que ha sido infectada con la enfermedad de la hoja de roble\" srcset=\"https:\/\/tfsweb.tamu.edu\/wp-content\/uploads\/2024\/11\/Oak-Leaf-Disease-1024x768.jpg 1024w, https:\/\/tfsweb.tamu.edu\/wp-content\/uploads\/2024\/11\/Oak-Leaf-Disease-300x225.jpg 300w, https:\/\/tfsweb.tamu.edu\/wp-content\/uploads\/2024\/11\/Oak-Leaf-Disease-768x576.jpg 768w, https:\/\/tfsweb.tamu.edu\/wp-content\/uploads\/2024\/11\/Oak-Leaf-Disease.jpg 1200w\" sizes=\"auto, (max-width: 1024px) 100vw, 1024px\" \/><\/picture>\n      <\/div>\n      <\/div>\n<\/div>\n            <\/div>\n          \n          \n        <\/div>\n      <\/div>\n    <\/div>\n  <\/div>\n<\/header>\n\n<p>La enfermedad m\u00e1s com\u00fan y f\u00e1cilmente perceptible de los robles son los hongos foliares conocidos como manchas foliares. Estos hongos infectan las hojas, y en algunos casos las ramitas y brotes, de los robles causando decoloraci\u00f3n, manchas y p\u00e9rdida de hojas.   <\/p>\n\n<p>Varias especies de hongos causan manchas en las hojas. Algunos de los m\u00e1s comunes son la tubakia, la antracnosis, la mancha de alquitr\u00e1n, la ampolla de la hoja de roble y la roya del roble. Estas enfermedades tienen mucho en com\u00fan, incluidas las formas en que se propagan, el da\u00f1o que causan y c\u00f3mo las controlamos.    <\/p>\n\n<p>Los brotes repetidos de manchas foliares, particularmente en combinaci\u00f3n con otros factores estresantes, pueden provocar un deterioro de la salud de los \u00e1rboles con el tiempo.  <\/p>\n\n<h2 class=\"wp-block-heading\">Propagaci\u00f3n<\/h2>\n\n<p>Los hongos se reproducen y se propagan a trav\u00e9s de las esporas. En la mayor\u00eda de los hongos foliares, estas esporas pueden esperar durante el invierno en la hojarasca que se ha acumulado debajo de un \u00e1rbol infectado. Durante la primavera, la lluvia y el viento pueden perturbar las esporas, transport\u00e1ndolas a las hojas frescas causando una nueva infecci\u00f3n.    <\/p>\n\n<p>Debido a que hay m\u00e1s sombra y humedad en el dosel inferior, la mayor\u00eda de estas enfermedades a menudo se notan primero en las ramas inferiores del \u00e1rbol. Luego se mueven lentamente hacia arriba hacia la corona.   <\/p>\n\n<p>La mayor\u00eda de los hongos prefieren los ambientes h\u00famedos y c\u00e1lidos, por lo que las infestaciones a menudo alcanzan su punto m\u00e1ximo en el verano despu\u00e9s de una primavera h\u00fameda. Las infestaciones pueden variar de un a\u00f1o a otro dependiendo de las condiciones ambientales.   <\/p>\n\n<h2 class=\"wp-block-heading\">Signos y s\u00edntomas<\/h2>\n\n<p>Generalmente, las enfermedades de las hojas aparecer\u00e1n como manchas naranjas, amarillas, negras o marrones en la superficie o la parte inferior de la hoja. En algunos casos, estas manchas pueden convertirse en parches muertos que se extienden por toda la superficie de la hoja.   <\/p>\n\n<p>La deformidad de la propia hoja puede estar asociada a algunas de las enfermedades. En los casos m\u00e1s extremos puede producirse la p\u00e9rdida de hojas. Los s\u00edntomas exactos pueden variar seg\u00fan la especie de roble y el tipo de hongo infeccioso.    <\/p>\n\n<ul class=\"wp-block-list\">\n<li>La antracnosis produce puntos muertos asociados con las venas y el ahuecamiento o enroscamiento de las hojas, con infecciones que ocurren a principios de la primavera.  <\/li>\n<\/ul>\n\n<ul class=\"wp-block-list\">\n<li>Tubakia es m\u00e1s grave a finales del verano y principios del oto\u00f1o. Las esporas hibernan durante el invierno en ramitas y hojas infectadas y se propagan por el viento y las salpicaduras de la lluvia. Las manchas foliares causadas por Tubakia son circulares y, por lo general, est\u00e1n rodeadas por un halo amarillo. Se puede ver una raya muerta cuando una mancha llega a una vena de la hoja y se expande muy r\u00e1pidamente.     <\/li>\n<\/ul>\n\n<ul class=\"wp-block-list\">\n<li>Las esporas de la ampolla de la hoja de roble hibernan durante el invierno en el brote e infestan las hojas nuevas durante condiciones frescas y h\u00famedas en el momento en que comienzan a crecer hojas nuevas. La ampolla de la hoja de roble produce un crecimiento anormal de la hoja, como ahuecamiento y torsi\u00f3n.   <\/li>\n<\/ul>\n\n<ul class=\"wp-block-list\">\n<li>La mancha de alquitr\u00e1n generalmente ocurre a principios del verano o en el oto\u00f1o, produciendo lesiones negras y manchadas en la parte superior de las hojas.  <\/li>\n<\/ul>\n\n<ul class=\"wp-block-list\">\n<li>La roya del roble produce p\u00fastulas amarillas con esporas debajo de las hojas a finales de la primavera, favorecidas por la alta humedad. Las esporas de la roya del roble, que infectan tanto al pino como al roble, son transportadas principalmente por el viento.   <\/li>\n<\/ul>\n\n<h2 class=\"wp-block-heading\">Prevenci\u00f3n y control<\/h2>\n\n<p>El da\u00f1o causado por las enfermedades de las hojas no suele causar un da\u00f1o importante al \u00e1rbol, por lo que no suelen ser necesarios esfuerzos extremos de control.  <\/p>\n\n<p>El primer paso para controlar las enfermedades de las hojas es limpiar el \u00e1rbol eliminando las hojas infectadas para romper el ciclo de la enfermedad, lo que detiene la reinfecci\u00f3n de las hojas nuevas. Las hojas y ramitas infectadas deben rastrillarse a medida que caen y desecharse en la basura o quem\u00e1ndolas. Estas hojas no deben compostarse ni almacenarse en el lugar, ya que esto puede permitir que el hongo contin\u00fae propag\u00e1ndose.    <\/p>\n\n<p>Las pr\u00e1cticas culturales, como las pr\u00e1cticas correctas de riego, el espaciamiento adecuado de los \u00e1rboles y la poda para mejorar el movimiento del aire y la luz que pasa a trav\u00e9s de las hojas, reducir\u00e1n el impacto de las enfermedades de las hojas.  <\/p>\n\n<p>Las pr\u00e1cticas de riego adecuadas son cruciales. Si el \u00e1rbol se riega en exceso, o si el agua se acumula en el \u00e1rea, puede formar un ambiente para que florezcan los hongos. Del mismo modo, los \u00e1rboles deben regarse en la base para no salpicar las hojas.    <\/p>\n\n<p>Si se produce una infecci\u00f3n repetidamente, puede ser necesario podar las ramas inferiores y adelgazar el dosel para ayudar con el movimiento del aire y la eliminaci\u00f3n de las esporas.  <\/p>\n\n<p>En las circunstancias m\u00e1s extremas en las que fallan otras medidas de control, y cuando la presi\u00f3n de la enfermedad es alta, puede ser necesario aplicar un fungicida para hojas. Los fungicidas se aplican a las yemas y a la superficie de las hojas antes de que aparezcan los s\u00edntomas. A menudo, ser\u00e1 necesario aplicar fungicidas a principios de la primavera y, en algunos casos, peri\u00f3dicamente durante la temporada de crecimiento.    <\/p>\n\n<p>Algunos fungicidas comunes utilizados en el control de enfermedades de las hojas incluyen clorotalonil y propiconazol. Revise las etiquetas del fabricante para identificar un producto que est\u00e1 permitido para su uso en el tratamiento de su enfermedad espec\u00edfica en los robles.   <\/p>\n\n<p>Dado que estos productos deben aplicarse a todo el dosel del \u00e1rbol y requieren un diagn\u00f3stico adecuado del hongo, generalmente es necesario contratar a un <a href=\"https:\/\/www.treesaregood.org\/findanarborist\/findanarborist\" target=\"_blank\" rel=\"noreferrer noopener\">arboricultor certificado<\/a>.  <\/p>\n","protected":false},"excerpt":{"rendered":"<p>La enfermedad m\u00e1s com\u00fan y f\u00e1cilmente perceptible de los robles son los hongos foliares conocidos como manchas foliares. Estos hongos infectan las hojas, y en algunos casos las ramitas y brotes, de los robles causando decoloraci\u00f3n, manchas y p\u00e9rdida de hojas. Varias especies de hongos causan manchas en las hojas. Algunos de los m\u00e1s comunes [&hellip;]<\/p>\n","protected":false},"author":35,"featured_media":0,"parent":18096,"menu_order":5,"comment_status":"closed","ping_status":"closed","template":"","meta":{"_acf_changed":false,"_relevanssi_hide_post":"","_relevanssi_hide_content":"","_relevanssi_pin_for_all":"","_relevanssi_pin_keywords":"","_relevanssi_unpin_keywords":"","_relevanssi_related_keywords":"","_relevanssi_related_include_ids":"","_relevanssi_related_exclude_ids":"","_relevanssi_related_no_append":"","_relevanssi_related_not_related":"","_relevanssi_related_posts":"","_relevanssi_noindex_reason":"","footnotes":""},"categories":[123],"class_list":["post-18203","page","type-page","status-publish","hentry","category-insectos-y-enfermedades"],"acf":[],"yoast_head":"<!-- This site is optimized with the Yoast SEO plugin v26.7 - https:\/\/yoast.com\/wordpress\/plugins\/seo\/ -->\n<title>Enfermedades de la hoja de roble - Servicio Forestal Texas A&amp;M<\/title>\n<meta name=\"robots\" content=\"index, follow, max-snippet:-1, max-image-preview:large, max-video-preview:-1\" \/>\n<link rel=\"canonical\" href=\"https:\/\/tfsweb.tamu.edu\/es\/tree-care\/salud-de-los-arboles\/enfermedades\/enfermedades-de-la-hoja-de-roble\/\" \/>\n<meta property=\"og:locale\" content=\"es_ES\" \/>\n<meta property=\"og:type\" content=\"article\" \/>\n<meta property=\"og:title\" content=\"Enfermedades de la hoja de roble - Servicio Forestal Texas A&amp;M\" \/>\n<meta property=\"og:description\" content=\"La enfermedad m\u00e1s com\u00fan y f\u00e1cilmente perceptible de los robles son los hongos foliares conocidos como manchas foliares. Estos hongos infectan las hojas, y en algunos casos las ramitas y brotes, de los robles causando decoloraci\u00f3n, manchas y p\u00e9rdida de hojas. Varias especies de hongos causan manchas en las hojas. Algunos de los m\u00e1s comunes [&hellip;]\" \/>\n<meta property=\"og:url\" content=\"https:\/\/tfsweb.tamu.edu\/es\/tree-care\/salud-de-los-arboles\/enfermedades\/enfermedades-de-la-hoja-de-roble\/\" \/>\n<meta property=\"og:site_name\" content=\"Servicio Forestal Texas A&amp;M\" \/>\n<meta property=\"article:modified_time\" content=\"2025-04-23T19:06:47+00:00\" \/>\n<meta name=\"twitter:card\" content=\"summary_large_image\" \/>\n<meta name=\"twitter:label1\" content=\"Est. reading time\" \/>\n\t<meta name=\"twitter:data1\" content=\"5 minutos\" \/>\n<script type=\"application\/ld+json\" class=\"yoast-schema-graph\">{\"@context\":\"https:\/\/schema.org\",\"@graph\":[{\"@type\":\"WebPage\",\"@id\":\"https:\/\/tfsweb.tamu.edu\/es\/tree-care\/salud-de-los-arboles\/enfermedades\/enfermedades-de-la-hoja-de-roble\/\",\"url\":\"https:\/\/tfsweb.tamu.edu\/es\/tree-care\/salud-de-los-arboles\/enfermedades\/enfermedades-de-la-hoja-de-roble\/\",\"name\":\"Enfermedades de la hoja de roble - Servicio Forestal Texas A&M\",\"isPartOf\":{\"@id\":\"https:\/\/tfsweb.tamu.edu\/#website\"},\"datePublished\":\"2024-10-14T16:50:02+00:00\",\"dateModified\":\"2025-04-23T19:06:47+00:00\",\"breadcrumb\":{\"@id\":\"https:\/\/tfsweb.tamu.edu\/es\/tree-care\/salud-de-los-arboles\/enfermedades\/enfermedades-de-la-hoja-de-roble\/#breadcrumb\"},\"inLanguage\":\"es\",\"potentialAction\":[{\"@type\":\"ReadAction\",\"target\":[\"https:\/\/tfsweb.tamu.edu\/es\/tree-care\/salud-de-los-arboles\/enfermedades\/enfermedades-de-la-hoja-de-roble\/\"]}]},{\"@type\":\"BreadcrumbList\",\"@id\":\"https:\/\/tfsweb.tamu.edu\/es\/tree-care\/salud-de-los-arboles\/enfermedades\/enfermedades-de-la-hoja-de-roble\/#breadcrumb\",\"itemListElement\":[{\"@type\":\"ListItem\",\"position\":1,\"name\":\"Home\",\"item\":\"https:\/\/tfsweb.tamu.edu\/es\/pagina-principal\/\"},{\"@type\":\"ListItem\",\"position\":2,\"name\":\"\u00c1rboles\",\"item\":\"https:\/\/tfsweb.tamu.edu\/es\/tree-care\/\"},{\"@type\":\"ListItem\",\"position\":3,\"name\":\"Salud de los \u00e1rboles\",\"item\":\"https:\/\/tfsweb.tamu.edu\/es\/tree-care\/salud-de-los-arboles\/\"},{\"@type\":\"ListItem\",\"position\":4,\"name\":\"Enfermedades\",\"item\":\"https:\/\/tfsweb.tamu.edu\/es\/tree-care\/salud-de-los-arboles\/enfermedades\/\"},{\"@type\":\"ListItem\",\"position\":5,\"name\":\"Enfermedades de la hoja de roble\"}]},{\"@type\":\"WebSite\",\"@id\":\"https:\/\/tfsweb.tamu.edu\/#website\",\"url\":\"https:\/\/tfsweb.tamu.edu\/\",\"name\":\"Servicio Forestal Texas A&M\",\"description\":\"\",\"potentialAction\":[{\"@type\":\"SearchAction\",\"target\":{\"@type\":\"EntryPoint\",\"urlTemplate\":\"https:\/\/tfsweb.tamu.edu\/?s={search_term_string}\"},\"query-input\":{\"@type\":\"PropertyValueSpecification\",\"valueRequired\":true,\"valueName\":\"search_term_string\"}}],\"inLanguage\":\"es\"}]}<\/script>\n<!-- \/ Yoast SEO plugin. -->","yoast_head_json":{"title":"Enfermedades de la hoja de roble - Servicio Forestal Texas A&M","robots":{"index":"index","follow":"follow","max-snippet":"max-snippet:-1","max-image-preview":"max-image-preview:large","max-video-preview":"max-video-preview:-1"},"canonical":"https:\/\/tfsweb.tamu.edu\/es\/tree-care\/salud-de-los-arboles\/enfermedades\/enfermedades-de-la-hoja-de-roble\/","og_locale":"es_ES","og_type":"article","og_title":"Enfermedades de la hoja de roble - Servicio Forestal Texas A&M","og_description":"La enfermedad m\u00e1s com\u00fan y f\u00e1cilmente perceptible de los robles son los hongos foliares conocidos como manchas foliares. Estos hongos infectan las hojas, y en algunos casos las ramitas y brotes, de los robles causando decoloraci\u00f3n, manchas y p\u00e9rdida de hojas. Varias especies de hongos causan manchas en las hojas. Algunos de los m\u00e1s comunes [&hellip;]","og_url":"https:\/\/tfsweb.tamu.edu\/es\/tree-care\/salud-de-los-arboles\/enfermedades\/enfermedades-de-la-hoja-de-roble\/","og_site_name":"Servicio Forestal Texas A&M","article_modified_time":"2025-04-23T19:06:47+00:00","twitter_card":"summary_large_image","twitter_misc":{"Est. reading time":"5 minutos"},"schema":{"@context":"https:\/\/schema.org","@graph":[{"@type":"WebPage","@id":"https:\/\/tfsweb.tamu.edu\/es\/tree-care\/salud-de-los-arboles\/enfermedades\/enfermedades-de-la-hoja-de-roble\/","url":"https:\/\/tfsweb.tamu.edu\/es\/tree-care\/salud-de-los-arboles\/enfermedades\/enfermedades-de-la-hoja-de-roble\/","name":"Enfermedades de la hoja de roble - Servicio Forestal Texas A&M","isPartOf":{"@id":"https:\/\/tfsweb.tamu.edu\/#website"},"datePublished":"2024-10-14T16:50:02+00:00","dateModified":"2025-04-23T19:06:47+00:00","breadcrumb":{"@id":"https:\/\/tfsweb.tamu.edu\/es\/tree-care\/salud-de-los-arboles\/enfermedades\/enfermedades-de-la-hoja-de-roble\/#breadcrumb"},"inLanguage":"es","potentialAction":[{"@type":"ReadAction","target":["https:\/\/tfsweb.tamu.edu\/es\/tree-care\/salud-de-los-arboles\/enfermedades\/enfermedades-de-la-hoja-de-roble\/"]}]},{"@type":"BreadcrumbList","@id":"https:\/\/tfsweb.tamu.edu\/es\/tree-care\/salud-de-los-arboles\/enfermedades\/enfermedades-de-la-hoja-de-roble\/#breadcrumb","itemListElement":[{"@type":"ListItem","position":1,"name":"Home","item":"https:\/\/tfsweb.tamu.edu\/es\/pagina-principal\/"},{"@type":"ListItem","position":2,"name":"\u00c1rboles","item":"https:\/\/tfsweb.tamu.edu\/es\/tree-care\/"},{"@type":"ListItem","position":3,"name":"Salud de los \u00e1rboles","item":"https:\/\/tfsweb.tamu.edu\/es\/tree-care\/salud-de-los-arboles\/"},{"@type":"ListItem","position":4,"name":"Enfermedades","item":"https:\/\/tfsweb.tamu.edu\/es\/tree-care\/salud-de-los-arboles\/enfermedades\/"},{"@type":"ListItem","position":5,"name":"Enfermedades de la hoja de roble"}]},{"@type":"WebSite","@id":"https:\/\/tfsweb.tamu.edu\/#website","url":"https:\/\/tfsweb.tamu.edu\/","name":"Servicio Forestal Texas A&M","description":"","potentialAction":[{"@type":"SearchAction","target":{"@type":"EntryPoint","urlTemplate":"https:\/\/tfsweb.tamu.edu\/?s={search_term_string}"},"query-input":{"@type":"PropertyValueSpecification","valueRequired":true,"valueName":"search_term_string"}}],"inLanguage":"es"}]}},"_links":{"self":[{"href":"https:\/\/tfsweb.tamu.edu\/es\/wp-json\/wp\/v2\/pages\/18203","targetHints":{"allow":["GET"]}}],"collection":[{"href":"https:\/\/tfsweb.tamu.edu\/es\/wp-json\/wp\/v2\/pages"}],"about":[{"href":"https:\/\/tfsweb.tamu.edu\/es\/wp-json\/wp\/v2\/types\/page"}],"author":[{"embeddable":true,"href":"https:\/\/tfsweb.tamu.edu\/es\/wp-json\/wp\/v2\/users\/35"}],"replies":[{"embeddable":true,"href":"https:\/\/tfsweb.tamu.edu\/es\/wp-json\/wp\/v2\/comments?post=18203"}],"version-history":[{"count":0,"href":"https:\/\/tfsweb.tamu.edu\/es\/wp-json\/wp\/v2\/pages\/18203\/revisions"}],"up":[{"embeddable":true,"href":"https:\/\/tfsweb.tamu.edu\/es\/wp-json\/wp\/v2\/pages\/18096"}],"wp:attachment":[{"href":"https:\/\/tfsweb.tamu.edu\/es\/wp-json\/wp\/v2\/media?parent=18203"}],"wp:term":[{"taxonomy":"category","embeddable":true,"href":"https:\/\/tfsweb.tamu.edu\/es\/wp-json\/wp\/v2\/categories?post=18203"}],"curies":[{"name":"wp","href":"https:\/\/api.w.org\/{rel}","templated":true}]}}