{"id":18210,"date":"2024-10-14T10:51:02","date_gmt":"2024-10-14T15:51:02","guid":{"rendered":"https:\/\/tfsweb.tamu.edu\/tree-care\/salud-de-los-arboles\/que-hay-en-mi-arbol\/vides\/"},"modified":"2025-04-23T13:06:55","modified_gmt":"2025-04-23T19:06:55","slug":"vides","status":"publish","type":"page","link":"https:\/\/tfsweb.tamu.edu\/es\/tree-care\/salud-de-los-arboles\/que-hay-en-mi-arbol\/vides\/","title":{"rendered":"Vides"},"content":{"rendered":"\n\n\n\n<header\n      data-tw-theme=\"tan-300\"      data-nc-component=\"flex-page-header\"\n            class=\"component-wrapper wysiwyg-embed \"\n    \n>\n  <div class=\"\n    full-bleed-outer\n        theme-any:bg-theme-bg-color\n    theme-any:text-theme-text-color\n         vertical-rhythm-standard theme-not-default:my-0 with-sidebar-up:theme-not-default:my-vertical-space with-sidebar-up-first:theme-not-default:mt-0 with-sidebar-up-last:theme-not-default:mb-0\n      \n    relative\n  \">\n\n    <div class=\"full-bleed-inner\">\n\n      \n            <div class=\"relative conditional-container theme-not-default:container\">\n\n        <div class=\"\n          flex flex-col space-y-8\n          \n          \n        \">\n          \n                      <div class=\"\">\n              <div class=\"\">  <div class=\"grid grid-cols-1 \">\n    <div class=\"relative flex items-center py-vertical-space-padding \">\n            <div class=\"relative space-y-6 max-w-3xl\">\n        <div>\n          \n\n  \n \n     \n     \n     \n     \n                    \n\n   \n\n  <h1 class=\"text-theme-heading-color [&#038;_a:not(.fancy-link)]:underline [&#038;_a:not(.fancy-link)]:text-theme-fancy-link-color hocus:[&#038;_a:not(.fancy-link)]:text-theme-fancy-link-hocus-color  font-normal font-display leading-[1.15] uppercase first-line:overline first-line:decoration-2 first-line:decoration-theme-accent-color text-4xl sm:text-size-5xl md:text-[calc(64rem\/16)]\" >Vides<\/h1>\n\n        <\/div>\n\n              <\/div>\n    <\/div>\n\n      <\/div>\n<\/div>\n            <\/div>\n          \n          \n        <\/div>\n      <\/div>\n    <\/div>\n  <\/div>\n<\/header>\n\n<p>Las enredaderas crecen en los \u00e1rboles de todo nuestro estado. Muchos son inofensivos para los \u00e1rboles, y algunos son bastante atractivos aferrados al tronco. Como la enredadera de <em>Virginia-Parthenocissus quinquefolia<\/em> en el oto\u00f1o con su follaje rojo brillante.    <\/p>\n\n<p>Algunas enredaderas, sin embargo, pueden da\u00f1ar el \u00e1rbol y posiblemente matarlo. Las enredaderas que crecen a trav\u00e9s del \u00e1rbol y cubren el dosel se consideran agresivas. Ejemplos de vides agresivas son las uvas silvestres (<em>Vitis <\/em>spp.), el brezo verde (<em>Smilax <\/em>spp.), la enredadera trompeta (<em>Campsis radicans),<\/em> la <em>glicina (Wisteria <\/em>spp.), la madreselva japonesa (<em>Lonicera japonica)<\/em> y otras.    <\/p>\n\n<p>Cuando las enredaderas asfixian el dosel, las hojas del \u00e1rbol ya no reciben la luz solar adecuada para la fotos\u00edntesis. Este proceso es la forma en que los \u00e1rboles, y todas las plantas, producen alimentos para s\u00ed mismos. Sin producci\u00f3n de alimentos, el \u00e1rbol declina y finalmente muere.    <\/p>\n\n<h2 class=\"wp-block-heading\">Administraci\u00f3n<\/h2>\n\n<p>Las enredaderas agresivas deben manejarse para promover la salud y el vigor de los \u00e1rboles. Las vides se pueden cortar a nivel del suelo. Sin embargo, estas vides volver\u00e1n a brotar, por lo que es necesaria la aplicaci\u00f3n de un herbicida para el manejo. Las vides se pueden cortar repetidamente sin la aplicaci\u00f3n de herbicidas, pero este es un proceso tedioso y que requiere mucho tiempo. Dado que las vides m\u00e1s agresivas son plantas le\u00f1osas, se pueden usar herbicidas que contienen triclopir y est\u00e1n etiquetados para las vides.      <\/p>\n\n<p>Una aplicaci\u00f3n efectiva es utilizar el m\u00e9todo de cortar-toc\u00f3n. Corte la vid a nivel del suelo y luego aplique inmediatamente el herbicida adecuado al toc\u00f3n. Este m\u00e9todo suele evitar el rebrote. Sin embargo, es posible que sea necesario retratar algunas especies. Siga todas las instrucciones de la etiqueta con respecto a la mezcla y aplicaci\u00f3n de herbicidas y tenga cuidado al aplicar estos herbicidas alrededor de otras plantas le\u00f1osas, incluido el \u00e1rbol mismo.      <\/p>\n\n<p>No intente quitar inmediatamente las enredaderas del \u00e1rbol. Estas enredaderas est\u00e1n envueltas alrededor de ramas y tienen zarcillos que se adhieren a todo en el dosel. Tirar agresivamente de estas enredaderas resultar\u00e1 en da\u00f1os al \u00e1rbol. Espere a que las vides se sequen y se vuelvan quebradizas antes de quitarlas. Esto puede llevar varios meses, as\u00ed que tenga paciencia.      <\/p>\n\n<p>En los casos en que el \u00e1rbol est\u00e1 completamente engullido por enredaderas y en grave declive, el manejo no beneficiar\u00e1 al \u00e1rbol. Muchas enredaderas, incluidas las agresivas, proporcionan h\u00e1bitat y alimento para muchas especies de vida silvestre. El manejo adecuado incluye seleccionar los \u00e1rboles que se beneficiar\u00e1n de la remoci\u00f3n de la vid y dejar sin tratar los que no lo har\u00e1n.    <\/p>\n","protected":false},"excerpt":{"rendered":"<p>Las enredaderas crecen en los \u00e1rboles de todo nuestro estado. Muchos son inofensivos para los \u00e1rboles, y algunos son bastante atractivos aferrados al tronco. Como la enredadera de Virginia-Parthenocissus quinquefolia en el oto\u00f1o con su follaje rojo brillante. Algunas enredaderas, sin embargo, pueden da\u00f1ar el \u00e1rbol y posiblemente matarlo. Las enredaderas que crecen a trav\u00e9s [&hellip;]<\/p>\n","protected":false},"author":35,"featured_media":0,"parent":18097,"menu_order":4,"comment_status":"closed","ping_status":"closed","template":"","meta":{"_acf_changed":false,"_relevanssi_hide_post":"","_relevanssi_hide_content":"","_relevanssi_pin_for_all":"","_relevanssi_pin_keywords":"","_relevanssi_unpin_keywords":"","_relevanssi_related_keywords":"","_relevanssi_related_include_ids":"","_relevanssi_related_exclude_ids":"","_relevanssi_related_no_append":"","_relevanssi_related_not_related":"","_relevanssi_related_posts":"","_relevanssi_noindex_reason":"","footnotes":""},"categories":[97],"class_list":["post-18210","page","type-page","status-publish","hentry","category-arboles"],"acf":[],"yoast_head":"<!-- This site is optimized with the Yoast SEO plugin v26.7 - https:\/\/yoast.com\/wordpress\/plugins\/seo\/ -->\n<title>Vides - Servicio Forestal Texas A&amp;M<\/title>\n<meta name=\"robots\" content=\"index, follow, max-snippet:-1, max-image-preview:large, max-video-preview:-1\" \/>\n<link rel=\"canonical\" href=\"https:\/\/tfsweb.tamu.edu\/es\/tree-care\/salud-de-los-arboles\/que-hay-en-mi-arbol\/vides\/\" \/>\n<meta property=\"og:locale\" content=\"es_ES\" \/>\n<meta property=\"og:type\" content=\"article\" \/>\n<meta property=\"og:title\" content=\"Vides - Servicio Forestal Texas A&amp;M\" \/>\n<meta property=\"og:description\" content=\"Las enredaderas crecen en los \u00e1rboles de todo nuestro estado. Muchos son inofensivos para los \u00e1rboles, y algunos son bastante atractivos aferrados al tronco. Como la enredadera de Virginia-Parthenocissus quinquefolia en el oto\u00f1o con su follaje rojo brillante. Algunas enredaderas, sin embargo, pueden da\u00f1ar el \u00e1rbol y posiblemente matarlo. Las enredaderas que crecen a trav\u00e9s [&hellip;]\" \/>\n<meta property=\"og:url\" content=\"https:\/\/tfsweb.tamu.edu\/es\/tree-care\/salud-de-los-arboles\/que-hay-en-mi-arbol\/vides\/\" \/>\n<meta property=\"og:site_name\" content=\"Servicio Forestal Texas A&amp;M\" \/>\n<meta property=\"article:modified_time\" content=\"2025-04-23T19:06:55+00:00\" \/>\n<meta name=\"twitter:card\" content=\"summary_large_image\" \/>\n<meta name=\"twitter:label1\" content=\"Est. reading time\" \/>\n\t<meta name=\"twitter:data1\" content=\"2 minutos\" \/>\n<script type=\"application\/ld+json\" class=\"yoast-schema-graph\">{\"@context\":\"https:\/\/schema.org\",\"@graph\":[{\"@type\":\"WebPage\",\"@id\":\"https:\/\/tfsweb.tamu.edu\/es\/tree-care\/salud-de-los-arboles\/que-hay-en-mi-arbol\/vides\/\",\"url\":\"https:\/\/tfsweb.tamu.edu\/es\/tree-care\/salud-de-los-arboles\/que-hay-en-mi-arbol\/vides\/\",\"name\":\"Vides - Servicio Forestal Texas A&M\",\"isPartOf\":{\"@id\":\"https:\/\/tfsweb.tamu.edu\/#website\"},\"datePublished\":\"2024-10-14T15:51:02+00:00\",\"dateModified\":\"2025-04-23T19:06:55+00:00\",\"breadcrumb\":{\"@id\":\"https:\/\/tfsweb.tamu.edu\/es\/tree-care\/salud-de-los-arboles\/que-hay-en-mi-arbol\/vides\/#breadcrumb\"},\"inLanguage\":\"es\",\"potentialAction\":[{\"@type\":\"ReadAction\",\"target\":[\"https:\/\/tfsweb.tamu.edu\/es\/tree-care\/salud-de-los-arboles\/que-hay-en-mi-arbol\/vides\/\"]}]},{\"@type\":\"BreadcrumbList\",\"@id\":\"https:\/\/tfsweb.tamu.edu\/es\/tree-care\/salud-de-los-arboles\/que-hay-en-mi-arbol\/vides\/#breadcrumb\",\"itemListElement\":[{\"@type\":\"ListItem\",\"position\":1,\"name\":\"Home\",\"item\":\"https:\/\/tfsweb.tamu.edu\/es\/pagina-principal\/\"},{\"@type\":\"ListItem\",\"position\":2,\"name\":\"\u00c1rboles\",\"item\":\"https:\/\/tfsweb.tamu.edu\/es\/tree-care\/\"},{\"@type\":\"ListItem\",\"position\":3,\"name\":\"Salud de los \u00e1rboles\",\"item\":\"https:\/\/tfsweb.tamu.edu\/es\/tree-care\/salud-de-los-arboles\/\"},{\"@type\":\"ListItem\",\"position\":4,\"name\":\"\u00bfQu\u00e9 hay en mi \u00e1rbol?\",\"item\":\"https:\/\/tfsweb.tamu.edu\/es\/tree-care\/salud-de-los-arboles\/que-hay-en-mi-arbol\/\"},{\"@type\":\"ListItem\",\"position\":5,\"name\":\"Vides\"}]},{\"@type\":\"WebSite\",\"@id\":\"https:\/\/tfsweb.tamu.edu\/#website\",\"url\":\"https:\/\/tfsweb.tamu.edu\/\",\"name\":\"Servicio Forestal Texas A&M\",\"description\":\"\",\"potentialAction\":[{\"@type\":\"SearchAction\",\"target\":{\"@type\":\"EntryPoint\",\"urlTemplate\":\"https:\/\/tfsweb.tamu.edu\/?s={search_term_string}\"},\"query-input\":{\"@type\":\"PropertyValueSpecification\",\"valueRequired\":true,\"valueName\":\"search_term_string\"}}],\"inLanguage\":\"es\"}]}<\/script>\n<!-- \/ Yoast SEO plugin. -->","yoast_head_json":{"title":"Vides - Servicio Forestal Texas A&M","robots":{"index":"index","follow":"follow","max-snippet":"max-snippet:-1","max-image-preview":"max-image-preview:large","max-video-preview":"max-video-preview:-1"},"canonical":"https:\/\/tfsweb.tamu.edu\/es\/tree-care\/salud-de-los-arboles\/que-hay-en-mi-arbol\/vides\/","og_locale":"es_ES","og_type":"article","og_title":"Vides - Servicio Forestal Texas A&M","og_description":"Las enredaderas crecen en los \u00e1rboles de todo nuestro estado. Muchos son inofensivos para los \u00e1rboles, y algunos son bastante atractivos aferrados al tronco. Como la enredadera de Virginia-Parthenocissus quinquefolia en el oto\u00f1o con su follaje rojo brillante. Algunas enredaderas, sin embargo, pueden da\u00f1ar el \u00e1rbol y posiblemente matarlo. Las enredaderas que crecen a trav\u00e9s [&hellip;]","og_url":"https:\/\/tfsweb.tamu.edu\/es\/tree-care\/salud-de-los-arboles\/que-hay-en-mi-arbol\/vides\/","og_site_name":"Servicio Forestal Texas A&M","article_modified_time":"2025-04-23T19:06:55+00:00","twitter_card":"summary_large_image","twitter_misc":{"Est. reading time":"2 minutos"},"schema":{"@context":"https:\/\/schema.org","@graph":[{"@type":"WebPage","@id":"https:\/\/tfsweb.tamu.edu\/es\/tree-care\/salud-de-los-arboles\/que-hay-en-mi-arbol\/vides\/","url":"https:\/\/tfsweb.tamu.edu\/es\/tree-care\/salud-de-los-arboles\/que-hay-en-mi-arbol\/vides\/","name":"Vides - Servicio Forestal Texas A&M","isPartOf":{"@id":"https:\/\/tfsweb.tamu.edu\/#website"},"datePublished":"2024-10-14T15:51:02+00:00","dateModified":"2025-04-23T19:06:55+00:00","breadcrumb":{"@id":"https:\/\/tfsweb.tamu.edu\/es\/tree-care\/salud-de-los-arboles\/que-hay-en-mi-arbol\/vides\/#breadcrumb"},"inLanguage":"es","potentialAction":[{"@type":"ReadAction","target":["https:\/\/tfsweb.tamu.edu\/es\/tree-care\/salud-de-los-arboles\/que-hay-en-mi-arbol\/vides\/"]}]},{"@type":"BreadcrumbList","@id":"https:\/\/tfsweb.tamu.edu\/es\/tree-care\/salud-de-los-arboles\/que-hay-en-mi-arbol\/vides\/#breadcrumb","itemListElement":[{"@type":"ListItem","position":1,"name":"Home","item":"https:\/\/tfsweb.tamu.edu\/es\/pagina-principal\/"},{"@type":"ListItem","position":2,"name":"\u00c1rboles","item":"https:\/\/tfsweb.tamu.edu\/es\/tree-care\/"},{"@type":"ListItem","position":3,"name":"Salud de los \u00e1rboles","item":"https:\/\/tfsweb.tamu.edu\/es\/tree-care\/salud-de-los-arboles\/"},{"@type":"ListItem","position":4,"name":"\u00bfQu\u00e9 hay en mi \u00e1rbol?","item":"https:\/\/tfsweb.tamu.edu\/es\/tree-care\/salud-de-los-arboles\/que-hay-en-mi-arbol\/"},{"@type":"ListItem","position":5,"name":"Vides"}]},{"@type":"WebSite","@id":"https:\/\/tfsweb.tamu.edu\/#website","url":"https:\/\/tfsweb.tamu.edu\/","name":"Servicio Forestal Texas A&M","description":"","potentialAction":[{"@type":"SearchAction","target":{"@type":"EntryPoint","urlTemplate":"https:\/\/tfsweb.tamu.edu\/?s={search_term_string}"},"query-input":{"@type":"PropertyValueSpecification","valueRequired":true,"valueName":"search_term_string"}}],"inLanguage":"es"}]}},"_links":{"self":[{"href":"https:\/\/tfsweb.tamu.edu\/es\/wp-json\/wp\/v2\/pages\/18210","targetHints":{"allow":["GET"]}}],"collection":[{"href":"https:\/\/tfsweb.tamu.edu\/es\/wp-json\/wp\/v2\/pages"}],"about":[{"href":"https:\/\/tfsweb.tamu.edu\/es\/wp-json\/wp\/v2\/types\/page"}],"author":[{"embeddable":true,"href":"https:\/\/tfsweb.tamu.edu\/es\/wp-json\/wp\/v2\/users\/35"}],"replies":[{"embeddable":true,"href":"https:\/\/tfsweb.tamu.edu\/es\/wp-json\/wp\/v2\/comments?post=18210"}],"version-history":[{"count":0,"href":"https:\/\/tfsweb.tamu.edu\/es\/wp-json\/wp\/v2\/pages\/18210\/revisions"}],"up":[{"embeddable":true,"href":"https:\/\/tfsweb.tamu.edu\/es\/wp-json\/wp\/v2\/pages\/18097"}],"wp:attachment":[{"href":"https:\/\/tfsweb.tamu.edu\/es\/wp-json\/wp\/v2\/media?parent=18210"}],"wp:term":[{"taxonomy":"category","embeddable":true,"href":"https:\/\/tfsweb.tamu.edu\/es\/wp-json\/wp\/v2\/categories?post=18210"}],"curies":[{"name":"wp","href":"https:\/\/api.w.org\/{rel}","templated":true}]}}