{"id":18219,"date":"2024-10-14T10:51:02","date_gmt":"2024-10-14T15:51:02","guid":{"rendered":"https:\/\/tfsweb.tamu.edu\/tree-care\/salud-de-los-arboles\/insectos\/polilla-de-la-luna\/"},"modified":"2025-04-23T13:07:05","modified_gmt":"2025-04-23T19:07:05","slug":"polilla-de-la-luna","status":"publish","type":"page","link":"https:\/\/tfsweb.tamu.edu\/es\/tree-care\/salud-de-los-arboles\/insectos\/polilla-de-la-luna\/","title":{"rendered":"Polilla de la Luna"},"content":{"rendered":"\n\n\n\n<header\n      data-tw-theme=\"tan-300\"      data-nc-component=\"flex-page-header\"\n            class=\"component-wrapper wysiwyg-embed \"\n    \n>\n  <div class=\"\n    full-bleed-outer\n        theme-any:bg-theme-bg-color\n    theme-any:text-theme-text-color\n         vertical-rhythm-standard theme-not-default:my-0 with-sidebar-up:theme-not-default:my-vertical-space with-sidebar-up-first:theme-not-default:mt-0 with-sidebar-up-last:theme-not-default:mb-0\n      \n    relative\n  \">\n\n    <div class=\"full-bleed-inner\">\n\n      \n            <div class=\"relative conditional-container theme-not-default:container\">\n\n        <div class=\"\n          flex flex-col space-y-8\n          \n          \n        \">\n          \n                      <div class=\"\">\n              <div class=\"\">  <div class=\"grid grid-cols-1 \">\n    <div class=\"relative flex items-center py-vertical-space-padding \">\n            <div class=\"relative space-y-6 max-w-3xl\">\n        <div>\n          \n\n  \n \n     \n     \n     \n     \n                    \n\n   \n\n  <h1 class=\"text-theme-heading-color [&#038;_a:not(.fancy-link)]:underline [&#038;_a:not(.fancy-link)]:text-theme-fancy-link-color hocus:[&#038;_a:not(.fancy-link)]:text-theme-fancy-link-hocus-color  font-normal font-display leading-[1.15] uppercase first-line:overline first-line:decoration-2 first-line:decoration-theme-accent-color text-4xl sm:text-size-5xl md:text-[calc(64rem\/16)]\" >Polilla de la Luna<\/h1>\n\n        <\/div>\n\n              <\/div>\n    <\/div>\n\n      <\/div>\n<\/div>\n            <\/div>\n          \n          \n        <\/div>\n      <\/div>\n    <\/div>\n  <\/div>\n<\/header>\n\n<p>La polilla de la luna (<em>Actias luna<\/em>) es una de las polillas de seda m\u00e1s hermosas que se encuentran en Am\u00e9rica del Norte. Las polillas de la luna no se consideran plagas. Sus larvas, que son orugas grandes, no suelen crecer lo suficiente como para causar un da\u00f1o significativo a los hu\u00e9spedes.    <\/p>\n\n<h2 class=\"wp-block-heading\">Ciclo vital<\/h2>\n\n<h3 class=\"wp-block-heading\">Etapa larvaria (oruga)  <\/h3>\n\n<figure class=\"wp-block-image alignright size-full\"><img loading=\"lazy\" decoding=\"async\" width=\"800\" height=\"533\" src=\"https:\/\/tfsweb.tamu.edu\/wp-content\/uploads\/2025\/03\/Luna-moth-caterpillar-stage_Chris-Evans.jpg\" alt=\"\" class=\"wp-image-16805\" srcset=\"https:\/\/tfsweb.tamu.edu\/wp-content\/uploads\/2025\/03\/Luna-moth-caterpillar-stage_Chris-Evans.jpg 800w, https:\/\/tfsweb.tamu.edu\/wp-content\/uploads\/2025\/03\/Luna-moth-caterpillar-stage_Chris-Evans-300x200.jpg 300w, https:\/\/tfsweb.tamu.edu\/wp-content\/uploads\/2025\/03\/Luna-moth-caterpillar-stage_Chris-Evans-768x512.jpg 768w\" sizes=\"auto, (max-width: 800px) 100vw, 800px\" \/><figcaption class=\"wp-element-caption\">Polilla Luna en etapa de larva\/oruga. Foto de Chris Evans, Universidad de Illinois, Bugwood.com   <\/figcaption><\/figure>\n\n<p>La oruga o larva de la polilla luna no tiene un nombre com\u00fan. Cuando est\u00e1 completamente desarrollada, la oruga alcanza una longitud de aproximadamente tres pulgadas, es tan grande como el dedo \u00edndice de un adulto y es inofensiva para las personas.   <\/p>\n\n<p>La oruga es de color verde exuberante y est\u00e1 cubierta de numerosos pelos cortos y robustos. El segmento justo detr\u00e1s de la cabeza est\u00e1 bordeado de amarillo y hay una banda amarilla clara en la parte superior de cada segmento abdominal. Varias manchas rojas brillantes evidentes est\u00e1n presentes en cada segmento del cuerpo.    <\/p>\n\n<p>Una fila de espir\u00e1culos (donde respira la oruga) se produce a lo largo de ambos lados del cuerpo. Cada espir\u00e1culo aparece como una mancha rosada rodeada de amarillo, y hay una l\u00ednea amarilla distintiva que corre a lo largo de cada lado del cuerpo justo debajo de los espir\u00e1culos.   <\/p>\n\n<p>Las patas tor\u00e1cicas, o patas verdaderas justo detr\u00e1s de la cabeza, son amarillas y negras. Las patas carnosas, o patas falsas que se pierden antes de que el insecto se convierta en adulto, son de color verde, amarillo y negro.   <\/p>\n\n<p>La oruga se alimenta de una variedad de \u00e1rboles, incluidos nogal, caqui, liquid\u00e1mbar, roble y sauce. A pesar de su tama\u00f1o y apetito, no causa da\u00f1os significativos a los \u00e1rboles. En el este de Texas, puede haber hasta tres generaciones cada a\u00f1o, lo que significa que la oruga podr\u00eda estar presente durante los meses m\u00e1s c\u00e1lidos.    <\/p>\n\n<p>Si se encuentran, las orugas de la polilla luna se pueden criar hasta la etapa de polilla coloc\u00e1ndolas en un recipiente con el follaje de su planta hu\u00e9sped y un poco de hojarasca suelta para la pupa.  <\/p>\n\n<h3 class=\"wp-block-heading\">Etapa de pupa<\/h3>\n\n<p>La polilla luna es un miembro de la familia de polillas conocidas como polillas de seda. Cuando la oruga est\u00e1 completamente desarrollada, se transforma en pupa.   <\/p>\n\n<p>La oruga se arrastra hasta el suelo y comienza a tejer un capullo de seda a su alrededor. Encuentra una hoja seca y la teje cuidadosamente en la seda. La hoja oculta la mayor parte del capullo, lo que dificulta la visi\u00f3n entre otras hojas y escombros en el suelo.    <\/p>\n\n<p>La pupa permanece protegida en el capullo durante el invierno, y es probable que la polilla adulta emerja la pr\u00f3xima primavera.  <\/p>\n\n<figure class=\"wp-block-image alignright size-large\"><img loading=\"lazy\" decoding=\"async\" width=\"1024\" height=\"683\" src=\"https:\/\/tfsweb.tamu.edu\/wp-content\/uploads\/2025\/03\/Luna-Moth_Rebekah-D.-Wallace-1024x683.jpg\" alt=\"\" class=\"wp-image-16825\" srcset=\"https:\/\/tfsweb.tamu.edu\/wp-content\/uploads\/2025\/03\/Luna-Moth_Rebekah-D.-Wallace-1024x683.jpg 1024w, https:\/\/tfsweb.tamu.edu\/wp-content\/uploads\/2025\/03\/Luna-Moth_Rebekah-D.-Wallace-300x200.jpg 300w, https:\/\/tfsweb.tamu.edu\/wp-content\/uploads\/2025\/03\/Luna-Moth_Rebekah-D.-Wallace-768x512.jpg 768w, https:\/\/tfsweb.tamu.edu\/wp-content\/uploads\/2025\/03\/Luna-Moth_Rebekah-D.-Wallace.jpg 1200w\" sizes=\"auto, (max-width: 1024px) 100vw, 1024px\" \/><figcaption class=\"wp-element-caption\">Polilla de la Luna. Foto de Rebekah D. Wallace, Universidad de Georgia, Bugwood.com <\/figcaption><\/figure>\n\n<h3 class=\"wp-block-heading\">Etapa adulta<\/h3>\n\n<p>La etapa adulta, que se encuentra m\u00e1s com\u00fanmente en abril y mayo, es la espectacular polilla luna de color verde p\u00e1lido y tiene una envergadura de aproximadamente cuatro pulgadas.  <\/p>\n\n<p>La polilla es mejor conocida por las colas largas y curvadas en sus alas traseras. El borde superior de cada ala delantera est\u00e1 bordeado por una banda de color marr\u00f3n p\u00farpura. Cada ala tiene una mancha ocular clara bordeada de negro y amarillo.    <\/p>\n\n<p>El cuerpo de la polilla parece estar cubierto de algod\u00f3n blanco. La hembra es ligeramente m\u00e1s grande que el macho, pero ambos sexos tienen el mismo patr\u00f3n de color.   <\/p>\n\n<p>Las polillas macho y hembra se pueden identificar observando cuidadosamente las antenas. Ambos tienen antenas que se asemejan a plumas, pero las antenas del macho son mucho m\u00e1s llenas que las de la hembra. Esto se debe a que la polilla luna macho encuentra a su pareja a trav\u00e9s de la atracci\u00f3n del olor, llamada feromona, producida por la polilla hembra.    <\/p>\n\n<p>El macho es capaz de oler el olor de la hembra a trav\u00e9s de sus antenas. Una polilla hembra no apareada colocada al aire libre en una pantalla o jaula de tela puede atraer a varias polillas macho.   <\/p>\n\n<p>Ambos sexos se sienten atra\u00eddos por las luces nocturnas, un buen lugar para buscarlas. Las luces que tienen un tinte azulado, por ejemplo, las l\u00e1mparas de vapor de mercurio que se usan com\u00fanmente para las luces de la calle y las luces de vigilancia, son atractivas para muchos insectos, incluida la polilla luna. Mientras que las luces amarillas y rojas atraen a muy pocos insectos.    <\/p>\n","protected":false},"excerpt":{"rendered":"<p>La polilla de la luna (Actias luna) es una de las polillas de seda m\u00e1s hermosas que se encuentran en Am\u00e9rica del Norte. Las polillas de la luna no se consideran plagas. Sus larvas, que son orugas grandes, no suelen crecer lo suficiente como para causar un da\u00f1o significativo a los hu\u00e9spedes. Ciclo vital Etapa [&hellip;]<\/p>\n","protected":false},"author":35,"featured_media":0,"parent":18058,"menu_order":10,"comment_status":"closed","ping_status":"closed","template":"","meta":{"_acf_changed":false,"_relevanssi_hide_post":"","_relevanssi_hide_content":"","_relevanssi_pin_for_all":"","_relevanssi_pin_keywords":"","_relevanssi_unpin_keywords":"","_relevanssi_related_keywords":"","_relevanssi_related_include_ids":"","_relevanssi_related_exclude_ids":"","_relevanssi_related_no_append":"","_relevanssi_related_not_related":"","_relevanssi_related_posts":"","_relevanssi_noindex_reason":"","footnotes":""},"categories":[123],"class_list":["post-18219","page","type-page","status-publish","hentry","category-insectos-y-enfermedades"],"acf":[],"yoast_head":"<!-- This site is optimized with the Yoast SEO plugin v26.7 - https:\/\/yoast.com\/wordpress\/plugins\/seo\/ -->\n<title>Polilla de la Luna - Servicio Forestal Texas A&amp;M<\/title>\n<meta name=\"robots\" content=\"index, follow, max-snippet:-1, max-image-preview:large, max-video-preview:-1\" \/>\n<link rel=\"canonical\" href=\"https:\/\/tfsweb.tamu.edu\/es\/tree-care\/salud-de-los-arboles\/insectos\/polilla-de-la-luna\/\" \/>\n<meta property=\"og:locale\" content=\"es_ES\" \/>\n<meta property=\"og:type\" content=\"article\" \/>\n<meta property=\"og:title\" content=\"Polilla de la Luna - Servicio Forestal Texas A&amp;M\" \/>\n<meta property=\"og:description\" content=\"La polilla de la luna (Actias luna) es una de las polillas de seda m\u00e1s hermosas que se encuentran en Am\u00e9rica del Norte. Las polillas de la luna no se consideran plagas. Sus larvas, que son orugas grandes, no suelen crecer lo suficiente como para causar un da\u00f1o significativo a los hu\u00e9spedes. Ciclo vital Etapa [&hellip;]\" \/>\n<meta property=\"og:url\" content=\"https:\/\/tfsweb.tamu.edu\/es\/tree-care\/salud-de-los-arboles\/insectos\/polilla-de-la-luna\/\" \/>\n<meta property=\"og:site_name\" content=\"Servicio Forestal Texas A&amp;M\" \/>\n<meta property=\"article:modified_time\" content=\"2025-04-23T19:07:05+00:00\" \/>\n<meta property=\"og:image\" content=\"https:\/\/tfsweb.tamu.edu\/wp-content\/uploads\/2025\/03\/Luna-moth-caterpillar-stage_Chris-Evans.jpg\" \/>\n\t<meta property=\"og:image:width\" content=\"800\" \/>\n\t<meta property=\"og:image:height\" content=\"533\" \/>\n\t<meta property=\"og:image:type\" content=\"image\/jpeg\" \/>\n<meta name=\"twitter:card\" content=\"summary_large_image\" \/>\n<meta name=\"twitter:label1\" content=\"Est. reading time\" \/>\n\t<meta name=\"twitter:data1\" content=\"4 minutos\" \/>\n<script type=\"application\/ld+json\" class=\"yoast-schema-graph\">{\"@context\":\"https:\/\/schema.org\",\"@graph\":[{\"@type\":\"WebPage\",\"@id\":\"https:\/\/tfsweb.tamu.edu\/es\/tree-care\/salud-de-los-arboles\/insectos\/polilla-de-la-luna\/\",\"url\":\"https:\/\/tfsweb.tamu.edu\/es\/tree-care\/salud-de-los-arboles\/insectos\/polilla-de-la-luna\/\",\"name\":\"Polilla de la Luna - Servicio Forestal Texas A&M\",\"isPartOf\":{\"@id\":\"https:\/\/tfsweb.tamu.edu\/#website\"},\"primaryImageOfPage\":{\"@id\":\"https:\/\/tfsweb.tamu.edu\/es\/tree-care\/salud-de-los-arboles\/insectos\/polilla-de-la-luna\/#primaryimage\"},\"image\":{\"@id\":\"https:\/\/tfsweb.tamu.edu\/es\/tree-care\/salud-de-los-arboles\/insectos\/polilla-de-la-luna\/#primaryimage\"},\"thumbnailUrl\":\"https:\/\/tfsweb.tamu.edu\/wp-content\/uploads\/2025\/03\/Luna-moth-caterpillar-stage_Chris-Evans.jpg\",\"datePublished\":\"2024-10-14T15:51:02+00:00\",\"dateModified\":\"2025-04-23T19:07:05+00:00\",\"breadcrumb\":{\"@id\":\"https:\/\/tfsweb.tamu.edu\/es\/tree-care\/salud-de-los-arboles\/insectos\/polilla-de-la-luna\/#breadcrumb\"},\"inLanguage\":\"es\",\"potentialAction\":[{\"@type\":\"ReadAction\",\"target\":[\"https:\/\/tfsweb.tamu.edu\/es\/tree-care\/salud-de-los-arboles\/insectos\/polilla-de-la-luna\/\"]}]},{\"@type\":\"ImageObject\",\"inLanguage\":\"es\",\"@id\":\"https:\/\/tfsweb.tamu.edu\/es\/tree-care\/salud-de-los-arboles\/insectos\/polilla-de-la-luna\/#primaryimage\",\"url\":\"https:\/\/tfsweb.tamu.edu\/wp-content\/uploads\/2025\/03\/Luna-moth-caterpillar-stage_Chris-Evans.jpg\",\"contentUrl\":\"https:\/\/tfsweb.tamu.edu\/wp-content\/uploads\/2025\/03\/Luna-moth-caterpillar-stage_Chris-Evans.jpg\"},{\"@type\":\"BreadcrumbList\",\"@id\":\"https:\/\/tfsweb.tamu.edu\/es\/tree-care\/salud-de-los-arboles\/insectos\/polilla-de-la-luna\/#breadcrumb\",\"itemListElement\":[{\"@type\":\"ListItem\",\"position\":1,\"name\":\"Home\",\"item\":\"https:\/\/tfsweb.tamu.edu\/es\/pagina-principal\/\"},{\"@type\":\"ListItem\",\"position\":2,\"name\":\"\u00c1rboles\",\"item\":\"https:\/\/tfsweb.tamu.edu\/es\/tree-care\/\"},{\"@type\":\"ListItem\",\"position\":3,\"name\":\"Salud de los \u00e1rboles\",\"item\":\"https:\/\/tfsweb.tamu.edu\/es\/tree-care\/salud-de-los-arboles\/\"},{\"@type\":\"ListItem\",\"position\":4,\"name\":\"Insectos\",\"item\":\"https:\/\/tfsweb.tamu.edu\/es\/tree-care\/salud-de-los-arboles\/insectos\/\"},{\"@type\":\"ListItem\",\"position\":5,\"name\":\"Polilla de la Luna\"}]},{\"@type\":\"WebSite\",\"@id\":\"https:\/\/tfsweb.tamu.edu\/#website\",\"url\":\"https:\/\/tfsweb.tamu.edu\/\",\"name\":\"Servicio Forestal Texas A&M\",\"description\":\"\",\"potentialAction\":[{\"@type\":\"SearchAction\",\"target\":{\"@type\":\"EntryPoint\",\"urlTemplate\":\"https:\/\/tfsweb.tamu.edu\/?s={search_term_string}\"},\"query-input\":{\"@type\":\"PropertyValueSpecification\",\"valueRequired\":true,\"valueName\":\"search_term_string\"}}],\"inLanguage\":\"es\"}]}<\/script>\n<!-- \/ Yoast SEO plugin. -->","yoast_head_json":{"title":"Polilla de la Luna - Servicio Forestal Texas A&M","robots":{"index":"index","follow":"follow","max-snippet":"max-snippet:-1","max-image-preview":"max-image-preview:large","max-video-preview":"max-video-preview:-1"},"canonical":"https:\/\/tfsweb.tamu.edu\/es\/tree-care\/salud-de-los-arboles\/insectos\/polilla-de-la-luna\/","og_locale":"es_ES","og_type":"article","og_title":"Polilla de la Luna - Servicio Forestal Texas A&M","og_description":"La polilla de la luna (Actias luna) es una de las polillas de seda m\u00e1s hermosas que se encuentran en Am\u00e9rica del Norte. Las polillas de la luna no se consideran plagas. Sus larvas, que son orugas grandes, no suelen crecer lo suficiente como para causar un da\u00f1o significativo a los hu\u00e9spedes. Ciclo vital Etapa [&hellip;]","og_url":"https:\/\/tfsweb.tamu.edu\/es\/tree-care\/salud-de-los-arboles\/insectos\/polilla-de-la-luna\/","og_site_name":"Servicio Forestal Texas A&M","article_modified_time":"2025-04-23T19:07:05+00:00","og_image":[{"width":800,"height":533,"url":"https:\/\/tfsweb.tamu.edu\/wp-content\/uploads\/2025\/03\/Luna-moth-caterpillar-stage_Chris-Evans.jpg","type":"image\/jpeg"}],"twitter_card":"summary_large_image","twitter_misc":{"Est. reading time":"4 minutos"},"schema":{"@context":"https:\/\/schema.org","@graph":[{"@type":"WebPage","@id":"https:\/\/tfsweb.tamu.edu\/es\/tree-care\/salud-de-los-arboles\/insectos\/polilla-de-la-luna\/","url":"https:\/\/tfsweb.tamu.edu\/es\/tree-care\/salud-de-los-arboles\/insectos\/polilla-de-la-luna\/","name":"Polilla de la Luna - Servicio Forestal Texas A&M","isPartOf":{"@id":"https:\/\/tfsweb.tamu.edu\/#website"},"primaryImageOfPage":{"@id":"https:\/\/tfsweb.tamu.edu\/es\/tree-care\/salud-de-los-arboles\/insectos\/polilla-de-la-luna\/#primaryimage"},"image":{"@id":"https:\/\/tfsweb.tamu.edu\/es\/tree-care\/salud-de-los-arboles\/insectos\/polilla-de-la-luna\/#primaryimage"},"thumbnailUrl":"https:\/\/tfsweb.tamu.edu\/wp-content\/uploads\/2025\/03\/Luna-moth-caterpillar-stage_Chris-Evans.jpg","datePublished":"2024-10-14T15:51:02+00:00","dateModified":"2025-04-23T19:07:05+00:00","breadcrumb":{"@id":"https:\/\/tfsweb.tamu.edu\/es\/tree-care\/salud-de-los-arboles\/insectos\/polilla-de-la-luna\/#breadcrumb"},"inLanguage":"es","potentialAction":[{"@type":"ReadAction","target":["https:\/\/tfsweb.tamu.edu\/es\/tree-care\/salud-de-los-arboles\/insectos\/polilla-de-la-luna\/"]}]},{"@type":"ImageObject","inLanguage":"es","@id":"https:\/\/tfsweb.tamu.edu\/es\/tree-care\/salud-de-los-arboles\/insectos\/polilla-de-la-luna\/#primaryimage","url":"https:\/\/tfsweb.tamu.edu\/wp-content\/uploads\/2025\/03\/Luna-moth-caterpillar-stage_Chris-Evans.jpg","contentUrl":"https:\/\/tfsweb.tamu.edu\/wp-content\/uploads\/2025\/03\/Luna-moth-caterpillar-stage_Chris-Evans.jpg"},{"@type":"BreadcrumbList","@id":"https:\/\/tfsweb.tamu.edu\/es\/tree-care\/salud-de-los-arboles\/insectos\/polilla-de-la-luna\/#breadcrumb","itemListElement":[{"@type":"ListItem","position":1,"name":"Home","item":"https:\/\/tfsweb.tamu.edu\/es\/pagina-principal\/"},{"@type":"ListItem","position":2,"name":"\u00c1rboles","item":"https:\/\/tfsweb.tamu.edu\/es\/tree-care\/"},{"@type":"ListItem","position":3,"name":"Salud de los \u00e1rboles","item":"https:\/\/tfsweb.tamu.edu\/es\/tree-care\/salud-de-los-arboles\/"},{"@type":"ListItem","position":4,"name":"Insectos","item":"https:\/\/tfsweb.tamu.edu\/es\/tree-care\/salud-de-los-arboles\/insectos\/"},{"@type":"ListItem","position":5,"name":"Polilla de la Luna"}]},{"@type":"WebSite","@id":"https:\/\/tfsweb.tamu.edu\/#website","url":"https:\/\/tfsweb.tamu.edu\/","name":"Servicio Forestal Texas A&M","description":"","potentialAction":[{"@type":"SearchAction","target":{"@type":"EntryPoint","urlTemplate":"https:\/\/tfsweb.tamu.edu\/?s={search_term_string}"},"query-input":{"@type":"PropertyValueSpecification","valueRequired":true,"valueName":"search_term_string"}}],"inLanguage":"es"}]}},"_links":{"self":[{"href":"https:\/\/tfsweb.tamu.edu\/es\/wp-json\/wp\/v2\/pages\/18219","targetHints":{"allow":["GET"]}}],"collection":[{"href":"https:\/\/tfsweb.tamu.edu\/es\/wp-json\/wp\/v2\/pages"}],"about":[{"href":"https:\/\/tfsweb.tamu.edu\/es\/wp-json\/wp\/v2\/types\/page"}],"author":[{"embeddable":true,"href":"https:\/\/tfsweb.tamu.edu\/es\/wp-json\/wp\/v2\/users\/35"}],"replies":[{"embeddable":true,"href":"https:\/\/tfsweb.tamu.edu\/es\/wp-json\/wp\/v2\/comments?post=18219"}],"version-history":[{"count":0,"href":"https:\/\/tfsweb.tamu.edu\/es\/wp-json\/wp\/v2\/pages\/18219\/revisions"}],"up":[{"embeddable":true,"href":"https:\/\/tfsweb.tamu.edu\/es\/wp-json\/wp\/v2\/pages\/18058"}],"wp:attachment":[{"href":"https:\/\/tfsweb.tamu.edu\/es\/wp-json\/wp\/v2\/media?parent=18219"}],"wp:term":[{"taxonomy":"category","embeddable":true,"href":"https:\/\/tfsweb.tamu.edu\/es\/wp-json\/wp\/v2\/categories?post=18219"}],"curies":[{"name":"wp","href":"https:\/\/api.w.org\/{rel}","templated":true}]}}