{"id":18223,"date":"2024-10-14T10:51:02","date_gmt":"2024-10-14T16:51:02","guid":{"rendered":"https:\/\/tfsweb.tamu.edu\/educacion-y-divulgacion\/ensenanza-de-los-recursos-naturales\/actividades-para-la-primera-infancia\/"},"modified":"2025-04-23T13:07:06","modified_gmt":"2025-04-23T19:07:06","slug":"actividades-para-la-primera-infancia","status":"publish","type":"page","link":"https:\/\/tfsweb.tamu.edu\/es\/educacion-y-divulgacion\/ensenanza-de-los-recursos-naturales\/actividades-para-la-primera-infancia\/","title":{"rendered":"Actividades para la primera infancia"},"content":{"rendered":"\n\n\n\n<header\n      data-tw-theme=\"tan-300\"      data-nc-component=\"flex-page-header\"\n            class=\"component-wrapper wysiwyg-embed \"\n    \n>\n  <div class=\"\n    full-bleed-outer\n        theme-any:bg-theme-bg-color\n    theme-any:text-theme-text-color\n         vertical-rhythm-standard theme-not-default:my-0 with-sidebar-up:theme-not-default:my-vertical-space with-sidebar-up-first:theme-not-default:mt-0 with-sidebar-up-last:theme-not-default:mb-0\n      \n    relative\n  \">\n\n    <div class=\"full-bleed-inner\">\n\n      \n            <div class=\"relative conditional-container theme-not-default:container\">\n\n        <div class=\"\n          flex flex-col space-y-8\n          \n          \n        \">\n          \n                      <div class=\"\">\n              <div class=\"\">  <div class=\"grid grid-cols-1 lg:grid-cols-2\">\n    <div class=\"relative flex items-center py-vertical-space-padding lg:[--vertical-space-padding:8rem]\">\n            <div class=\"relative space-y-6 lg:pr-12 lg:max-w-lg\">\n        <div>\n          \n\n  \n \n     \n     \n     \n     \n                    \n\n   \n\n  <h1 class=\"text-theme-heading-color [&#038;_a:not(.fancy-link)]:underline [&#038;_a:not(.fancy-link)]:text-theme-fancy-link-color hocus:[&#038;_a:not(.fancy-link)]:text-theme-fancy-link-hocus-color  font-normal font-display leading-[1.15] uppercase first-line:overline first-line:decoration-2 first-line:decoration-theme-accent-color text-4xl sm:text-size-5xl md:text-[calc(64rem\/16)]\" >Actividades para la primera infancia<\/h1>\n\n        <\/div>\n\n              <\/div>\n    <\/div>\n\n          <div class=\"\n        print:hidden\n        descendants:w-full descendants:h-full [&#038;_img]:object-cover\n        -mx-container-offset lg:ml-0\n      \">\n        <picture><img loading=\"lazy\" decoding=\"async\" width=\"1024\" height=\"768\" src=\"https:\/\/tfsweb.tamu.edu\/wp-content\/uploads\/2025\/02\/children-1024x768.jpg\" class=\"attachment-large size-large\" alt=\"Ni\u00f1os posando para una foto en un evento donde aprenden sobre los \u00e1rboles\" srcset=\"https:\/\/tfsweb.tamu.edu\/wp-content\/uploads\/2025\/02\/children-1024x768.jpg 1024w, https:\/\/tfsweb.tamu.edu\/wp-content\/uploads\/2025\/02\/children-300x225.jpg 300w, https:\/\/tfsweb.tamu.edu\/wp-content\/uploads\/2025\/02\/children-768x576.jpg 768w, https:\/\/tfsweb.tamu.edu\/wp-content\/uploads\/2025\/02\/children.jpg 1200w\" sizes=\"auto, (max-width: 1024px) 100vw, 1024px\" \/><\/picture>\n      <\/div>\n      <\/div>\n<\/div>\n            <\/div>\n          \n          \n        <\/div>\n      <\/div>\n    <\/div>\n  <\/div>\n<\/header>\n\n<h2 class=\"wp-block-heading\">Explora la naturaleza con j\u00f3venes estudiantes  <\/h2>\n\n<p>Las actividades para la primera infancia ofrecen experiencias pr\u00e1cticas basadas en el juego dise\u00f1adas para inspirar curiosidad y fomentar el desarrollo en los ni\u00f1os peque\u00f1os. Desde el juego sensorial hasta la narraci\u00f3n de cuentos y la exploraci\u00f3n al aire libre, estas actividades fortalecen las habilidades cognitivas, motoras, sociales y emocionales mientras construyen una conexi\u00f3n con el mundo natural que sus peque\u00f1os llevar\u00e1n consigo a medida que crezcan.   <\/p>\n\n<p>Un respeto y amor saludable por nuestro medio ambiente comienza en los primeros a\u00f1os durante las ventanas cr\u00edticas de desarrollo del cerebro que ocurren desde el nacimiento hasta los siete a\u00f1os de edad. Este respeto y relaci\u00f3n personal con la naturaleza es un factor esencial en la determinaci\u00f3n de actitudes y comportamientos ambientales a lo largo de la juventud y la edad adulta.   <\/p>\n\n<h2 class=\"wp-block-heading\">Tipos de actividades en la naturaleza para la primera infancia  <\/h2>\n\n<p>Es importante apoyar el desarrollo temprano de su hijo en las siguientes \u00e1reas. Incluir la naturaleza, tanto en interiores como en exteriores, brinda oportunidades para que los ni\u00f1os se relacionen con otros, establezcan relaciones y aumenten su confianza mientras aprenden a navegar por el mundo que los rodea.   <\/p>\n\n<ul class=\"wp-block-list\">\n<li><strong>Physical development<\/strong>&nbsp;<br>Activities like outdoor play and movement, nature walks, and building with natural materials enhance both gross and fine motor skills.&nbsp;\n<ul class=\"wp-block-list\">\n<li><em>Ejemplo de actividad<\/em>: Los ni\u00f1os pueden construir estructuras con palos, trepar por obst\u00e1culos naturales o participar en actividades de jardiner\u00eda, que combinan la actividad f\u00edsica con la exposici\u00f3n al entorno natural.  <\/li>\n<\/ul>\n<\/li>\n\n\n\n<li><strong>Cognitive development<\/strong>&nbsp;<br>Activities such as puzzles, sensory games, and simple science experiments encourage critical thinking and curiosity about the environment.&nbsp;\n<ul class=\"wp-block-list\">\n<li><em>Ejemplo de actividad<\/em>: Observar c\u00f3mo crecen las plantas, examinar la corteza o las hojas de los \u00e1rboles e identificar la vida silvestre introduce a los ni\u00f1os a las relaciones de causa y efecto y a la resoluci\u00f3n de problemas a trav\u00e9s de la exploraci\u00f3n pr\u00e1ctica.  <\/li>\n<\/ul>\n<\/li>\n\n\n\n<li><strong>Language and literacy development<\/strong>&nbsp;<br>Storytelling, reading, singing, and interactive discussions with nature-based themes help children improve communication and language skills while fostering a connection to trees and forests.&nbsp;\n<ul class=\"wp-block-list\">\n<li><em>Ejemplo de actividad<\/em>: Leer libros sobre la vida de un \u00e1rbol o hablar sobre los cambios estacionales durante un paseo puede ayudar a los ni\u00f1os a relacionar el lenguaje con sus observaciones del mundo natural.  <\/li>\n<\/ul>\n<\/li>\n\n\n\n<li><strong>Creative arts<\/strong>&nbsp;<br>Arts, music, drama, and imaginative play foster creativity and self-expression while incorporating elements of nature.&nbsp;\n<ul class=\"wp-block-list\">\n<li><em>Ejemplo de actividad<\/em>: Los ni\u00f1os pueden crear arte usando hojas, flores y otros materiales naturales o representar escenarios con temas del bosque, como simular ser animales del bosque o exploradores.  <\/li>\n<\/ul>\n<\/li>\n\n\n\n<li><strong>Social and emotional development<\/strong>&nbsp;<br>Nature-rich environments provide calm, low-stimulation settings that encourage emotional regulation, engagement, and confidence-building. In these environments, young learners are better equipped to navigate new social dynamics and interact cooperatively.&nbsp;\n<ul class=\"wp-block-list\">\n<li><em>Ejemplo de actividad<\/em>: Los ni\u00f1os pueden trabajar juntos para plantar un jard\u00edn o practicar controles sensoriales sencillos y actividades de atenci\u00f3n plena.  <\/li>\n<\/ul>\n<\/li>\n<\/ul>\n\n<h2 class=\"wp-block-heading\">Plan de estudios y lecciones<\/h2>\n\n<h3 class=\"wp-block-heading\">\u00c1rbol de Aprendizaje del Proyecto: Los \u00e1rboles y yo  <\/h3>\n\n<p>Descubra la gu\u00eda del curr\u00edculo para la primera infancia de Project Learning Tree, <a href=\"https:\/\/www.plt.org\/curriculum\/preschool-learning-experiences-trees-nature\/\" target=\"_blank\" rel=\"noreferrer noopener\"><em>Trees &amp; Me<\/em><\/a>, dise\u00f1ada para inspirar a los ni\u00f1os de 1 a 6 a\u00f1os a conectarse con la naturaleza a trav\u00e9s de actividades divertidas y pr\u00e1cticas. Desde la exploraci\u00f3n al aire libre hasta las artes creativas y la narraci\u00f3n de historias, esta gu\u00eda ayuda a los cuidadores y educadores a alimentar la curiosidad y fomentar un aprecio de por vida por los \u00e1rboles y los bosques.   <\/p>\n\n<h3 class=\"wp-block-heading\">\u00c1rboles sanos, yo sano  <\/h3>\n\n<p>Explore el plan de estudios de la primera infancia <em><a href=\"https:\/\/www.plt.org\/curriculum\/preschool-learning-experiences-trees-nature\/\" target=\"_blank\" rel=\"noreferrer noopener\">Healthy Trees, Healthy Me<\/a><\/em> , dise\u00f1ado para ayudar a los ni\u00f1os peque\u00f1os a desarrollar una conexi\u00f3n m\u00e1s profunda con la naturaleza y comprender el importante papel que desempe\u00f1an los \u00e1rboles para mantenernos saludables. A trav\u00e9s de actividades pr\u00e1cticas y atractivas, los ni\u00f1os aprender\u00e1n c\u00f3mo los \u00e1rboles contribuyen al aire limpio, la sombra, los alimentos y el bienestar general. El plan de estudios proporciona recursos para padres, cuidadores y educadores para guiar a los ni\u00f1os de 3 a 6 a\u00f1os en el desarrollo de empat\u00eda por el mundo natural, la creaci\u00f3n de h\u00e1bitos saludables y el fomento de un sentido de responsabilidad para proteger nuestro medio ambiente.    <\/p>\n\n<h2 class=\"wp-block-heading\">Otras formas de empezar  <\/h2>\n\n<ul class=\"wp-block-list\">\n<li><strong>Ll\u00e9valos al aire libre<\/strong> <br\/>Organice caminatas por la naturaleza y b\u00fasquedas del tesoro o deje que los ni\u00f1os exploren texturas como la corteza y las hojas de los \u00e1rboles. <br\/><em>Ejemplo<\/em>: B\u00fasquedas del tesoro de colores, formas y texturas, como encontrar piedras redondas, hojas verdes o algo blando.  <\/li>\n<\/ul>\n\n<ul class=\"wp-block-list\">\n<li><strong>Creatividad pr\u00e1ctica<\/strong> <br\/>Pruebe frotar las hojas, impresionar la corteza o hacer arte en los \u00e1rboles con materiales naturales. <br\/><em>Ejemplo<\/em>: Ni\u00f1o peque\u00f1o que usa hojas de oto\u00f1o, bellotas y pi\u00f1as para hacer manualidades.  <\/li>\n<\/ul>\n\n<ul class=\"wp-block-list\">\n<li><strong>Cuentos y libros<\/strong> <br\/>Lee libros y comparte historias sobre \u00e1rboles y bosques para despertar la imaginaci\u00f3n. Echa un vistazo a nuestra <a href=\"https:\/\/tfsweb.tamu.edu\/wp-content\/uploads\/2025\/02\/Recommended-Reading-List.pdf\" target=\"_blank\" rel=\"noreferrer noopener\">lista de lecturas recomendadas<\/a>.   <\/li>\n<\/ul>\n\n<ul class=\"wp-block-list\">\n<li><strong>Plantar algo juntos<\/strong> <br\/>Involucre a los ni\u00f1os en la plantaci\u00f3n de \u00e1rboles o jardines para ense\u00f1arles cuidado y responsabilidad a trav\u00e9s <a href=\"https:\/\/tfsweb.tamu.edu\/wp-content\/uploads\/2024\/10\/Seedling-Planting-Guide-TAD22_Bilingual-Handout.pdf\" target=\"_blank\" rel=\"noreferrer noopener\">de nuestra p\u00e1gina para colorear de la gu\u00eda de plantaci\u00f3n de \u00e1rboles<\/a>.  <\/li>\n<\/ul>\n\n<ul class=\"wp-block-list\">\n<li><strong>Abraza el clima<\/strong> <br\/>En Texas, no existe el mal tiempo. Solo gente desprevenida. Interactuar con diferentes climas proporciona experiencias de conexi\u00f3n \u00fanicas, inspira alegr\u00eda y asombro, y nos ayuda a estar m\u00e1s en sinton\u00eda con nuestro entorno. Vestidos en consecuencia, se anima a los ni\u00f1os peque\u00f1os a explorar la lluvia.     <\/li>\n<\/ul>\n\n<ul class=\"wp-block-list\">\n<li><strong>Diversi\u00f3n de temporada<\/strong> <br\/>Recoja hojas en oto\u00f1o, observe los brotes en primavera o disfrute de la sombra de un \u00e1rbol en verano. Estas actividades ayudan a los ni\u00f1os a comprender y desarrollar habilidades tempranas de STEM, como notar los cambios de estaci\u00f3n y los ciclos de la naturaleza.   <\/li>\n<\/ul>\n\n<ul class=\"wp-block-list\">\n<li><strong>Eventos comunitarios<\/strong> <br\/>\u00danase a los d\u00edas locales de plantaci\u00f3n de \u00e1rboles o a las limpiezas de la naturaleza para ense\u00f1ar a trabajar en equipo y a ser mayordom\u00eda. <br\/><em>Ejemplo<\/em>: Participe en los eventos <a href=\"https:\/\/tfsweb.tamu.edu\/es\/sobre-nosotros\/news\/dia-del-arbol-de-texas\/\" data-type=\"page\" data-id=\"8548\">del D\u00eda del \u00c1rbol de Texas<\/a> para tener oportunidades de conectarse con su comunidad y conectar el conocimiento con la acci\u00f3n a una edad temprana.  <\/li>\n<\/ul>\n\n<ul class=\"wp-block-list\">\n<li><strong>Juego creativo<\/strong> <br\/>Instale una estaci\u00f3n de juego dram\u00e1tico en casa o en su sal\u00f3n de clases que fomente el juego de simulaci\u00f3n con el bosque o con productos del bosque. Use disfraces o accesorios simples para ayudar a los peque\u00f1os a aprender sobre diferentes carreras en trabajos ecol\u00f3gicos, como silvicultor o guardabosques, cient\u00edfico forestal o bombero forestal.   <\/li>\n<\/ul>\n","protected":false},"excerpt":{"rendered":"<p>Explora la naturaleza con j\u00f3venes estudiantes Las actividades para la primera infancia ofrecen experiencias pr\u00e1cticas basadas en el juego dise\u00f1adas para inspirar curiosidad y fomentar el desarrollo en los ni\u00f1os peque\u00f1os. Desde el juego sensorial hasta la narraci\u00f3n de cuentos y la exploraci\u00f3n al aire libre, estas actividades fortalecen las habilidades cognitivas, motoras, sociales y [&hellip;]<\/p>\n","protected":false},"author":35,"featured_media":0,"parent":18084,"menu_order":1,"comment_status":"closed","ping_status":"closed","template":"","meta":{"_acf_changed":false,"_relevanssi_hide_post":"","_relevanssi_hide_content":"","_relevanssi_pin_for_all":"","_relevanssi_pin_keywords":"","_relevanssi_unpin_keywords":"","_relevanssi_related_keywords":"","_relevanssi_related_include_ids":"","_relevanssi_related_exclude_ids":"","_relevanssi_related_no_append":"","_relevanssi_related_not_related":"","_relevanssi_related_posts":"","_relevanssi_noindex_reason":"","footnotes":""},"categories":[165],"class_list":["post-18223","page","type-page","status-publish","hentry","category-educacion"],"acf":[],"yoast_head":"<!-- This site is optimized with the Yoast SEO plugin v26.7 - https:\/\/yoast.com\/wordpress\/plugins\/seo\/ -->\n<title>Actividades para la primera infancia - Servicio Forestal Texas A&amp;M<\/title>\n<meta name=\"robots\" content=\"index, follow, max-snippet:-1, max-image-preview:large, max-video-preview:-1\" \/>\n<link rel=\"canonical\" href=\"https:\/\/tfsweb.tamu.edu\/es\/educacion-y-divulgacion\/ensenanza-de-los-recursos-naturales\/actividades-para-la-primera-infancia\/\" \/>\n<meta property=\"og:locale\" content=\"es_ES\" \/>\n<meta property=\"og:type\" content=\"article\" \/>\n<meta property=\"og:title\" content=\"Actividades para la primera infancia - Servicio Forestal Texas A&amp;M\" \/>\n<meta property=\"og:description\" content=\"Explora la naturaleza con j\u00f3venes estudiantes Las actividades para la primera infancia ofrecen experiencias pr\u00e1cticas basadas en el juego dise\u00f1adas para inspirar curiosidad y fomentar el desarrollo en los ni\u00f1os peque\u00f1os. Desde el juego sensorial hasta la narraci\u00f3n de cuentos y la exploraci\u00f3n al aire libre, estas actividades fortalecen las habilidades cognitivas, motoras, sociales y [&hellip;]\" \/>\n<meta property=\"og:url\" content=\"https:\/\/tfsweb.tamu.edu\/es\/educacion-y-divulgacion\/ensenanza-de-los-recursos-naturales\/actividades-para-la-primera-infancia\/\" \/>\n<meta property=\"og:site_name\" content=\"Servicio Forestal Texas A&amp;M\" \/>\n<meta property=\"article:modified_time\" content=\"2025-04-23T19:07:06+00:00\" \/>\n<meta name=\"twitter:card\" content=\"summary_large_image\" \/>\n<meta name=\"twitter:label1\" content=\"Est. reading time\" \/>\n\t<meta name=\"twitter:data1\" content=\"6 minutos\" \/>\n<script type=\"application\/ld+json\" class=\"yoast-schema-graph\">{\"@context\":\"https:\/\/schema.org\",\"@graph\":[{\"@type\":\"WebPage\",\"@id\":\"https:\/\/tfsweb.tamu.edu\/es\/educacion-y-divulgacion\/ensenanza-de-los-recursos-naturales\/actividades-para-la-primera-infancia\/\",\"url\":\"https:\/\/tfsweb.tamu.edu\/es\/educacion-y-divulgacion\/ensenanza-de-los-recursos-naturales\/actividades-para-la-primera-infancia\/\",\"name\":\"Actividades para la primera infancia - Servicio Forestal Texas A&M\",\"isPartOf\":{\"@id\":\"https:\/\/tfsweb.tamu.edu\/#website\"},\"datePublished\":\"2024-10-14T16:51:02+00:00\",\"dateModified\":\"2025-04-23T19:07:06+00:00\",\"breadcrumb\":{\"@id\":\"https:\/\/tfsweb.tamu.edu\/es\/educacion-y-divulgacion\/ensenanza-de-los-recursos-naturales\/actividades-para-la-primera-infancia\/#breadcrumb\"},\"inLanguage\":\"es\",\"potentialAction\":[{\"@type\":\"ReadAction\",\"target\":[\"https:\/\/tfsweb.tamu.edu\/es\/educacion-y-divulgacion\/ensenanza-de-los-recursos-naturales\/actividades-para-la-primera-infancia\/\"]}]},{\"@type\":\"BreadcrumbList\",\"@id\":\"https:\/\/tfsweb.tamu.edu\/es\/educacion-y-divulgacion\/ensenanza-de-los-recursos-naturales\/actividades-para-la-primera-infancia\/#breadcrumb\",\"itemListElement\":[{\"@type\":\"ListItem\",\"position\":1,\"name\":\"Home\",\"item\":\"https:\/\/tfsweb.tamu.edu\/es\/pagina-principal\/\"},{\"@type\":\"ListItem\",\"position\":2,\"name\":\"Educaci\u00f3n y Divulgaci\u00f3n\",\"item\":\"https:\/\/tfsweb.tamu.edu\/es\/educacion-y-divulgacion\/\"},{\"@type\":\"ListItem\",\"position\":3,\"name\":\"Ense\u00f1anza de los Recursos Naturales\",\"item\":\"https:\/\/tfsweb.tamu.edu\/es\/educacion-y-divulgacion\/ensenanza-de-los-recursos-naturales\/\"},{\"@type\":\"ListItem\",\"position\":4,\"name\":\"Actividades para la primera infancia\"}]},{\"@type\":\"WebSite\",\"@id\":\"https:\/\/tfsweb.tamu.edu\/#website\",\"url\":\"https:\/\/tfsweb.tamu.edu\/\",\"name\":\"Servicio Forestal Texas A&M\",\"description\":\"\",\"potentialAction\":[{\"@type\":\"SearchAction\",\"target\":{\"@type\":\"EntryPoint\",\"urlTemplate\":\"https:\/\/tfsweb.tamu.edu\/?s={search_term_string}\"},\"query-input\":{\"@type\":\"PropertyValueSpecification\",\"valueRequired\":true,\"valueName\":\"search_term_string\"}}],\"inLanguage\":\"es\"}]}<\/script>\n<!-- \/ Yoast SEO plugin. -->","yoast_head_json":{"title":"Actividades para la primera infancia - Servicio Forestal Texas A&M","robots":{"index":"index","follow":"follow","max-snippet":"max-snippet:-1","max-image-preview":"max-image-preview:large","max-video-preview":"max-video-preview:-1"},"canonical":"https:\/\/tfsweb.tamu.edu\/es\/educacion-y-divulgacion\/ensenanza-de-los-recursos-naturales\/actividades-para-la-primera-infancia\/","og_locale":"es_ES","og_type":"article","og_title":"Actividades para la primera infancia - Servicio Forestal Texas A&M","og_description":"Explora la naturaleza con j\u00f3venes estudiantes Las actividades para la primera infancia ofrecen experiencias pr\u00e1cticas basadas en el juego dise\u00f1adas para inspirar curiosidad y fomentar el desarrollo en los ni\u00f1os peque\u00f1os. Desde el juego sensorial hasta la narraci\u00f3n de cuentos y la exploraci\u00f3n al aire libre, estas actividades fortalecen las habilidades cognitivas, motoras, sociales y [&hellip;]","og_url":"https:\/\/tfsweb.tamu.edu\/es\/educacion-y-divulgacion\/ensenanza-de-los-recursos-naturales\/actividades-para-la-primera-infancia\/","og_site_name":"Servicio Forestal Texas A&M","article_modified_time":"2025-04-23T19:07:06+00:00","twitter_card":"summary_large_image","twitter_misc":{"Est. reading time":"6 minutos"},"schema":{"@context":"https:\/\/schema.org","@graph":[{"@type":"WebPage","@id":"https:\/\/tfsweb.tamu.edu\/es\/educacion-y-divulgacion\/ensenanza-de-los-recursos-naturales\/actividades-para-la-primera-infancia\/","url":"https:\/\/tfsweb.tamu.edu\/es\/educacion-y-divulgacion\/ensenanza-de-los-recursos-naturales\/actividades-para-la-primera-infancia\/","name":"Actividades para la primera infancia - Servicio Forestal Texas A&M","isPartOf":{"@id":"https:\/\/tfsweb.tamu.edu\/#website"},"datePublished":"2024-10-14T16:51:02+00:00","dateModified":"2025-04-23T19:07:06+00:00","breadcrumb":{"@id":"https:\/\/tfsweb.tamu.edu\/es\/educacion-y-divulgacion\/ensenanza-de-los-recursos-naturales\/actividades-para-la-primera-infancia\/#breadcrumb"},"inLanguage":"es","potentialAction":[{"@type":"ReadAction","target":["https:\/\/tfsweb.tamu.edu\/es\/educacion-y-divulgacion\/ensenanza-de-los-recursos-naturales\/actividades-para-la-primera-infancia\/"]}]},{"@type":"BreadcrumbList","@id":"https:\/\/tfsweb.tamu.edu\/es\/educacion-y-divulgacion\/ensenanza-de-los-recursos-naturales\/actividades-para-la-primera-infancia\/#breadcrumb","itemListElement":[{"@type":"ListItem","position":1,"name":"Home","item":"https:\/\/tfsweb.tamu.edu\/es\/pagina-principal\/"},{"@type":"ListItem","position":2,"name":"Educaci\u00f3n y Divulgaci\u00f3n","item":"https:\/\/tfsweb.tamu.edu\/es\/educacion-y-divulgacion\/"},{"@type":"ListItem","position":3,"name":"Ense\u00f1anza de los Recursos Naturales","item":"https:\/\/tfsweb.tamu.edu\/es\/educacion-y-divulgacion\/ensenanza-de-los-recursos-naturales\/"},{"@type":"ListItem","position":4,"name":"Actividades para la primera infancia"}]},{"@type":"WebSite","@id":"https:\/\/tfsweb.tamu.edu\/#website","url":"https:\/\/tfsweb.tamu.edu\/","name":"Servicio Forestal Texas A&M","description":"","potentialAction":[{"@type":"SearchAction","target":{"@type":"EntryPoint","urlTemplate":"https:\/\/tfsweb.tamu.edu\/?s={search_term_string}"},"query-input":{"@type":"PropertyValueSpecification","valueRequired":true,"valueName":"search_term_string"}}],"inLanguage":"es"}]}},"_links":{"self":[{"href":"https:\/\/tfsweb.tamu.edu\/es\/wp-json\/wp\/v2\/pages\/18223","targetHints":{"allow":["GET"]}}],"collection":[{"href":"https:\/\/tfsweb.tamu.edu\/es\/wp-json\/wp\/v2\/pages"}],"about":[{"href":"https:\/\/tfsweb.tamu.edu\/es\/wp-json\/wp\/v2\/types\/page"}],"author":[{"embeddable":true,"href":"https:\/\/tfsweb.tamu.edu\/es\/wp-json\/wp\/v2\/users\/35"}],"replies":[{"embeddable":true,"href":"https:\/\/tfsweb.tamu.edu\/es\/wp-json\/wp\/v2\/comments?post=18223"}],"version-history":[{"count":0,"href":"https:\/\/tfsweb.tamu.edu\/es\/wp-json\/wp\/v2\/pages\/18223\/revisions"}],"up":[{"embeddable":true,"href":"https:\/\/tfsweb.tamu.edu\/es\/wp-json\/wp\/v2\/pages\/18084"}],"wp:attachment":[{"href":"https:\/\/tfsweb.tamu.edu\/es\/wp-json\/wp\/v2\/media?parent=18223"}],"wp:term":[{"taxonomy":"category","embeddable":true,"href":"https:\/\/tfsweb.tamu.edu\/es\/wp-json\/wp\/v2\/categories?post=18223"}],"curies":[{"name":"wp","href":"https:\/\/api.w.org\/{rel}","templated":true}]}}